{"id":18752,"date":"2025-03-20T14:40:02","date_gmt":"2025-03-20T13:40:02","guid":{"rendered":"https:\/\/mdbouwmachines.be\/product\/mk8-75-barikell-2\/"},"modified":"2025-06-23T12:29:21","modified_gmt":"2025-06-23T11:29:21","slug":"mk8-75-barikell-2","status":"publish","type":"product","link":"https:\/\/mdbouwmachines.be\/pl\/produkt\/mk8-75-barikell-2\/","title":{"rendered":"MK8-75 Barikell"},"content":{"rendered":"","protected":false},"excerpt":{"rendered":"<p>Pi\u0119kny stan MK8-75 Barikell z Vanguard 18HP.<\/p>\n<p>Wyposa\u017cony w o\u015bwietlenie LED, przepustnic\u0119 no\u017cn\u0105, zestaw prze\u0142o\u017ce\u0144, centralny hak do podnoszenia,&#8230; PE\u0141NA OPCJA! <\/p>\n<p>Jest dla os\u00f3b szybko podejmuj\u0105cych decyzje!<\/p>\n","protected":false},"featured_media":18563,"template":"","meta":{"_acf_changed":false},"product_brand":[],"product_cat":[947],"product_tag":[],"class_list":{"0":"post-18752","1":"product","2":"type-product","3":"status-publish","4":"has-post-thumbnail","6":"product_cat-druga-szansa","8":"first","9":"outofstock","10":"taxable","11":"shipping-taxable","12":"purchasable","13":"product-type-simple"},"acf":[],"_links":{"self":[{"href":"https:\/\/mdbouwmachines.be\/pl\/wp-json\/wp\/v2\/product\/18752","targetHints":{"allow":["GET"]}}],"collection":[{"href":"https:\/\/mdbouwmachines.be\/pl\/wp-json\/wp\/v2\/product"}],"about":[{"href":"https:\/\/mdbouwmachines.be\/pl\/wp-json\/wp\/v2\/types\/product"}],"wp:featuredmedia":[{"embeddable":true,"href":"https:\/\/mdbouwmachines.be\/pl\/wp-json\/wp\/v2\/media\/18563"}],"wp:attachment":[{"href":"https:\/\/mdbouwmachines.be\/pl\/wp-json\/wp\/v2\/media?parent=18752"}],"wp:term":[{"taxonomy":"product_brand","embeddable":true,"href":"https:\/\/mdbouwmachines.be\/pl\/wp-json\/wp\/v2\/product_brand?post=18752"},{"taxonomy":"product_cat","embeddable":true,"href":"https:\/\/mdbouwmachines.be\/pl\/wp-json\/wp\/v2\/product_cat?post=18752"},{"taxonomy":"product_tag","embeddable":true,"href":"https:\/\/mdbouwmachines.be\/pl\/wp-json\/wp\/v2\/product_tag?post=18752"}],"curies":[{"name":"wp","href":"https:\/\/api.w.org\/{rel}","templated":true}]}}