{"id":18546,"date":"2025-03-20T14:13:26","date_gmt":"2025-03-20T13:13:26","guid":{"rendered":"https:\/\/mdbouwmachines.be\/product\/pojedyncza-bateria-90-conmec\/"},"modified":"2025-06-23T12:29:12","modified_gmt":"2025-06-23T11:29:12","slug":"pojedyncza-bateria-90-conmec","status":"publish","type":"product","link":"https:\/\/mdbouwmachines.be\/pl\/produkt\/pojedyncza-bateria-90-conmec\/","title":{"rendered":"Pojedyncza bateria 90 CONMEC"},"content":{"rendered":"","protected":false},"excerpt":{"rendered":"<p>Nowy stan pojedynczy 90 Conmec na baterii!<\/p>\n<p>Dzi\u0119ki odnowieniu naszej oferty wynajmu, maszyna ta zostanie wystawiona na sprzeda\u017c.<\/p>\n<p>Jest Conmec 2. generacji, zawiera 2 akumulatory i \u0142adowark\u0119. Maszyna ma oko\u0142o 55 godzin i dzia\u0142a idealnie! <\/p>\n<p>Wyposa\u017cony w nowe ostrza i gotowy na lata u\u017cytkowania!<\/p>\n","protected":false},"featured_media":18557,"template":"","meta":{"_acf_changed":false},"product_brand":[],"product_cat":[947],"product_tag":[],"class_list":{"0":"post-18546","1":"product","2":"type-product","3":"status-publish","4":"has-post-thumbnail","6":"product_cat-druga-szansa","8":"first","9":"outofstock","10":"sale","11":"taxable","12":"shipping-taxable","13":"purchasable","14":"product-type-simple"},"acf":[],"_links":{"self":[{"href":"https:\/\/mdbouwmachines.be\/pl\/wp-json\/wp\/v2\/product\/18546","targetHints":{"allow":["GET"]}}],"collection":[{"href":"https:\/\/mdbouwmachines.be\/pl\/wp-json\/wp\/v2\/product"}],"about":[{"href":"https:\/\/mdbouwmachines.be\/pl\/wp-json\/wp\/v2\/types\/product"}],"wp:featuredmedia":[{"embeddable":true,"href":"https:\/\/mdbouwmachines.be\/pl\/wp-json\/wp\/v2\/media\/18557"}],"wp:attachment":[{"href":"https:\/\/mdbouwmachines.be\/pl\/wp-json\/wp\/v2\/media?parent=18546"}],"wp:term":[{"taxonomy":"product_brand","embeddable":true,"href":"https:\/\/mdbouwmachines.be\/pl\/wp-json\/wp\/v2\/product_brand?post=18546"},{"taxonomy":"product_cat","embeddable":true,"href":"https:\/\/mdbouwmachines.be\/pl\/wp-json\/wp\/v2\/product_cat?post=18546"},{"taxonomy":"product_tag","embeddable":true,"href":"https:\/\/mdbouwmachines.be\/pl\/wp-json\/wp\/v2\/product_tag?post=18546"}],"curies":[{"name":"wp","href":"https:\/\/api.w.org\/{rel}","templated":true}]}}