{"id":18542,"date":"2025-03-20T14:30:26","date_gmt":"2025-03-20T13:30:26","guid":{"rendered":"https:\/\/mdbouwmachines.be\/product\/2-x-bateria-edge-finisher-60-conmec\/"},"modified":"2025-06-23T12:29:16","modified_gmt":"2025-06-23T11:29:16","slug":"2-x-bateria-edge-finisher-60-conmec","status":"publish","type":"product","link":"https:\/\/mdbouwmachines.be\/pl\/produkt\/2-x-bateria-edge-finisher-60-conmec\/","title":{"rendered":"1 x bateria do wyka\u0144czania kraw\u0119dzi 60 CONMEC"},"content":{"rendered":"","protected":false},"excerpt":{"rendered":"<p>2x pojedynczy 60 Conmec na baterii!<\/p>\n<p>Dzi\u0119ki odnowieniu naszej oferty wynajmu, maszyny te zostan\u0105 wystawione na sprzeda\u017c.<\/p>\n<p>Jest Conmec 2. generacji, zawiera 2 akumulatory i \u0142adowark\u0119. Maszyna ma oko\u0142o 80 godzin pracy i dzia\u0142a idealnie! <\/p>\n<p>Wyposa\u017cony w nowe ostrza i gotowy na lata u\u017cytkowania!<br \/>Podana cena jest za sztuk\u0119!<\/p>\n","protected":false},"featured_media":18691,"template":"","meta":{"_acf_changed":false},"product_brand":[],"product_cat":[947],"product_tag":[],"class_list":{"0":"post-18542","1":"product","2":"type-product","3":"status-publish","4":"has-post-thumbnail","6":"product_cat-druga-szansa","8":"first","9":"instock","10":"sale","11":"taxable","12":"shipping-taxable","13":"purchasable","14":"product-type-simple"},"acf":[],"_links":{"self":[{"href":"https:\/\/mdbouwmachines.be\/pl\/wp-json\/wp\/v2\/product\/18542","targetHints":{"allow":["GET"]}}],"collection":[{"href":"https:\/\/mdbouwmachines.be\/pl\/wp-json\/wp\/v2\/product"}],"about":[{"href":"https:\/\/mdbouwmachines.be\/pl\/wp-json\/wp\/v2\/types\/product"}],"wp:featuredmedia":[{"embeddable":true,"href":"https:\/\/mdbouwmachines.be\/pl\/wp-json\/wp\/v2\/media\/18691"}],"wp:attachment":[{"href":"https:\/\/mdbouwmachines.be\/pl\/wp-json\/wp\/v2\/media?parent=18542"}],"wp:term":[{"taxonomy":"product_brand","embeddable":true,"href":"https:\/\/mdbouwmachines.be\/pl\/wp-json\/wp\/v2\/product_brand?post=18542"},{"taxonomy":"product_cat","embeddable":true,"href":"https:\/\/mdbouwmachines.be\/pl\/wp-json\/wp\/v2\/product_cat?post=18542"},{"taxonomy":"product_tag","embeddable":true,"href":"https:\/\/mdbouwmachines.be\/pl\/wp-json\/wp\/v2\/product_tag?post=18542"}],"curies":[{"name":"wp","href":"https:\/\/api.w.org\/{rel}","templated":true}]}}