{"id":18535,"date":"2025-03-20T14:32:45","date_gmt":"2025-03-20T13:32:45","guid":{"rendered":"https:\/\/mdbouwmachines.be\/product\/2-x-bateria-edge-finisher-75-conmec\/"},"modified":"2025-06-23T12:29:18","modified_gmt":"2025-06-23T11:29:18","slug":"2-x-bateria-edge-finisher-75-conmec","status":"publish","type":"product","link":"https:\/\/mdbouwmachines.be\/pl\/produkt\/2-x-bateria-edge-finisher-75-conmec\/","title":{"rendered":"Wyko\u0144czenie kraw\u0119dzi 75 Akumulator CONMEC"},"content":{"rendered":"","protected":false},"excerpt":{"rendered":"<p>2x pojedynczy 75 Conmec w idealnym stanie!<\/p>\n<p>1 x Ze sk\u0142adan\u0105 kierownic\u0105 i silnikiem 1kW, ma\u0142e baterie modelowe.<br \/>1 x Ze sta\u0142\u0105 kierownic\u0105 i silnikiem 1,2 kW, du\u017ce akumulatory modelowe. (obraca si\u0119 o 20 obr.\/min szybciej) <\/p>\n<p>Dzi\u0119ki odnowieniu naszej oferty wynajmu, maszyny te zostan\u0105 wystawione na sprzeda\u017c.<\/p>\n<p>Jest Conmec 2. generacji, zawiera 2 akumulatory i \u0142adowark\u0119. Maszyna ma oko\u0142o 80 godzin pracy i dzia\u0142a idealnie! <\/p>\n<p>Wyposa\u017cony w nowe ostrza i gotowy na lata u\u017cytkowania!<\/p>\n<p>Podana cena jest za sztuk\u0119!<\/p>\n","protected":false},"featured_media":18573,"template":"","meta":{"_acf_changed":false},"product_brand":[],"product_cat":[947],"product_tag":[],"class_list":{"0":"post-18535","1":"product","2":"type-product","3":"status-publish","4":"has-post-thumbnail","6":"product_cat-druga-szansa","8":"first","9":"outofstock","10":"sale","11":"taxable","12":"shipping-taxable","13":"purchasable","14":"product-type-simple"},"acf":[],"_links":{"self":[{"href":"https:\/\/mdbouwmachines.be\/pl\/wp-json\/wp\/v2\/product\/18535","targetHints":{"allow":["GET"]}}],"collection":[{"href":"https:\/\/mdbouwmachines.be\/pl\/wp-json\/wp\/v2\/product"}],"about":[{"href":"https:\/\/mdbouwmachines.be\/pl\/wp-json\/wp\/v2\/types\/product"}],"wp:featuredmedia":[{"embeddable":true,"href":"https:\/\/mdbouwmachines.be\/pl\/wp-json\/wp\/v2\/media\/18573"}],"wp:attachment":[{"href":"https:\/\/mdbouwmachines.be\/pl\/wp-json\/wp\/v2\/media?parent=18535"}],"wp:term":[{"taxonomy":"product_brand","embeddable":true,"href":"https:\/\/mdbouwmachines.be\/pl\/wp-json\/wp\/v2\/product_brand?post=18535"},{"taxonomy":"product_cat","embeddable":true,"href":"https:\/\/mdbouwmachines.be\/pl\/wp-json\/wp\/v2\/product_cat?post=18535"},{"taxonomy":"product_tag","embeddable":true,"href":"https:\/\/mdbouwmachines.be\/pl\/wp-json\/wp\/v2\/product_tag?post=18535"}],"curies":[{"name":"wp","href":"https:\/\/api.w.org\/{rel}","templated":true}]}}