{"id":18194,"date":"2025-03-19T13:34:37","date_gmt":"2025-03-19T12:34:37","guid":{"rendered":"https:\/\/mdbouwmachines.be\/?post_type=product&#038;p=18194"},"modified":"2025-06-23T12:37:10","modified_gmt":"2025-06-23T11:37:10","slug":"honda-eg3600-cl-kopie-kopie-kopie-kopie","status":"publish","type":"product","link":"https:\/\/mdbouwmachines.be\/pl\/produkt\/honda-eg3600-cl-kopie-kopie-kopie-kopie\/","title":{"rendered":"Honda WH20"},"content":{"rendered":"\n<hr class=\"wp-block-separator has-alpha-channel-opacity is-style-dots\" \/>\n\n<h2 class=\"wp-block-heading\">Definicja<\/h2>\n\n<p>Honda WH20 to mocniejsza pompa do ci\u0119\u017ckich prac. Ta pompa wysokoci\u015bnieniowa mo\u017ce pompowa\u0107 du\u017ce ilo\u015bci wody na du\u017ce odleg\u0142o\u015bci z r\u00f3\u017cnic\u0105 wysoko\u015bci. Idealny do nawadniania d\u0142ugimi w\u0119\u017cami lub ochrony przed kurzem podczas prac rozbi\u00f3rkowych. Zar\u00f3wno korpus pompy, jak i wirnik wykonane s\u0105 z \u017celiwa kwasoodpornego, a uszczelnienia mechaniczne s\u0105 odporne na zu\u017cycie i trwa\u0142e. WH20 mo\u017ce pompowa\u0107 do 500 l\/min.    <\/p>\n\n<hr class=\"wp-block-separator has-alpha-channel-opacity\" \/>\n\n<h2 class=\"wp-block-heading\">Kluczowe cechy<\/h2>\n\n<ul class=\"wp-block-list\">\n<li>Alarm olejowy<\/li>\n\n\n\n<li>Silnik 4-suwowy OHV<\/li>\n\n\n\n<li>\u017beliwny korpus pompy i wirnik<\/li>\n\n\n\n<li>System antywibracyjny<\/li>\n<\/ul>\n\n<hr class=\"wp-block-separator has-alpha-channel-opacity\" \/>\n\n<h2 class=\"wp-block-heading\">Informacje techniczne<\/h2>\n\n<p><strong>Pompa<\/strong><\/p>\n\n<figure class=\"wp-block-table\"><table class=\"has-fixed-layout\"><tbody><tr><td>Maksymalna wydajno\u015b\u0107 pompy (l\/min)<\/td><td>500<\/td><\/tr><tr><td>\u015arednica i typ gwintu wlotu\/wylotu (mm\/cale)<\/td><td>50\/2-PF<\/td><\/tr><tr><td>Ca\u0142kowita g\u0142owa (m)<\/td><td>50<\/td><\/tr><tr><td>Wysoko\u015b\u0107 ssania (m)<\/td><td>8<\/td><\/tr><tr><td>Ci\u015bnienie (bar)<\/td><td>5<\/td><\/tr><tr><td>Maksymalna wielko\u015b\u0107 cz\u0105stek (mm)<\/td><td>3<\/td><\/tr><\/tbody><\/table><\/figure>\n\n<hr class=\"wp-block-separator has-alpha-channel-opacity is-style-dots\" \/>\n\n<p><strong>Motoryzacja<\/strong><\/p>\n\n<figure class=\"wp-block-table\"><table class=\"has-fixed-layout\"><tbody><tr><td>Silnik modelu<\/td><td>GX160<\/td><\/tr><tr><td>Silnik<\/td><td>4-suwowy \u2013 1 cylinder<\/td><\/tr><tr><td>Pojemno\u015b\u0107 cylindra (cm\u00b3)<\/td><td>163<\/td><\/tr><tr><td>\u015arednica x skok t\u0142oka (mm)<\/td><td>Wymiary 68 x 45<\/td><\/tr><tr><td>Pr\u0119dko\u015b\u0107 obrotowa silnika (obr.\/min.)<\/td><td>3,600 maks.<\/td><\/tr><tr><td>Moc u\u017cyteczna silnika (kW)<\/td><td>3,6<\/td><\/tr><tr><td>Uk\u0142ad ch\u0142odzenia<\/td><td>Wymuszone ch\u0142odzenie powietrzem<\/td><\/tr><tr><td>Uk\u0142ad zap\u0142onowy<\/td><td>Tranzystor<\/td><\/tr><tr><td>Pojemno\u015b\u0107 oleju silnikowego (l)<\/td><td>0,6<\/td><\/tr><tr><td>Pojemno\u015b\u0107 zbiornika paliwa (l)<\/td><td>3,1<\/td><\/tr><tr><td>Czas pracy nominalnej<\/td><td>2 godz. 30<\/td><\/tr><tr><td>Uk\u0142ad startowy<\/td><td>Rozpocz\u0119cie pr\u00f3by<\/td><\/tr><tr><td>Poziom ha\u0142asu na stanowisku pracy (dB(A))<\/td><td>91<\/td><\/tr><tr><td>Gwarantowana moc d\u017awi\u0119ku. poziom (dB(A)) <\/td><td>106<\/td><\/tr><\/tbody><\/table><\/figure>\n\n<hr class=\"wp-block-separator has-alpha-channel-opacity is-style-dots\" \/>\n\n<p><strong>Wymiary<\/strong><\/p>\n\n<figure class=\"wp-block-table\"><table class=\"has-fixed-layout\"><tbody><tr><td>D\u0142ugo\u015b\u0107 (mm)<\/td><td>520<\/td><\/tr><tr><td>Szeroko\u015b\u0107 (mm)<\/td><td>400<\/td><\/tr><tr><td>Wysoko\u015b\u0107 (mm)<\/td><td>450<\/td><\/tr><tr><td>Waga (kg)<\/td><td>27<\/td><\/tr><\/tbody><\/table><\/figure>\n","protected":false},"excerpt":{"rendered":"<p>Pompa \u017celiwna, kt\u00f3ra pompuje 500 litr\u00f3w na minut\u0119, cz\u0105stki do 3 mm, o ca\u0142kowitej wysoko\u015bci podnoszenia 50 m. Ramka w komplecie.<\/p>\n","protected":false},"featured_media":18122,"template":"","meta":{"_acf_changed":false},"product_brand":[1196],"product_cat":[1023],"product_tag":[],"class_list":{"0":"post-18194","1":"product","2":"type-product","3":"status-publish","4":"has-post-thumbnail","6":"product_brand-honda-pl","7":"product_cat-pompy-wodne","9":"first","10":"instock","11":"sale","12":"taxable","13":"shipping-taxable","14":"purchasable","15":"product-type-simple"},"acf":[],"_links":{"self":[{"href":"https:\/\/mdbouwmachines.be\/pl\/wp-json\/wp\/v2\/product\/18194","targetHints":{"allow":["GET"]}}],"collection":[{"href":"https:\/\/mdbouwmachines.be\/pl\/wp-json\/wp\/v2\/product"}],"about":[{"href":"https:\/\/mdbouwmachines.be\/pl\/wp-json\/wp\/v2\/types\/product"}],"wp:featuredmedia":[{"embeddable":true,"href":"https:\/\/mdbouwmachines.be\/pl\/wp-json\/wp\/v2\/media\/18122"}],"wp:attachment":[{"href":"https:\/\/mdbouwmachines.be\/pl\/wp-json\/wp\/v2\/media?parent=18194"}],"wp:term":[{"taxonomy":"product_brand","embeddable":true,"href":"https:\/\/mdbouwmachines.be\/pl\/wp-json\/wp\/v2\/product_brand?post=18194"},{"taxonomy":"product_cat","embeddable":true,"href":"https:\/\/mdbouwmachines.be\/pl\/wp-json\/wp\/v2\/product_cat?post=18194"},{"taxonomy":"product_tag","embeddable":true,"href":"https:\/\/mdbouwmachines.be\/pl\/wp-json\/wp\/v2\/product_tag?post=18194"}],"curies":[{"name":"wp","href":"https:\/\/api.w.org\/{rel}","templated":true}]}}