{"id":18117,"date":"2025-03-18T16:41:28","date_gmt":"2025-03-18T15:41:28","guid":{"rendered":"https:\/\/mdbouwmachines.be\/?post_type=product&#038;p=18117"},"modified":"2025-06-23T12:37:01","modified_gmt":"2025-06-23T11:37:01","slug":"honda-eg3600-cl-kopie-kopie","status":"publish","type":"product","link":"https:\/\/mdbouwmachines.be\/pl\/produkt\/honda-eg3600-cl-kopie-kopie\/","title":{"rendered":"Honda WX10"},"content":{"rendered":"\n<hr class=\"wp-block-separator has-alpha-channel-opacity is-style-dots\" \/>\n\n<h2 class=\"wp-block-heading\">Definicja<\/h2>\n\n<p>Honda WX 10 to lekka i bardzo kompaktowa pompa wodna, kt\u00f3ra jest \u0142atwa w transporcie. Pompa przemieszcza znaczn\u0105 ilo\u015b\u0107 wody na znaczn\u0105 odleg\u0142o\u015b\u0107. Unikalny system smarowania 360\u00b0 pozwala pompie WX 10 pracowa\u0107 pod niemal ka\u017cdym k\u0105tem.  <\/p>\n\n<hr class=\"wp-block-separator has-alpha-channel-opacity\" \/>\n\n<h2 class=\"wp-block-heading\">Kluczowe cechy<\/h2>\n\n<ul class=\"wp-block-list\">\n<li>Lekki i przeno\u015bny<\/li>\n\n\n\n<li>Unikalna praca w zakresie 360\u00b0<\/li>\n\n\n\n<li>Silnik 4-suwowy OHV<\/li>\n<\/ul>\n\n<hr class=\"wp-block-separator has-alpha-channel-opacity\" \/>\n\n<h2 class=\"wp-block-heading\">Informacje techniczne<\/h2>\n\n<p><strong>Pompa<\/strong><\/p>\n\n<figure class=\"wp-block-table\"><table class=\"has-fixed-layout\"><tbody><tr><td>Maksymalna wydajno\u015b\u0107 pompy (l\/min)<\/td><td>140<\/td><\/tr><tr><td>\u015arednica i typ gwintu wlotu\/wylotu (mm\/cale)<\/td><td>25\/1-PF<\/td><\/tr><tr><td>Ca\u0142kowita g\u0142owa (m)<\/td><td>36<\/td><\/tr><tr><td>Wysoko\u015b\u0107 ssania (m)<\/td><td>8<\/td><\/tr><tr><td>Ci\u015bnienie (bar)<\/td><td>3,6<\/td><\/tr><tr><td>Maksymalna wielko\u015b\u0107 cz\u0105stek (mm)<\/td><td>5,7<\/td><\/tr><\/tbody><\/table><\/figure>\n\n<hr class=\"wp-block-separator has-alpha-channel-opacity is-style-dots\" \/>\n\n<p><strong>Motoryzacja<\/strong><\/p>\n\n<figure class=\"wp-block-table\"><table class=\"has-fixed-layout\"><tbody><tr><td>Silnik modelu<\/td><td>GX25 Zobacz materia\u0142<\/td><\/tr><tr><td>Silnik<\/td><td>4-suwowy \u2013 1 cylinder<\/td><\/tr><tr><td>Pojemno\u015b\u0107 cylindra (cm\u00b3)<\/td><td>25<\/td><\/tr><tr><td>\u015arednica x skok t\u0142oka (mm)<\/td><td>Wymiary: 35 x 26<\/td><\/tr><tr><td>Pr\u0119dko\u015b\u0107 obrotowa silnika (obr.\/min.)<\/td><td>Maksymalnie 7 000<\/td><\/tr><tr><td>Moc u\u017cyteczna silnika (kW)<\/td><td>0,72<\/td><\/tr><tr><td>Uk\u0142ad ch\u0142odzenia<\/td><td>Wymuszone ch\u0142odzenie powietrzem<\/td><\/tr><tr><td>Uk\u0142ad zap\u0142onowy<\/td><td>Tranzystor<\/td><\/tr><tr><td>Pojemno\u015b\u0107 oleju silnikowego (l)<\/td><td>0,1<\/td><\/tr><tr><td>Pojemno\u015b\u0107 zbiornika paliwa (l)<\/td><td>0,55<\/td><\/tr><tr><td>Czas pracy nominalnej<\/td><td>1 godz. 20<\/td><\/tr><tr><td>Uk\u0142ad startowy<\/td><td>Rozpocz\u0119cie pr\u00f3by<\/td><\/tr><tr><td>Poziom ha\u0142asu na stanowisku pracy (dB(A))<\/td><td>86<\/td><\/tr><tr><td>Gwarantowana moc d\u017awi\u0119ku. poziom (dB(A)) <\/td><td>102<\/td><\/tr><\/tbody><\/table><\/figure>\n\n<hr class=\"wp-block-separator has-alpha-channel-opacity is-style-dots\" \/>\n\n<p><strong>Wymiary<\/strong><\/p>\n\n<figure class=\"wp-block-table\"><table class=\"has-fixed-layout\"><tbody><tr><td>D\u0142ugo\u015b\u0107 (mm)<\/td><td>325<\/td><\/tr><tr><td>Szeroko\u015b\u0107 (mm)<\/td><td>220<\/td><\/tr><tr><td>Wysoko\u015b\u0107 (mm)<\/td><td>300<\/td><\/tr><tr><td>Waga (kg)<\/td><td>6,1<\/td><\/tr><\/tbody><\/table><\/figure>\n","protected":false},"excerpt":{"rendered":"<p>Lekka pompa, kt\u00f3ra pompuje 140 litr\u00f3w na minut\u0119 z cz\u0105stkami o wielko\u015bci do 5,7 mm. Ca\u0142kowita wysoko\u015b\u0107 podnoszenia 36 m.<\/p>\n","protected":false},"featured_media":18122,"template":"","meta":{"_acf_changed":false},"product_brand":[1196],"product_cat":[1023],"product_tag":[],"class_list":{"0":"post-18117","1":"product","2":"type-product","3":"status-publish","4":"has-post-thumbnail","6":"product_brand-honda-pl","7":"product_cat-pompy-wodne","9":"first","10":"instock","11":"sale","12":"taxable","13":"shipping-taxable","14":"purchasable","15":"product-type-simple"},"acf":[],"_links":{"self":[{"href":"https:\/\/mdbouwmachines.be\/pl\/wp-json\/wp\/v2\/product\/18117","targetHints":{"allow":["GET"]}}],"collection":[{"href":"https:\/\/mdbouwmachines.be\/pl\/wp-json\/wp\/v2\/product"}],"about":[{"href":"https:\/\/mdbouwmachines.be\/pl\/wp-json\/wp\/v2\/types\/product"}],"wp:featuredmedia":[{"embeddable":true,"href":"https:\/\/mdbouwmachines.be\/pl\/wp-json\/wp\/v2\/media\/18122"}],"wp:attachment":[{"href":"https:\/\/mdbouwmachines.be\/pl\/wp-json\/wp\/v2\/media?parent=18117"}],"wp:term":[{"taxonomy":"product_brand","embeddable":true,"href":"https:\/\/mdbouwmachines.be\/pl\/wp-json\/wp\/v2\/product_brand?post=18117"},{"taxonomy":"product_cat","embeddable":true,"href":"https:\/\/mdbouwmachines.be\/pl\/wp-json\/wp\/v2\/product_cat?post=18117"},{"taxonomy":"product_tag","embeddable":true,"href":"https:\/\/mdbouwmachines.be\/pl\/wp-json\/wp\/v2\/product_tag?post=18117"}],"curies":[{"name":"wp","href":"https:\/\/api.w.org\/{rel}","templated":true}]}}