{"id":18026,"date":"2025-03-18T13:46:17","date_gmt":"2025-03-18T12:46:17","guid":{"rendered":"https:\/\/mdbouwmachines.be\/product\/honda-eu70is\/"},"modified":"2025-06-23T12:37:01","modified_gmt":"2025-06-23T11:37:01","slug":"honda-eu70is","status":"publish","type":"product","link":"https:\/\/mdbouwmachines.be\/pl\/produkt\/honda-eu70is\/","title":{"rendered":"Honda EU70is"},"content":{"rendered":"\n<hr class=\"wp-block-separator has-alpha-channel-opacity is-style-dots\" \/>\n\n<h2 class=\"wp-block-heading\">Definicja<\/h2>\n\n<p>Do\u015bwiadcz niezr\u00f3wnanej mocy dzi\u0119ki przeno\u015bnemu generatorowi Honda EU70is. Jego wytrzyma\u0142y 4-suwowy silnik GX390 w po\u0142\u0105czeniu z zaawansowanym elektronicznym wtryskiem paliwa i technologi\u0105 falownika sinusoidalnego gwarantuje p\u0142ynne, wysokiej jako\u015bci dostarczanie mocy. Dzi\u0119ki maksymalnej mocy 7 kVA i mocy znamionowej 5,5 kVA idealnie nadaje si\u0119 do ci\u0119\u017ckich zastosowa\u0144 komercyjnych. Ciesz si\u0119 \u0142atw\u0105 obs\u0142ug\u0105 dzi\u0119ki przyciskowi start i cichemu trzykomorowemu t\u0142umikowi \u201elow tune\u201d. Ponadto korzystasz z ni\u017cszego zu\u017cycia paliwa, \u0142atwiejszej konserwacji i lepszych osi\u0105g\u00f3w. Polegaj na EU70is, aby zaspokoi\u0107 wszystkie swoje potrzeby w zakresie energii elektrycznej z precyzj\u0105 i niezawodno\u015bci\u0105.     <\/p>\n\n<hr class=\"wp-block-separator has-alpha-channel-opacity\" \/>\n\n<h2 class=\"wp-block-heading\">Kluczowe cechy<\/h2>\n\n<ul class=\"wp-block-list\">\n<li>Alarm olejowy<\/li>\n\n\n\n<li>K\u00f3\u0142ka transportowe<\/li>\n\n\n\n<li>Rozrusznik elektryczny<\/li>\n\n\n\n<li>System antywibracyjny<\/li>\n\n\n\n<li>Wyj\u015bcie pr\u0105du sta\u0142ego<\/li>\n\n\n\n<li>Wyj\u0105tkowo cichy<\/li>\n\n\n\n<li>Ekologiczna przepustnica<\/li>\n<\/ul>\n\n<hr class=\"wp-block-separator has-alpha-channel-opacity\" \/>\n\n<h2 class=\"wp-block-heading\">Informacje techniczne<\/h2>\n\n<p><strong>Generator<\/strong><\/p>\n\n<figure class=\"wp-block-table\"><table class=\"has-fixed-layout\"><tbody><tr><td>Regulacja napi\u0119cia<\/td><td>Falownik<\/td><\/tr><tr><td>Typ<\/td><td>Jednofazowy<\/td><\/tr><tr><td>Maks. moc (230 V) (W)  <\/td><td>7000<\/td><\/tr><tr><td>Moc ci\u0105g\u0142a (230 V) (W)  <\/td><td>5000<\/td><\/tr><tr><td>Napi\u0119cie znamionowe (V)<\/td><td>230<\/td><\/tr><tr><td>Cz\u0119stotliwo\u015b\u0107 nominalna (Hz)<\/td><td>50<\/td><\/tr><tr><td>Pr\u0105d (maksymalny) (A)<\/td><td>23,9<\/td><\/tr><tr><td>Wyj\u015bcie pr\u0105du sta\u0142ego<\/td><td>N\/A<\/td><\/tr><\/tbody><\/table><\/figure>\n\n<hr class=\"wp-block-separator has-alpha-channel-opacity is-style-dots\" \/>\n\n<p><strong>Motoryzacja<\/strong><\/p>\n\n<figure class=\"wp-block-table\"><table class=\"has-fixed-layout\"><tbody><tr><td>Silnik modelu<\/td><td>GX390<\/td><\/tr><tr><td>Silnik<\/td><td>4-suwowy \u2013 1 cylinder<\/td><\/tr><tr><td>Pojemno\u015b\u0107 cylindra (cm\u00b3)<\/td><td>389<\/td><\/tr><tr><td>\u015arednica x skok t\u0142oka (mm)<\/td><td>Wymiary: 88 x 64<\/td><\/tr><tr><td>Pr\u0119dko\u015b\u0107 obrotowa silnika (obr.\/min.)<\/td><td>3,600 maks.<\/td><\/tr><tr><td>Uk\u0142ad ch\u0142odzenia<\/td><td>Wymuszone ch\u0142odzenie powietrzem<\/td><\/tr><tr><td>Uk\u0142ad zap\u0142onowy<\/td><td>Tranzystor<\/td><\/tr><tr><td>Pojemno\u015b\u0107 oleju silnikowego (l)<\/td><td>1,1<\/td><\/tr><tr><td>Pojemno\u015b\u0107 zbiornika paliwa (l)<\/td><td>19,2<\/td><\/tr><tr><td>Czas pracy nominalnej<\/td><td>godz. 6 30<\/td><\/tr><tr><td>Uk\u0142ad startowy<\/td><td>Rozruch odrzutowy \/ rozrusznik elektryczny<\/td><\/tr><tr><td>Poziom ha\u0142asu na stanowisku pracy (dB(A))<\/td><td>76<\/td><\/tr><tr><td>Gwarantowana moc d\u017awi\u0119ku. poziom (dB(A)) <\/td><td>90<\/td><\/tr><\/tbody><\/table><\/figure>\n\n<hr class=\"wp-block-separator has-alpha-channel-opacity is-style-dots\" \/>\n\n<p><strong>Wymiary<\/strong><\/p>\n\n<figure class=\"wp-block-table\"><table class=\"has-fixed-layout\"><tbody><tr><td>D\u0142ugo\u015b\u0107 (mm)<\/td><td>848<\/td><\/tr><tr><td>D\u0142ugo\u015b\u0107 z uchwytem do g\u00f3ry (mm)<\/td><td>1.198<\/td><\/tr><tr><td>Szeroko\u015b\u0107 (mm)<\/td><td>700<\/td><\/tr><tr><td>Wysoko\u015b\u0107 (mm)<\/td><td>721<\/td><\/tr><tr><td>Waga (kg)<\/td><td>118,1<\/td><\/tr><\/tbody><\/table><\/figure>\n","protected":false},"excerpt":{"rendered":"<p>Do\u015bwiadcz niezr\u00f3wnanej mocy dzi\u0119ki przeno\u015bnemu generatorowi Honda EU70is. Dzi\u0119ki maksymalnej mocy 7 kVA i mocy znamionowej 5,5 kVA doskonale nadaje si\u0119 do ci\u0119\u017ckich zastosowa\u0144 komercyjnych. Ponadto korzystasz z ni\u017cszego zu\u017cycia paliwa, \u0142atwiejszej konserwacji i lepszych osi\u0105g\u00f3w.  <\/p>\n","protected":false},"featured_media":18097,"template":"","meta":{"_acf_changed":false},"product_brand":[1196],"product_cat":[671],"product_tag":[],"class_list":{"0":"post-18026","1":"product","2":"type-product","3":"status-publish","4":"has-post-thumbnail","6":"product_brand-honda-pl","7":"product_cat-grupy-wladzy","9":"first","10":"instock","11":"sale","12":"taxable","13":"shipping-taxable","14":"purchasable","15":"product-type-simple"},"acf":[],"_links":{"self":[{"href":"https:\/\/mdbouwmachines.be\/pl\/wp-json\/wp\/v2\/product\/18026","targetHints":{"allow":["GET"]}}],"collection":[{"href":"https:\/\/mdbouwmachines.be\/pl\/wp-json\/wp\/v2\/product"}],"about":[{"href":"https:\/\/mdbouwmachines.be\/pl\/wp-json\/wp\/v2\/types\/product"}],"wp:featuredmedia":[{"embeddable":true,"href":"https:\/\/mdbouwmachines.be\/pl\/wp-json\/wp\/v2\/media\/18097"}],"wp:attachment":[{"href":"https:\/\/mdbouwmachines.be\/pl\/wp-json\/wp\/v2\/media?parent=18026"}],"wp:term":[{"taxonomy":"product_brand","embeddable":true,"href":"https:\/\/mdbouwmachines.be\/pl\/wp-json\/wp\/v2\/product_brand?post=18026"},{"taxonomy":"product_cat","embeddable":true,"href":"https:\/\/mdbouwmachines.be\/pl\/wp-json\/wp\/v2\/product_cat?post=18026"},{"taxonomy":"product_tag","embeddable":true,"href":"https:\/\/mdbouwmachines.be\/pl\/wp-json\/wp\/v2\/product_tag?post=18026"}],"curies":[{"name":"wp","href":"https:\/\/api.w.org\/{rel}","templated":true}]}}