{"id":18019,"date":"2025-03-18T14:45:26","date_gmt":"2025-03-18T13:45:26","guid":{"rendered":"https:\/\/mdbouwmachines.be\/product\/honda-eg3600-cl\/"},"modified":"2025-03-20T16:27:58","modified_gmt":"2025-03-20T15:27:58","slug":"honda-eg3600-cl","status":"publish","type":"product","link":"https:\/\/mdbouwmachines.be\/pl\/produkt\/honda-eg3600-cl\/","title":{"rendered":"Honda EG3600 CL"},"content":{"rendered":"\n<hr class=\"wp-block-separator has-alpha-channel-opacity is-style-dots\" \/>\n\n<h2 class=\"wp-block-heading\">Definicja<\/h2>\n\n<p>Generatory z serii Honda EG s\u0105 idealne do najbardziej wymagaj\u0105cych zastosowa\u0144 przemys\u0142owych i wynajmu, poniewa\u017c seria zosta\u0142a zaprojektowana i zbudowana do u\u017cytku profesjonalnego i zapewnia solidn\u0105, niezawodn\u0105 i wydajn\u0105 moc. Mog\u0105 by\u0107 u\u017cywane w trudnych warunkach i maj\u0105 d\u0142ug\u0105 \u017cywotno\u015b\u0107.   <br \/> <br \/>EG 3600CL zawiera wydajny, niskoemisyjny silnik Honda GX i bardzo du\u017cy zbiornik paliwa. Generator oferuje wyj\u0105tkowo d\u0142ugi czas pracy wynosz\u0105cy oko\u0142o 12 godzin. Wystarcza na ca\u0142y dzie\u0144 pracy. Nawet po d\u0142ugim okresie przechowywania generator EG jest \u0142atwy do uruchomienia i jest chroniony nawet przed najtrudniejszymi warunkami przez wyj\u0105tkowo wytrzyma\u0142\u0105 stalow\u0105 ram\u0119.   <br \/> <br \/>Generatory te wytwarzaj\u0105 sta\u0142\u0105 i stabiln\u0105 moc wyj\u015bciow\u0105 czystej energii. Dzieje si\u0119 tak dzi\u0119ki najnowocze\u015bniejszemu systemowi D-AVR (cyfrowa automatyczna kontrola napi\u0119cia) firmy Honda, kt\u00f3ry wykorzystuje mikrokomputer do precyzyjnej kontroli napi\u0119cia wyj\u015bciowego. To nie tylko poprawia wydajno\u015b\u0107 obci\u0105\u017cenia biernego, ale tak\u017ce maksymalizuje \u017cywotno\u015b\u0107 generatora.  <\/p>\n\n<hr class=\"wp-block-separator has-alpha-channel-opacity\" \/>\n\n<h2 class=\"wp-block-heading\">Kluczowe cechy<\/h2>\n\n<ul class=\"wp-block-list\">\n<li>Alarm olejowy<\/li>\n\n\n\n<li>System antywibracyjny<\/li>\n\n\n\n<li>D\u0142ugi czas pracy<\/li>\n\n\n\n<li>Silnik 4-suwowy OHV<\/li>\n<\/ul>\n\n<hr class=\"wp-block-separator has-alpha-channel-opacity\" \/>\n\n<h2 class=\"wp-block-heading\">Informacje techniczne<\/h2>\n\n<p><strong>Generator<\/strong><\/p>\n\n<figure class=\"wp-block-table\"><table class=\"has-fixed-layout\"><tbody><tr><td>Regulacja napi\u0119cia<\/td><td>D-AVR (Kana\u0142 Ochrony Prywatno\u015bci)<\/td><\/tr><tr><td>Typ<\/td><td>Faza mono<\/td><\/tr><tr><td>Maks. moc (230 V) (W)  <\/td><td>3600<\/td><\/tr><tr><td>Moc ci\u0105g\u0142a (230 V) (W)  <\/td><td>3200<\/td><\/tr><tr><td>Napi\u0119cie znamionowe (V)<\/td><td>230<\/td><\/tr><tr><td>Cz\u0119stotliwo\u015b\u0107 nominalna (Hz)<\/td><td>50<\/td><\/tr><tr><td>Pr\u0105d (maksymalny) (A)<\/td><td>13,9<\/td><\/tr><\/tbody><\/table><\/figure>\n\n<hr class=\"wp-block-separator has-alpha-channel-opacity is-style-dots\" \/>\n\n<p><strong>Motoryzacja<\/strong><\/p>\n\n<figure class=\"wp-block-table\"><table class=\"has-fixed-layout\"><tbody><tr><td>Silnik modelu<\/td><td>GX270T2<\/td><\/tr><tr><td>Silnik<\/td><td>4-suwowy \u2013 1 cylinder<\/td><\/tr><tr><td>Pojemno\u015b\u0107 cylindra (cm\u00b3)<\/td><td>270<\/td><\/tr><tr><td>\u015arednica x skok t\u0142oka (mm)<\/td><td>Wymiary: 77 x 58<\/td><\/tr><tr><td>Pr\u0119dko\u015b\u0107 obrotowa silnika (obr.\/min.)<\/td><td>3,000 maks.<\/td><\/tr><tr><td>Uk\u0142ad ch\u0142odzenia<\/td><td>Wymuszone ch\u0142odzenie powietrzem<\/td><\/tr><tr><td>Uk\u0142ad zap\u0142onowy<\/td><td>Tranzystor<\/td><\/tr><tr><td>Pojemno\u015b\u0107 oleju silnikowego (l)<\/td><td>1,1<\/td><\/tr><tr><td>Pojemno\u015b\u0107 zbiornika paliwa (l)<\/td><td>24<\/td><\/tr><tr><td>Czas pracy nominalnej<\/td><td>12 godzin<\/td><\/tr><tr><td>Uk\u0142ad startowy<\/td><td>Rozpocz\u0119cie pr\u00f3by<\/td><\/tr><tr><td>Poziom ha\u0142asu na stanowisku pracy (dB(A))<\/td><td>79<\/td><\/tr><tr><td>Gwarantowana moc d\u017awi\u0119ku. poziom (dB(A)) <\/td><td>96<\/td><\/tr><\/tbody><\/table><\/figure>\n\n<hr class=\"wp-block-separator has-alpha-channel-opacity is-style-dots\" \/>\n\n<p><strong>Wymiary<\/strong><\/p>\n\n<figure class=\"wp-block-table\"><table class=\"has-fixed-layout\"><tbody><tr><td>D\u0142ugo\u015b\u0107 (mm)<\/td><td>681<\/td><\/tr><tr><td>Szeroko\u015b\u0107 (mm)<\/td><td>530<\/td><\/tr><tr><td>Wysoko\u015b\u0107 (mm)<\/td><td>571<\/td><\/tr><tr><td>Waga (kg)<\/td><td>68<\/td><\/tr><\/tbody><\/table><\/figure>\n","protected":false},"excerpt":{"rendered":"<p>Wytrzyma\u0142y generator D-AVR o mocy 3600 W i czasie pracy do 12 godzin do prac budowlanych. Idealny do trudnych, przemys\u0142owych warunk\u00f3w. <\/p>\n","protected":false},"featured_media":18107,"template":"","meta":{"_acf_changed":false},"product_brand":[1196],"product_cat":[671],"product_tag":[],"class_list":{"0":"post-18019","1":"product","2":"type-product","3":"status-publish","4":"has-post-thumbnail","6":"product_brand-honda-pl","7":"product_cat-grupy-wladzy","9":"first","10":"instock","11":"sale","12":"taxable","13":"shipping-taxable","14":"purchasable","15":"product-type-simple"},"acf":[],"_links":{"self":[{"href":"https:\/\/mdbouwmachines.be\/pl\/wp-json\/wp\/v2\/product\/18019","targetHints":{"allow":["GET"]}}],"collection":[{"href":"https:\/\/mdbouwmachines.be\/pl\/wp-json\/wp\/v2\/product"}],"about":[{"href":"https:\/\/mdbouwmachines.be\/pl\/wp-json\/wp\/v2\/types\/product"}],"wp:featuredmedia":[{"embeddable":true,"href":"https:\/\/mdbouwmachines.be\/pl\/wp-json\/wp\/v2\/media\/18107"}],"wp:attachment":[{"href":"https:\/\/mdbouwmachines.be\/pl\/wp-json\/wp\/v2\/media?parent=18019"}],"wp:term":[{"taxonomy":"product_brand","embeddable":true,"href":"https:\/\/mdbouwmachines.be\/pl\/wp-json\/wp\/v2\/product_brand?post=18019"},{"taxonomy":"product_cat","embeddable":true,"href":"https:\/\/mdbouwmachines.be\/pl\/wp-json\/wp\/v2\/product_cat?post=18019"},{"taxonomy":"product_tag","embeddable":true,"href":"https:\/\/mdbouwmachines.be\/pl\/wp-json\/wp\/v2\/product_tag?post=18019"}],"curies":[{"name":"wp","href":"https:\/\/api.w.org\/{rel}","templated":true}]}}