{"id":17880,"date":"2025-03-18T09:31:12","date_gmt":"2025-03-18T08:31:12","guid":{"rendered":"https:\/\/mdbouwmachines.be\/?post_type=product&#038;p=17880"},"modified":"2025-03-20T13:41:03","modified_gmt":"2025-03-20T12:41:03","slug":"duzy-niebieski-plywak-kopie-2","status":"publish","type":"product","link":"https:\/\/mdbouwmachines.be\/pl\/produkt\/duzy-niebieski-plywak-kopie-2\/","title":{"rendered":"Kompozytowy p\u0142ywak byka"},"content":{"rendered":"<p>Jest nawet l\u017cejszy ni\u017c standardowy du\u017cy niebieski lub magnezowy sp\u0142awik byka. Nie rdzewieje, jest \u0142atwy w czyszczeniu i znacznie d\u0142u\u017cej si\u0119 nosi! <\/p>\n","protected":false},"excerpt":{"rendered":"<p>#<span>9500 Kompozytowy<\/span><span> zestaw p\u0142ywak\u00f3w Bull W zestawie 1 sztuka plastikowa p\u0142ywak byka Rozmiar ostrza (915mmX203mm), 1 szt wspornik przek\u0142adni \u015blimakowej i 3 szt aluminiowe uchwyty<\/span><\/p>\n<p>#9501 Kompozytowy zestaw p\u0142ywak\u00f3w Bull W zestawie 1 sztuka plastikowego p\u0142ywaka dla byk\u00f3w Rozmiar ostrza (1234mmX203mm), 1 szt. wspornik przek\u0142adni \u015blimakowej i 3 szt. aluminiowe uchwyty<\/p>\n<p>#9502 Zestaw kompozytowy Bull Float W zestawie 1 sztuka plastikowego p\u0142ywaka dla byk\u00f3w Rozmiar ostrza (1524mmX203mm), 1 szt. wspornik przek\u0142adni \u015blimakowej i 3 szt. aluminiowe uchwyty<\/p>\n","protected":false},"featured_media":17908,"template":"","meta":{"_acf_changed":false},"product_brand":[1131],"product_cat":[497],"product_tag":[],"class_list":{"0":"post-17880","1":"product","2":"type-product","3":"status-publish","4":"has-post-thumbnail","6":"product_brand-md-bouwmachines-pl","7":"product_cat-narzedzia-reczne-i-narzedzia","9":"first","10":"instock","11":"taxable","12":"shipping-taxable","13":"purchasable","14":"product-type-variable","15":"has-default-attributes"},"acf":[],"_links":{"self":[{"href":"https:\/\/mdbouwmachines.be\/pl\/wp-json\/wp\/v2\/product\/17880","targetHints":{"allow":["GET"]}}],"collection":[{"href":"https:\/\/mdbouwmachines.be\/pl\/wp-json\/wp\/v2\/product"}],"about":[{"href":"https:\/\/mdbouwmachines.be\/pl\/wp-json\/wp\/v2\/types\/product"}],"wp:featuredmedia":[{"embeddable":true,"href":"https:\/\/mdbouwmachines.be\/pl\/wp-json\/wp\/v2\/media\/17908"}],"wp:attachment":[{"href":"https:\/\/mdbouwmachines.be\/pl\/wp-json\/wp\/v2\/media?parent=17880"}],"wp:term":[{"taxonomy":"product_brand","embeddable":true,"href":"https:\/\/mdbouwmachines.be\/pl\/wp-json\/wp\/v2\/product_brand?post=17880"},{"taxonomy":"product_cat","embeddable":true,"href":"https:\/\/mdbouwmachines.be\/pl\/wp-json\/wp\/v2\/product_cat?post=17880"},{"taxonomy":"product_tag","embeddable":true,"href":"https:\/\/mdbouwmachines.be\/pl\/wp-json\/wp\/v2\/product_tag?post=17880"}],"curies":[{"name":"wp","href":"https:\/\/api.w.org\/{rel}","templated":true}]}}