{"id":17543,"date":"2025-03-06T14:29:23","date_gmt":"2025-03-06T13:29:23","guid":{"rendered":"https:\/\/mdbouwmachines.be\/product\/odbiornik-reczny-topcon-ls-80x\/"},"modified":"2025-03-06T14:29:23","modified_gmt":"2025-03-06T13:29:23","slug":"odbiornik-reczny-topcon-ls-80x","status":"publish","type":"product","link":"https:\/\/mdbouwmachines.be\/pl\/produkt\/odbiornik-reczny-topcon-ls-80x\/","title":{"rendered":"Odbiornik r\u0119czny Topcon LS-80X"},"content":{"rendered":"","protected":false},"excerpt":{"rendered":"<p><strong>Akcesorium do lasera Topcon RL-H5A i lasera Topcon RL-HV2S.<br \/><\/strong><br \/>Nowy LS-80X zast\u0119puje odbiornik LS-80A i LS80L(R) firmy Topcon. Ten SmartReceiver jest idealny do u\u017cytku z laserem Topcon, a tak\u017ce ze wszystkimi innymi laserami. To jedyny odbiornik, jakiego kiedykolwiek b\u0119dziesz potrzebowa\u0107. Ta nowa wersja X nadaje si\u0119 do pokonywania d\u0142u\u017cszych dystans\u00f3w (do 800 metr\u00f3w!).     <\/p>\n<p><strong>Ten artyku\u0142 zawiera tylko pilota, wi\u0119c bez uchwytu!<\/strong><\/p>\n","protected":false},"featured_media":17421,"template":"","meta":{"_acf_changed":false},"product_brand":[1261],"product_cat":[907],"product_tag":[],"class_list":{"0":"post-17543","1":"product","2":"type-product","3":"status-publish","4":"has-post-thumbnail","6":"product_brand-topcon-pl","7":"product_cat-lasery-i-odbiorniki","9":"first","10":"instock","11":"taxable","12":"shipping-taxable","13":"purchasable","14":"product-type-simple"},"acf":[],"_links":{"self":[{"href":"https:\/\/mdbouwmachines.be\/pl\/wp-json\/wp\/v2\/product\/17543","targetHints":{"allow":["GET"]}}],"collection":[{"href":"https:\/\/mdbouwmachines.be\/pl\/wp-json\/wp\/v2\/product"}],"about":[{"href":"https:\/\/mdbouwmachines.be\/pl\/wp-json\/wp\/v2\/types\/product"}],"wp:featuredmedia":[{"embeddable":true,"href":"https:\/\/mdbouwmachines.be\/pl\/wp-json\/wp\/v2\/media\/17421"}],"wp:attachment":[{"href":"https:\/\/mdbouwmachines.be\/pl\/wp-json\/wp\/v2\/media?parent=17543"}],"wp:term":[{"taxonomy":"product_brand","embeddable":true,"href":"https:\/\/mdbouwmachines.be\/pl\/wp-json\/wp\/v2\/product_brand?post=17543"},{"taxonomy":"product_cat","embeddable":true,"href":"https:\/\/mdbouwmachines.be\/pl\/wp-json\/wp\/v2\/product_cat?post=17543"},{"taxonomy":"product_tag","embeddable":true,"href":"https:\/\/mdbouwmachines.be\/pl\/wp-json\/wp\/v2\/product_tag?post=17543"}],"curies":[{"name":"wp","href":"https:\/\/api.w.org\/{rel}","templated":true}]}}