{"id":17532,"date":"2025-03-06T16:11:46","date_gmt":"2025-03-06T15:11:46","guid":{"rendered":"https:\/\/mdbouwmachines.be\/product\/odbiornik-reczny-topcon-ls-100d-mm\/"},"modified":"2025-03-06T16:11:46","modified_gmt":"2025-03-06T15:11:46","slug":"odbiornik-reczny-topcon-ls-100d-mm","status":"publish","type":"product","link":"https:\/\/mdbouwmachines.be\/pl\/produkt\/odbiornik-reczny-topcon-ls-100d-mm\/","title":{"rendered":"Odbiornik r\u0119czny Topcon LS-100D mm"},"content":{"rendered":"","protected":false},"excerpt":{"rendered":"<p><strong>Akcesorium do lasera Topcon RL-H5A i lasera Topcon RL-HV2S.<br \/><\/strong><br \/>Profesjonalny odbiornik MM LS-100D firmy Topcon to najnowszy dodatek do gamy kompaktowych cyfrowych odbiornik\u00f3w r\u0119cznych. Odbiornik cyfrowo wy\u015bwietla odleg\u0142o\u015b\u0107 do w\u0142a\u015bciwej wysoko\u015bci w milimetrach i zosta\u0142 zaprojektowany tak, aby przyspieszy\u0107 i u\u0142atwi\u0107 sprawdzanie wysoko\u015bci i wyr\u00f3wnania w pionie we wszystkich typach zastosowa\u0144. <\/p>\n<p><strong><strong>Ten artyku\u0142 zawiera tylko pilota, wi\u0119c bez uchwytu!<\/strong><\/strong><\/p>\n","protected":false},"featured_media":17474,"template":"","meta":{"_acf_changed":false},"product_brand":[1261],"product_cat":[907],"product_tag":[],"class_list":{"0":"post-17532","1":"product","2":"type-product","3":"status-publish","4":"has-post-thumbnail","6":"product_brand-topcon-pl","7":"product_cat-lasery-i-odbiorniki","9":"first","10":"instock","11":"taxable","12":"shipping-taxable","13":"purchasable","14":"product-type-simple"},"acf":[],"_links":{"self":[{"href":"https:\/\/mdbouwmachines.be\/pl\/wp-json\/wp\/v2\/product\/17532","targetHints":{"allow":["GET"]}}],"collection":[{"href":"https:\/\/mdbouwmachines.be\/pl\/wp-json\/wp\/v2\/product"}],"about":[{"href":"https:\/\/mdbouwmachines.be\/pl\/wp-json\/wp\/v2\/types\/product"}],"wp:featuredmedia":[{"embeddable":true,"href":"https:\/\/mdbouwmachines.be\/pl\/wp-json\/wp\/v2\/media\/17474"}],"wp:attachment":[{"href":"https:\/\/mdbouwmachines.be\/pl\/wp-json\/wp\/v2\/media?parent=17532"}],"wp:term":[{"taxonomy":"product_brand","embeddable":true,"href":"https:\/\/mdbouwmachines.be\/pl\/wp-json\/wp\/v2\/product_brand?post=17532"},{"taxonomy":"product_cat","embeddable":true,"href":"https:\/\/mdbouwmachines.be\/pl\/wp-json\/wp\/v2\/product_cat?post=17532"},{"taxonomy":"product_tag","embeddable":true,"href":"https:\/\/mdbouwmachines.be\/pl\/wp-json\/wp\/v2\/product_tag?post=17532"}],"curies":[{"name":"wp","href":"https:\/\/api.w.org\/{rel}","templated":true}]}}