{"id":17375,"date":"2025-03-06T14:11:47","date_gmt":"2025-03-06T13:11:47","guid":{"rendered":"https:\/\/mdbouwmachines.be\/?post_type=product&#038;p=17375"},"modified":"2025-03-20T13:41:12","modified_gmt":"2025-03-20T12:41:12","slug":"bkgm-280-4km-kopie","status":"publish","type":"product","link":"https:\/\/mdbouwmachines.be\/pl\/produkt\/bkgm-280-4km-kopie\/","title":{"rendered":"BKG850 SX"},"content":{"rendered":"\n<h2 class=\"wp-block-heading\">Definicja<\/h2>\n\n<p><strong>Zdalnie sterowana planetarna maszyna do szlifowania i polerowania du\u017cych powierzchni, ze zmienn\u0105 pr\u0119dko\u015bci\u0105, regulowanym ci\u015bnieniem roboczym,<br\/>wbudowane akumulatory i system Autodrive. Dost\u0119pne z uchwytami narz\u0119dziowymi \u00d8340mm lub uchwytami narz\u0119dziowymi \u00d8240mm. <\/strong><\/p>\n\n<hr class=\"wp-block-separator has-alpha-channel-opacity\" \/>\n\n<h2 class=\"wp-block-heading\">Kluczowe cechy:<\/h2>\n\n<ul class=\"wp-block-list\">\n<li>Regulowane ci\u015bnienie robocze. \u2013 Hartowana stal nierdzewna<br\/>planetarna i skrzynia bieg\u00f3w. W pe\u0142ni regulowana skrzynia bieg\u00f3w. \u2013 Trzecie ko\u0142o<br\/>do \u0142atwego transportu i do pracy na bardzo du\u017cych powierzchniach.   <\/li>\n\n\n\n<li>Kompaktowy i wygodny. \u2013 Automatyczne urz\u0105dzenie do podnoszenia planetarnego do<br\/>procedury za\u0142adunku i roz\u0142adunku pojazd\u00f3w. \u2013 Wszystkie funkcje<br\/>Dost\u0119pne na pilotach. \u2013 Baterie na pok\u0142adzie do<br\/>samoprzemieszczenie. \u2013 Beznarz\u0119dziowy system szybkiego mocowania do<br\/>narz\u0119dzia diamentowe.<br\/>Aplikacji:    <\/li>\n\n\n\n<li>Wyg\u0142adzanie i przygotowanie wszystkich rodzaj\u00f3w posadzek. -Uderze\u0144<br\/>usun\u0105\u0107 na. \u2013 Usuwanie \u017cywicy, kleju, farby i innych<br\/>szcz\u0105tki. \u2013 Polerowanie marmuru i granitu na wysoki po\u0142ysk w lustrzanym odbiciu.   <\/li>\n\n\n\n<li>Polerowanie przemys\u0142owych posadzek na wysoki po\u0142ysk w lustrzanym odbiciu.<\/li>\n<\/ul>\n\n<hr class=\"wp-block-separator has-alpha-channel-opacity\" \/>\n\n<h2 class=\"wp-block-heading\">Informacje techniczne<\/h2>\n\n<figure class=\"wp-block-table\"><table class=\"has-fixed-layout\"><tbody><tr><td class=\"has-text-align-center\" data-align=\"center\"><strong>Model<\/strong><\/td><td class=\"has-text-align-center\" data-align=\"center\"><strong>Silnik<\/strong><\/td><td class=\"has-text-align-center\" data-align=\"center\"><strong>Wolt<\/strong><\/td><td class=\"has-text-align-center\" data-align=\"center\"><strong>RPM<\/strong><\/td><td class=\"has-text-align-center\" data-align=\"center\"><strong>\u015arednica<\/strong><\/td><td class=\"has-text-align-center\" data-align=\"center\"><strong>Wymiary<\/strong><\/td><td class=\"has-text-align-center\" data-align=\"center\"><strong>Waga<\/strong><\/td><\/tr><tr><td class=\"has-text-align-center\" data-align=\"center\">BKG 850 SX<\/td><td class=\"has-text-align-center\" data-align=\"center\">25 KM<\/td><td class=\"has-text-align-center\" data-align=\"center\">380-480<\/td><td class=\"has-text-align-center\" data-align=\"center\">300-1300 obr.\/min<\/td><td class=\"has-text-align-center\" data-align=\"center\">850 milimetr<\/td><td class=\"has-text-align-center\" data-align=\"center\">Wymiary: 150x150x95<\/td><td class=\"has-text-align-center\" data-align=\"center\">650 kg<\/td><\/tr><tr><td class=\"has-text-align-center\" data-align=\"center\">BKG 850 RX<\/td><td class=\"has-text-align-center\" data-align=\"center\">25 KM<\/td><td class=\"has-text-align-center\" data-align=\"center\">380-480<\/td><td class=\"has-text-align-center\" data-align=\"center\">300-1300 obr.\/min<\/td><td class=\"has-text-align-center\" data-align=\"center\">850 milimetr<\/td><td class=\"has-text-align-center\" data-align=\"center\">Wymiary: 150x150x95<\/td><td class=\"has-text-align-center\" data-align=\"center\">650 kg<\/td><\/tr><\/tbody><\/table><\/figure>\n\n<div class=\"wp-block-file\"><a id=\"wp-block-file--media-68ee3f32-e38c-4a88-9653-c11f1fc3e676\" href=\"https:\/\/mdbouwmachines.be\/wp-content\/uploads\/2025\/03\/BKG-Catalogue.pdf\">Katalog BKG<\/a><a href=\"https:\/\/mdbouwmachines.be\/wp-content\/uploads\/2025\/03\/BKG-Catalogue.pdf\" class=\"wp-block-file__button wp-element-button\" download=\"\" aria-describedby=\"wp-block-file--media-68ee3f32-e38c-4a88-9653-c11f1fc3e676\">Pobiera\u0107<\/a><\/div>\n","protected":false},"excerpt":{"rendered":"<p><strong>Zdalnie sterowana planetarna maszyna do szlifowania i polerowania do<br \/>du\u017ce powierzchnie, ze zmienn\u0105 pr\u0119dko\u015bci\u0105, regulowanym ci\u015bnieniem roboczym,<br \/>wbudowane akumulatory i system Autodrive. Dost\u0119pne z uchwytami narz\u0119dziowymi \u00d8340mm<br \/>lub uchwyty narz\u0119dziowe \u00d8240mm. <\/strong><\/p>\n","protected":false},"featured_media":17392,"template":"","meta":{"_acf_changed":false},"product_brand":[1126],"product_cat":[857],"product_tag":[],"class_list":{"0":"post-17375","1":"product","2":"type-product","3":"status-publish","4":"has-post-thumbnail","6":"product_brand-barikell-pl","7":"product_cat-maszyny-do-polerowania","9":"first","10":"instock","11":"taxable","12":"shipping-taxable","13":"purchasable","14":"product-type-variable","15":"has-default-attributes"},"acf":[],"_links":{"self":[{"href":"https:\/\/mdbouwmachines.be\/pl\/wp-json\/wp\/v2\/product\/17375","targetHints":{"allow":["GET"]}}],"collection":[{"href":"https:\/\/mdbouwmachines.be\/pl\/wp-json\/wp\/v2\/product"}],"about":[{"href":"https:\/\/mdbouwmachines.be\/pl\/wp-json\/wp\/v2\/types\/product"}],"wp:featuredmedia":[{"embeddable":true,"href":"https:\/\/mdbouwmachines.be\/pl\/wp-json\/wp\/v2\/media\/17392"}],"wp:attachment":[{"href":"https:\/\/mdbouwmachines.be\/pl\/wp-json\/wp\/v2\/media?parent=17375"}],"wp:term":[{"taxonomy":"product_brand","embeddable":true,"href":"https:\/\/mdbouwmachines.be\/pl\/wp-json\/wp\/v2\/product_brand?post=17375"},{"taxonomy":"product_cat","embeddable":true,"href":"https:\/\/mdbouwmachines.be\/pl\/wp-json\/wp\/v2\/product_cat?post=17375"},{"taxonomy":"product_tag","embeddable":true,"href":"https:\/\/mdbouwmachines.be\/pl\/wp-json\/wp\/v2\/product_tag?post=17375"}],"curies":[{"name":"wp","href":"https:\/\/api.w.org\/{rel}","templated":true}]}}