{"id":17332,"date":"2025-03-06T13:38:32","date_gmt":"2025-03-06T12:38:32","guid":{"rendered":"https:\/\/mdbouwmachines.be\/?post_type=product&#038;p=17332"},"modified":"2025-03-20T13:41:12","modified_gmt":"2025-03-20T12:41:12","slug":"bkgm-280-vs-4km-kopie-kopie-kopie-2","status":"publish","type":"product","link":"https:\/\/mdbouwmachines.be\/pl\/produkt\/bkgm-280-vs-4km-kopie-kopie-kopie-2\/","title":{"rendered":"BKG 950 SX"},"content":{"rendered":"\n<h2 class=\"wp-block-heading\"><\/h2>\n\n<hr class=\"wp-block-separator has-alpha-channel-opacity\" \/>\n\n<h2 class=\"wp-block-heading\">Kluczowe cechy:<\/h2>\n\n<p>Regulowane ci\u015bnienie robocze. \u2013 Hartowana stal nierdzewna<br\/>planetarna i skrzynia bieg\u00f3w. W pe\u0142ni regulowana skrzynia bieg\u00f3w. \u2013 Trzecie ko\u0142o<br\/>do \u0142atwego transportu i do pracy na bardzo du\u017cych powierzchniach.   <\/p>\n\n<p>Kompaktowy i wygodny. \u2013 Automatyczne urz\u0105dzenie do podnoszenia planetarnego do<br\/>procedury za\u0142adunku i roz\u0142adunku pojazd\u00f3w. \u2013 Wszystkie funkcje<br\/>Dost\u0119pne na pilotach. \u2013 Baterie na pok\u0142adzie do<br\/>samoprzemieszczenie. \u2013 Beznarz\u0119dziowy system szybkiego mocowania do<br\/>narz\u0119dzia diamentowe.<br\/>Aplikacji:    <\/p>\n\n<p>Wyg\u0142adzanie i przygotowanie wszystkich rodzaj\u00f3w posadzek. -Uderze\u0144<br\/>usun\u0105\u0107 na. \u2013 Usuwanie \u017cywicy, kleju, farby i innych<br\/>szcz\u0105tki. \u2013 Polerowanie marmuru i granitu na wysoki po\u0142ysk w lustrzanym odbiciu.   <\/p>\n\n<p>Polerowanie przemys\u0142owych posadzek na wysoki po\u0142ysk w lustrzanym odbiciu.<\/p>\n\n<hr class=\"wp-block-separator has-alpha-channel-opacity\" \/>\n\n<h2 class=\"wp-block-heading\">Informacje techniczne<\/h2>\n\n<figure class=\"wp-block-table\"><table class=\"has-fixed-layout\"><tbody><tr><td class=\"has-text-align-center\" data-align=\"center\"><strong>Model<\/strong><\/td><td class=\"has-text-align-center\" data-align=\"center\"><strong>Silnik<\/strong><\/td><td class=\"has-text-align-center\" data-align=\"center\"><strong>Wolt<\/strong><\/td><td class=\"has-text-align-center\" data-align=\"center\"><strong>RPM<\/strong><\/td><td class=\"has-text-align-center\" data-align=\"center\"><strong>\u015arednica<\/strong><\/td><td class=\"has-text-align-center\" data-align=\"center\"><strong>Wymiary<\/strong><\/td><td class=\"has-text-align-center\" data-align=\"center\"><strong>Waga<\/strong><\/td><\/tr><tr><td class=\"has-text-align-center\" data-align=\"center\">BKG 950 SX<\/td><td class=\"has-text-align-center\" data-align=\"center\">25 KM<\/td><td class=\"has-text-align-center\" data-align=\"center\">380-480<\/td><td class=\"has-text-align-center\" data-align=\"center\">300-1300 obr.\/min<\/td><td class=\"has-text-align-center\" data-align=\"center\">950 milimetr<\/td><td class=\"has-text-align-center\" data-align=\"center\">Wymiary: 150x150x95<\/td><td class=\"has-text-align-center\" data-align=\"center\">655 kg<\/td><\/tr><\/tbody><\/table><\/figure>\n\n<hr class=\"wp-block-separator has-alpha-channel-opacity\" \/>\n\n<div class=\"wp-block-columns is-layout-flex wp-container-core-columns-is-layout-28f84493 wp-block-columns-is-layout-flex\">\n<div class=\"wp-block-column is-layout-flow wp-block-column-is-layout-flow\" style=\"flex-basis:25%\">\n<h2 class=\"wp-block-heading\">Katalog<\/h2>\n<\/div>\n\n\n\n<div class=\"wp-block-column is-layout-flow wp-block-column-is-layout-flow\" style=\"flex-basis:50%\">\n<div class=\"wp-block-file\"><a href=\"https:\/\/mdbouwmachines.be\/wp-content\/uploads\/2025\/03\/BKG-Catalogue-1.pdf\" class=\"wp-block-file__button wp-element-button\" download=\"\">Pobiera\u0107<\/a><\/div>\n<\/div>\n\n\n\n<div class=\"wp-block-column is-layout-flow wp-block-column-is-layout-flow\" style=\"flex-basis:25%\"><\/div>\n<\/div>\n","protected":false},"excerpt":{"rendered":"<p>Zdalnie sterowana planetarna maszyna do szlifowania i polerowania do<br \/>du\u017ce powierzchnie, ze zmienn\u0105 pr\u0119dko\u015bci\u0105, regulowanym ci\u015bnieniem roboczym,<br \/>wbudowane akumulatory i system Autodrive.<\/p>\n","protected":false},"featured_media":17342,"template":"","meta":{"_acf_changed":false},"product_brand":[1126],"product_cat":[857],"product_tag":[],"class_list":{"0":"post-17332","1":"product","2":"type-product","3":"status-publish","4":"has-post-thumbnail","6":"product_brand-barikell-pl","7":"product_cat-maszyny-do-polerowania","9":"first","10":"instock","11":"taxable","12":"shipping-taxable","13":"purchasable","14":"product-type-simple"},"acf":[],"_links":{"self":[{"href":"https:\/\/mdbouwmachines.be\/pl\/wp-json\/wp\/v2\/product\/17332","targetHints":{"allow":["GET"]}}],"collection":[{"href":"https:\/\/mdbouwmachines.be\/pl\/wp-json\/wp\/v2\/product"}],"about":[{"href":"https:\/\/mdbouwmachines.be\/pl\/wp-json\/wp\/v2\/types\/product"}],"wp:featuredmedia":[{"embeddable":true,"href":"https:\/\/mdbouwmachines.be\/pl\/wp-json\/wp\/v2\/media\/17342"}],"wp:attachment":[{"href":"https:\/\/mdbouwmachines.be\/pl\/wp-json\/wp\/v2\/media?parent=17332"}],"wp:term":[{"taxonomy":"product_brand","embeddable":true,"href":"https:\/\/mdbouwmachines.be\/pl\/wp-json\/wp\/v2\/product_brand?post=17332"},{"taxonomy":"product_cat","embeddable":true,"href":"https:\/\/mdbouwmachines.be\/pl\/wp-json\/wp\/v2\/product_cat?post=17332"},{"taxonomy":"product_tag","embeddable":true,"href":"https:\/\/mdbouwmachines.be\/pl\/wp-json\/wp\/v2\/product_tag?post=17332"}],"curies":[{"name":"wp","href":"https:\/\/api.w.org\/{rel}","templated":true}]}}