{"id":17301,"date":"2025-03-06T11:32:49","date_gmt":"2025-03-06T10:32:49","guid":{"rendered":"https:\/\/mdbouwmachines.be\/?post_type=product&#038;p=17301"},"modified":"2025-03-20T13:41:19","modified_gmt":"2025-03-20T12:41:19","slug":"topcon-rl-h5a-laser-kopie","status":"publish","type":"product","link":"https:\/\/mdbouwmachines.be\/pl\/produkt\/topcon-rl-h5a-laser-kopie\/","title":{"rendered":"Topcon RL-HV2S Laser"},"content":{"rendered":"\n<hr class=\"wp-block-separator has-alpha-channel-opacity is-style-dots\" \/>\n\n<h2 class=\"wp-block-heading\">Opis<\/h2>\n\n<p>Topcon RL-HV2S to w pe\u0142ni automatyczny laser budowlany o wyj\u0105tkowym stosunku ceny do jako\u015bci. Poziomowanie lasera mo\u017ce by\u0107 w ka\u017cdej chwili monitorowane, a laser mo\u017cna r\u00f3wnie\u017c umie\u015bci\u0107 w cyfrowym nachyleniu. Mechanizm w dalszym ci\u0105gu sprawdza, czy wprowadzone nachylenie jest prawid\u0142owe. W przypadku r\u0119cznego lasera nachylenia poziomowanie jest wy\u0142\u0105czane, gdy laser znajduje si\u0119 na zboczu. W przypadku maszyny p\u00f3\u0142automatycznej poziomowana jest tylko o\u015b, kt\u00f3ra nie znajduje si\u0119 na zboczu, a w przypadku maszyny w pe\u0142ni automatycznej o\u015b znajduj\u0105ca si\u0119 na zboczu (lub obie) jest r\u00f3wnie\u017c poziomowana do ustawionego nachylenia.      <\/p>\n\n<p>Cyfrowe programowanie nachylenia do \u00b15% zar\u00f3wno w osi X, jak i Y. Obr\u00f3\u0107 laser na bok i u\u017cyj Topcon RL-HV2S, aby wyr\u00f3wna\u0107 co\u015b w pionie. Wszystkimi funkcjami mo\u017cna r\u00f3wnie\u017c sterowa\u0107 za pomoc\u0105 aplikacji Laser Manager firmy Topcon na smartfonie.  <\/p>\n\n<h2 class=\"wp-block-heading\">W\u0142a\u015bciwo\u015bci<\/h2>\n\n<ul class=\"wp-block-list\">\n<li>W pe\u0142ni automatyczny laser nachyleniowy do u\u017cytku na zewn\u0105trz<\/li>\n\n\n\n<li>Zakres poziomowania \u00b1 5\u00b0 za pomoc\u0105 poziomowania silnika<\/li>\n\n\n\n<li>W pe\u0142ni automatyczne nachylenie w 2 osiach \u00b1 5% (mo\u017cliwo\u015b\u0107 \u00b1 15%)<\/li>\n\n\n\n<li>Zastosowanie pionowe m.in. do \u015bcian, szalunk\u00f3w i ogrodze\u0144<\/li>\n\n\n\n<li>Automatyczne monitorowanie wysoko\u015bci zatrzymuje laser w przypadku silnych wibracji. Zapobiega to b\u0142\u0119dom wysoko\u015bci. <\/li>\n\n\n\n<li>Sterowanie za pomoc\u0105 smartfona za pomoc\u0105 nowej aplikacji Topcon Laser Manager<\/li>\n\n\n\n<li>Bardzo wytrzyma\u0142a obudowa o stopniu ochrony IP66<\/li>\n\n\n\n<li>Wysokowydajne akumulatory NiMH zapewniaj\u0105ce d\u0142ug\u0105 \u017cywotno\u015b\u0107 i do 60 godzin ci\u0105g\u0142ej pracy<\/li>\n<\/ul>\n","protected":false},"excerpt":{"rendered":"<p>Ten cyfrowy laser budowlany o podw\u00f3jnym nachyleniu mo\u017ce by\u0107 u\u017cywany do poziomych, uko\u015bnych i pionowych zastosowa\u0144 laserowych. Dzi\u0119ki zasi\u0119gowi roboczemu 800 metr\u00f3w i maksymalnemu odchyleniu wynosz\u0105cemu zaledwie 0,5 mm na 10 metrach, RL-HV2S jest jednym z najdok\u0142adniejszych laser\u00f3w w swojej klasie.   <\/p>\n<p><strong>Podana cena dotyczy pe\u0142nego zestawu (laser + statyw max. 1m80 + akumulator + \u0142adowarka + odbiornik cyfrowy (LS-80X) + tyczka laserowa + etui)<\/strong><\/p>\n","protected":false},"featured_media":17322,"template":"","meta":{"_acf_changed":false},"product_brand":[1261],"product_cat":[907],"product_tag":[],"class_list":{"0":"post-17301","1":"product","2":"type-product","3":"status-publish","4":"has-post-thumbnail","6":"product_brand-topcon-pl","7":"product_cat-lasery-i-odbiorniki","9":"first","10":"instock","11":"taxable","12":"shipping-taxable","13":"purchasable","14":"product-type-simple"},"acf":[],"_links":{"self":[{"href":"https:\/\/mdbouwmachines.be\/pl\/wp-json\/wp\/v2\/product\/17301","targetHints":{"allow":["GET"]}}],"collection":[{"href":"https:\/\/mdbouwmachines.be\/pl\/wp-json\/wp\/v2\/product"}],"about":[{"href":"https:\/\/mdbouwmachines.be\/pl\/wp-json\/wp\/v2\/types\/product"}],"wp:featuredmedia":[{"embeddable":true,"href":"https:\/\/mdbouwmachines.be\/pl\/wp-json\/wp\/v2\/media\/17322"}],"wp:attachment":[{"href":"https:\/\/mdbouwmachines.be\/pl\/wp-json\/wp\/v2\/media?parent=17301"}],"wp:term":[{"taxonomy":"product_brand","embeddable":true,"href":"https:\/\/mdbouwmachines.be\/pl\/wp-json\/wp\/v2\/product_brand?post=17301"},{"taxonomy":"product_cat","embeddable":true,"href":"https:\/\/mdbouwmachines.be\/pl\/wp-json\/wp\/v2\/product_cat?post=17301"},{"taxonomy":"product_tag","embeddable":true,"href":"https:\/\/mdbouwmachines.be\/pl\/wp-json\/wp\/v2\/product_tag?post=17301"}],"curies":[{"name":"wp","href":"https:\/\/api.w.org\/{rel}","templated":true}]}}