{"id":17288,"date":"2025-02-27T14:17:55","date_gmt":"2025-02-27T13:17:55","guid":{"rendered":"https:\/\/mdbouwmachines.be\/product\/silniki-wiertnicze-dme32mw-dme32uw\/"},"modified":"2025-03-07T15:05:23","modified_gmt":"2025-03-07T14:05:23","slug":"silniki-wiertnicze-dme32mw-dme32uw","status":"publish","type":"product","link":"https:\/\/mdbouwmachines.be\/pl\/produkt\/silniki-wiertnicze-dme32mw-dme32uw\/","title":{"rendered":"Silniki wiertnicze DME32MW | DME32UW"},"content":{"rendered":"\n<p>Silnik wiertniczy DME32 w klasie mocy 3,2 kW \u0142\u0105czy w sobie doskona\u0142\u0105 wydajno\u015b\u0107 wiercenia z kompaktow\u0105 konstrukcj\u0105. Silnik wiertniczy DME32 w klasie mocy 3,2 kW \u0142\u0105czy w sobie doskona\u0142\u0105 wydajno\u015b\u0107 wiercenia z kompaktow\u0105 konstrukcj\u0105. Mechaniczne i elektroniczne zabezpieczenie przed przeci\u0105\u017ceniem oraz ca\u0142kowicie metalowa obudowa gwarantuj\u0105 wysok\u0105 niezawodno\u015b\u0107. Wbudowany wska\u017anik wydajno\u015bci i serwisu oraz pomoc w poziomowaniu u\u0142atwiaj\u0105 r\u00f3wnie\u017c sterowanie panelem sterowania. Przek\u0142adnia z dodatkow\u0105 regulacj\u0105 pr\u0119dko\u015bci (funkcja wiercenia stali) zapewnia optymaln\u0105 pr\u0119dko\u015b\u0107 wiercenia. Silnik wiertarki DME32 jest dost\u0119pny z systemem szybkiego zwalniania Modul Drill\u2122 lub p\u0142yt\u0105 uniwersaln\u0105.     <\/p>\n\n<div class=\"wp-block-file\"><a id=\"wp-block-file--media-6f46e42f-dd43-428a-8386-9713352608b2\" href=\"https:\/\/mdbouwmachines.be\/wp-content\/uploads\/2025\/02\/Boormotoren-DME32MW-DME32UW.pdf\">Arkusz danych technicznych<\/a><a href=\"https:\/\/mdbouwmachines.be\/wp-content\/uploads\/2025\/02\/Boormotoren-DME32MW-DME32UW.pdf\" class=\"wp-block-file__button wp-element-button\" download=\"\" aria-describedby=\"wp-block-file--media-6f46e42f-dd43-428a-8386-9713352608b2\">Pobiera\u0107<\/a><\/div>\n","protected":false},"excerpt":{"rendered":"<p>Wiercenie do \u00d8 350 mm<br \/>Nowa, kompaktowa, wytrzyma\u0142a i ergonomiczna konstrukcja<br \/>R\u00f3\u017cne przy\u0142\u0105cza statywu wiertniczego: ModulDrill\u2122 lub p\u0142yta uniwersalna<br \/>Wska\u017anik wydajno\u015bci i obs\u0142ugi, pomoc w poziomowaniu i wyb\u00f3r funkcji wiercenia.<\/p>\n","protected":false},"featured_media":16150,"template":"","meta":{"_acf_changed":false},"product_brand":[1154],"product_cat":[887],"product_tag":[],"class_list":{"0":"post-17288","1":"product","2":"type-product","3":"status-publish","4":"has-post-thumbnail","6":"product_brand-tyrolit-pl","7":"product_cat-wiercenie-rdzeniowe","9":"first","10":"instock","11":"taxable","12":"shipping-taxable","13":"purchasable","14":"product-type-simple"},"acf":[],"_links":{"self":[{"href":"https:\/\/mdbouwmachines.be\/pl\/wp-json\/wp\/v2\/product\/17288","targetHints":{"allow":["GET"]}}],"collection":[{"href":"https:\/\/mdbouwmachines.be\/pl\/wp-json\/wp\/v2\/product"}],"about":[{"href":"https:\/\/mdbouwmachines.be\/pl\/wp-json\/wp\/v2\/types\/product"}],"wp:featuredmedia":[{"embeddable":true,"href":"https:\/\/mdbouwmachines.be\/pl\/wp-json\/wp\/v2\/media\/16150"}],"wp:attachment":[{"href":"https:\/\/mdbouwmachines.be\/pl\/wp-json\/wp\/v2\/media?parent=17288"}],"wp:term":[{"taxonomy":"product_brand","embeddable":true,"href":"https:\/\/mdbouwmachines.be\/pl\/wp-json\/wp\/v2\/product_brand?post=17288"},{"taxonomy":"product_cat","embeddable":true,"href":"https:\/\/mdbouwmachines.be\/pl\/wp-json\/wp\/v2\/product_cat?post=17288"},{"taxonomy":"product_tag","embeddable":true,"href":"https:\/\/mdbouwmachines.be\/pl\/wp-json\/wp\/v2\/product_tag?post=17288"}],"curies":[{"name":"wp","href":"https:\/\/api.w.org\/{rel}","templated":true}]}}