{"id":17281,"date":"2025-02-27T14:13:24","date_gmt":"2025-02-27T13:13:24","guid":{"rendered":"https:\/\/mdbouwmachines.be\/product\/silniki-wiertnicze-dme26mw-dme26uw\/"},"modified":"2025-03-07T15:05:23","modified_gmt":"2025-03-07T14:05:23","slug":"silniki-wiertnicze-dme26mw-dme26uw","status":"publish","type":"product","link":"https:\/\/mdbouwmachines.be\/pl\/produkt\/silniki-wiertnicze-dme26mw-dme26uw\/","title":{"rendered":"Silniki wiertnicze DME26MW | DME26UW"},"content":{"rendered":"\n<p>DME26 z mocnym silnikiem o mocy 2,6 kW jest idealny do wiercenia koronowego o \u015brednicy do 250 mm. DME26 z mocnym silnikiem o mocy 2,6 kW jest idealny do wiercenia koronowego o \u015brednicy do 250 mm. 3-biegowa przek\u0142adnia wraz z dodatkow\u0105 regulacj\u0105 pr\u0119dko\u015bci obrotowej (funkcja rozruchu stali) zapewniaj\u0105 optymaln\u0105 pr\u0119dko\u015b\u0107 wiercenia. Mechaniczne i elektroniczne zabezpieczenie przed przeci\u0105\u017ceniem oraz ca\u0142kowicie metalowa obudowa gwarantuj\u0105 wysok\u0105 niezawodno\u015b\u0107. Wbudowane wska\u017aniki wydajno\u015bci i serwisowej oraz system wspomagania poziomowania sprawiaj\u0105, \u017ce panel sterowania jest \u0142atwy w obs\u0142udze. DME26 jest dost\u0119pny z r\u00f3\u017cnymi przy\u0142\u0105czami (system szybkiej wymiany ModulDrill\u2122 lub p\u0142yta uniwersalna)     <\/p>\n\n<div class=\"wp-block-file\"><a id=\"wp-block-file--media-efaf1c40-fd9d-46df-96d5-9e592618e288\" href=\"https:\/\/mdbouwmachines.be\/wp-content\/uploads\/2025\/02\/Boormotoren-DME26MW-DME26UW.pdf\">Arkusz danych technicznych<\/a><a href=\"https:\/\/mdbouwmachines.be\/wp-content\/uploads\/2025\/02\/Boormotoren-DME26MW-DME26UW.pdf\" class=\"wp-block-file__button wp-element-button\" download=\"\" aria-describedby=\"wp-block-file--media-efaf1c40-fd9d-46df-96d5-9e592618e288\">Pobiera\u0107<\/a><\/div>\n","protected":false},"excerpt":{"rendered":"<p>Wiercenie do \u00d8 250 mm<br \/>Kompaktowa, wytrzyma\u0142a i ergonomiczna konstrukcja<br \/>Wska\u017anik wydajno\u015bci i serwisowania, wspomaganie poziomowania i wyb\u00f3r trybu wiercenia<br \/>R\u00f3\u017cne po\u0142\u0105czenia: ModulDrill\u2122 lub p\u0142yta uniwersalna<\/p>\n","protected":false},"featured_media":16134,"template":"","meta":{"_acf_changed":false},"product_brand":[1154],"product_cat":[887],"product_tag":[],"class_list":{"0":"post-17281","1":"product","2":"type-product","3":"status-publish","4":"has-post-thumbnail","6":"product_brand-tyrolit-pl","7":"product_cat-wiercenie-rdzeniowe","9":"first","10":"instock","11":"taxable","12":"shipping-taxable","13":"purchasable","14":"product-type-simple"},"acf":[],"_links":{"self":[{"href":"https:\/\/mdbouwmachines.be\/pl\/wp-json\/wp\/v2\/product\/17281","targetHints":{"allow":["GET"]}}],"collection":[{"href":"https:\/\/mdbouwmachines.be\/pl\/wp-json\/wp\/v2\/product"}],"about":[{"href":"https:\/\/mdbouwmachines.be\/pl\/wp-json\/wp\/v2\/types\/product"}],"wp:featuredmedia":[{"embeddable":true,"href":"https:\/\/mdbouwmachines.be\/pl\/wp-json\/wp\/v2\/media\/16134"}],"wp:attachment":[{"href":"https:\/\/mdbouwmachines.be\/pl\/wp-json\/wp\/v2\/media?parent=17281"}],"wp:term":[{"taxonomy":"product_brand","embeddable":true,"href":"https:\/\/mdbouwmachines.be\/pl\/wp-json\/wp\/v2\/product_brand?post=17281"},{"taxonomy":"product_cat","embeddable":true,"href":"https:\/\/mdbouwmachines.be\/pl\/wp-json\/wp\/v2\/product_cat?post=17281"},{"taxonomy":"product_tag","embeddable":true,"href":"https:\/\/mdbouwmachines.be\/pl\/wp-json\/wp\/v2\/product_tag?post=17281"}],"curies":[{"name":"wp","href":"https:\/\/api.w.org\/{rel}","templated":true}]}}