{"id":17269,"date":"2025-02-27T13:53:29","date_gmt":"2025-02-27T12:53:29","guid":{"rendered":"https:\/\/mdbouwmachines.be\/product\/silnik-wiertarki-dme17dp\/"},"modified":"2025-03-07T15:05:21","modified_gmt":"2025-03-07T14:05:21","slug":"silnik-wiertarki-dme17dp","status":"publish","type":"product","link":"https:\/\/mdbouwmachines.be\/pl\/produkt\/silnik-wiertarki-dme17dp\/","title":{"rendered":"Silnik wiertarki DME17DP"},"content":{"rendered":"\n<p>DME17 to 2-biegowy silnik do wiercenia na sucho do wiercenia o \u015brednicy do 200 mm. Mocny silnik o mocy 2,0 kW w po\u0142\u0105czeniu z prze\u0142\u0105czan\u0105 funkcj\u0105 wiercenia udarowego zwi\u0119ksza wydajno\u015b\u0107 wiercenia w \u017celbecie lub innych twardych materia\u0142ach. Maszyna mo\u017ce by\u0107 u\u017cywana zar\u00f3wno z r\u0119ki, jak i na statywie wiertarskim. Kompaktowa konstrukcja, niewielka waga i wbudowany system odsysania py\u0142u sprawiaj\u0105, \u017ce wiertnica koronowa jest bardzo przyjazna dla u\u017cytkownika. Cech\u0105 szczeg\u00f3ln\u0105 tego modelu jest to, \u017ce jest on dost\u0119pny w trzech wersjach pr\u0119dko\u015bci (standardowa, wolna i szybka), dzi\u0119ki czemu idealnie nadaje si\u0119 do najbardziej zr\u00f3\u017cnicowanych potrzeb klient\u00f3w.    <\/p>\n\n<div class=\"wp-block-file\"><a id=\"wp-block-file--media-8568186c-4c23-49c2-8310-e78995ea9e66\" href=\"https:\/\/mdbouwmachines.be\/wp-content\/uploads\/2025\/02\/Boormotor-DME17DP.pdf\">Arkusz danych technicznych<\/a><a href=\"https:\/\/mdbouwmachines.be\/wp-content\/uploads\/2025\/02\/Boormotor-DME17DP.pdf\" class=\"wp-block-file__button wp-element-button\" download=\"\" aria-describedby=\"wp-block-file--media-8568186c-4c23-49c2-8310-e78995ea9e66\">Pobiera\u0107<\/a><\/div>\n","protected":false},"excerpt":{"rendered":"<p>Wiercenie rdzeniowe do \u00d8 200 mm<br \/>2-biegowa z prze\u0142\u0105czan\u0105 funkcj\u0105 wiercenia udarowego dla optymalnej wydajno\u015bci wiercenia<br \/>Wbudowany system odsysania py\u0142u zapewnia czyste \u015brodowisko pracy<br \/>Mo\u017ce by\u0107 u\u017cywany w r\u0119ku i na statywie<\/p>\n","protected":false},"featured_media":16100,"template":"","meta":{"_acf_changed":false},"product_brand":[1154],"product_cat":[887],"product_tag":[],"class_list":{"0":"post-17269","1":"product","2":"type-product","3":"status-publish","4":"has-post-thumbnail","6":"product_brand-tyrolit-pl","7":"product_cat-wiercenie-rdzeniowe","9":"first","10":"instock","11":"taxable","12":"shipping-taxable","13":"purchasable","14":"product-type-simple"},"acf":[],"_links":{"self":[{"href":"https:\/\/mdbouwmachines.be\/pl\/wp-json\/wp\/v2\/product\/17269","targetHints":{"allow":["GET"]}}],"collection":[{"href":"https:\/\/mdbouwmachines.be\/pl\/wp-json\/wp\/v2\/product"}],"about":[{"href":"https:\/\/mdbouwmachines.be\/pl\/wp-json\/wp\/v2\/types\/product"}],"wp:featuredmedia":[{"embeddable":true,"href":"https:\/\/mdbouwmachines.be\/pl\/wp-json\/wp\/v2\/media\/16100"}],"wp:attachment":[{"href":"https:\/\/mdbouwmachines.be\/pl\/wp-json\/wp\/v2\/media?parent=17269"}],"wp:term":[{"taxonomy":"product_brand","embeddable":true,"href":"https:\/\/mdbouwmachines.be\/pl\/wp-json\/wp\/v2\/product_brand?post=17269"},{"taxonomy":"product_cat","embeddable":true,"href":"https:\/\/mdbouwmachines.be\/pl\/wp-json\/wp\/v2\/product_cat?post=17269"},{"taxonomy":"product_tag","embeddable":true,"href":"https:\/\/mdbouwmachines.be\/pl\/wp-json\/wp\/v2\/product_tag?post=17269"}],"curies":[{"name":"wp","href":"https:\/\/api.w.org\/{rel}","templated":true}]}}