{"id":17258,"date":"2025-02-27T15:29:47","date_gmt":"2025-02-27T14:29:47","guid":{"rendered":"https:\/\/mdbouwmachines.be\/product\/statyw-wiertarski-dra250-i-dru250\/"},"modified":"2025-03-07T15:05:25","modified_gmt":"2025-03-07T14:05:25","slug":"statyw-wiertarski-dra250-i-dru250","status":"publish","type":"product","link":"https:\/\/mdbouwmachines.be\/pl\/produkt\/statyw-wiertarski-dra250-i-dru250\/","title":{"rendered":"Statyw wiertarski DRA250 I DRU250"},"content":{"rendered":"\n<p>Imponuj\u0105ca stabilno\u015b\u0107 i wydajno\u015b\u0107 wiercenia dzi\u0119ki solidnemu wykonaniu i solidnym z\u0119bom bocznym statywu. Stojaki wiertnicze DRA250 | DRU250 oferuj\u0105 imponuj\u0105c\u0105 stabilno\u015b\u0107 i wydajno\u015b\u0107 wiercenia dzi\u0119ki solidnej obr\u00f3bce i wytrzyma\u0142ym szerokim z\u0119bom na przewodzie wiertniczym. Optymalne podparcie ze stabiln\u0105 prowadnic\u0105 rolkow\u0105 gwarantuje precyzyjne wiercenie. Sprawdzony system szybkiego mocowania ModulDrill\u2122 umo\u017cliwia szybki i bezpieczny monta\u017c silnik\u00f3w wiertniczych. Ponadto wska\u017anik punktu \u015brodkowego (DRU250), wy\u015bwietlacz k\u0105ta nachylenia i dwubiegowy nap\u0119d posuwu zwi\u0119kszaj\u0105 przyjazno\u015b\u0107 dla u\u017cytkownika i pomagaj\u0105 zaoszcz\u0119dzi\u0107 cenny czas. Kompaktowa, lekka konstrukcja u\u0142atwiaj\u0105ca transport oraz \u0142atwy monta\u017c i demonta\u017c uzupe\u0142nia system.     <\/p>\n\n<div class=\"wp-block-file\"><a id=\"wp-block-file--media-ad7f775b-3cff-42a0-9c38-8952b0c66dc5\" href=\"https:\/\/mdbouwmachines.be\/wp-content\/uploads\/2025\/02\/Boorstatief-DRA250-DRU250.pdf\">Arkusz danych technicznych<\/a><a href=\"https:\/\/mdbouwmachines.be\/wp-content\/uploads\/2025\/02\/Boorstatief-DRA250-DRU250.pdf\" class=\"wp-block-file__button wp-element-button\" download=\"\" aria-describedby=\"wp-block-file--media-ad7f775b-3cff-42a0-9c38-8952b0c66dc5\">Pobiera\u0107<\/a><\/div>\n","protected":false},"excerpt":{"rendered":"<p>Wiercenie do \u00d8 250 mm<br \/>System szybkiego zwalniania ModulDrill\u2122 \u2013 szybkie, \u0142atwe i bezpieczne mocowanie silnika wiertarki.<br \/>Niem\u0119cz\u0105ca, ergonomiczna praca dzi\u0119ki precyzyjnemu przenoszeniu posuwu (1= 1:3,5).<br \/>DRU250 z podstaw\u0105 podci\u015bnieniow\u0105 z ko\u0142kiem aluminiowym. Wierci\u0107 w najw\u0119\u017cszych przestrzeniach za pomoc\u0105 stalowej stopki do ko\u0142k\u00f3w DRA250. <\/p>\n","protected":false},"featured_media":16304,"template":"","meta":{"_acf_changed":false},"product_brand":[1154],"product_cat":[887],"product_tag":[],"class_list":{"0":"post-17258","1":"product","2":"type-product","3":"status-publish","4":"has-post-thumbnail","6":"product_brand-tyrolit-pl","7":"product_cat-wiercenie-rdzeniowe","9":"first","10":"instock","11":"taxable","12":"shipping-taxable","13":"purchasable","14":"product-type-simple"},"acf":[],"_links":{"self":[{"href":"https:\/\/mdbouwmachines.be\/pl\/wp-json\/wp\/v2\/product\/17258","targetHints":{"allow":["GET"]}}],"collection":[{"href":"https:\/\/mdbouwmachines.be\/pl\/wp-json\/wp\/v2\/product"}],"about":[{"href":"https:\/\/mdbouwmachines.be\/pl\/wp-json\/wp\/v2\/types\/product"}],"wp:featuredmedia":[{"embeddable":true,"href":"https:\/\/mdbouwmachines.be\/pl\/wp-json\/wp\/v2\/media\/16304"}],"wp:attachment":[{"href":"https:\/\/mdbouwmachines.be\/pl\/wp-json\/wp\/v2\/media?parent=17258"}],"wp:term":[{"taxonomy":"product_brand","embeddable":true,"href":"https:\/\/mdbouwmachines.be\/pl\/wp-json\/wp\/v2\/product_brand?post=17258"},{"taxonomy":"product_cat","embeddable":true,"href":"https:\/\/mdbouwmachines.be\/pl\/wp-json\/wp\/v2\/product_cat?post=17258"},{"taxonomy":"product_tag","embeddable":true,"href":"https:\/\/mdbouwmachines.be\/pl\/wp-json\/wp\/v2\/product_tag?post=17258"}],"curies":[{"name":"wp","href":"https:\/\/api.w.org\/{rel}","templated":true}]}}