{"id":17252,"date":"2025-02-27T15:22:58","date_gmt":"2025-02-27T14:22:58","guid":{"rendered":"https:\/\/mdbouwmachines.be\/product\/statyw-wiertarski-dra150\/"},"modified":"2025-03-07T15:05:25","modified_gmt":"2025-03-07T14:05:25","slug":"statyw-wiertarski-dra150","status":"publish","type":"product","link":"https:\/\/mdbouwmachines.be\/pl\/produkt\/statyw-wiertarski-dra150\/","title":{"rendered":"Statyw wiertarski DRA150"},"content":{"rendered":"\n<p>DRA150 doskonale nadaje si\u0119 do prac elektrycznych i instalacyjnych. Ten statyw nadaje si\u0119 do wierte\u0142 o d\u0142ugo\u015bci do 550 mm i do wiercenia pod k\u0105tem. Przyjazny dla u\u017cytkownika dzi\u0119ki wska\u017anikowi punktu centralnego, poziomicy i uchwytowi transportowemu.  <\/p>\n\n<div class=\"wp-block-file\"><a id=\"wp-block-file--media-9f44842e-dd37-4a9c-8cde-da11276dd6e3\" href=\"https:\/\/mdbouwmachines.be\/wp-content\/uploads\/2025\/02\/Boorstatief-DRA150.pdf\">Arkusz danych technicznych<\/a><a href=\"https:\/\/mdbouwmachines.be\/wp-content\/uploads\/2025\/02\/Boorstatief-DRA150.pdf\" class=\"wp-block-file__button wp-element-button\" download=\"\" aria-describedby=\"wp-block-file--media-9f44842e-dd37-4a9c-8cde-da11276dd6e3\">Pobiera\u0107<\/a><\/div>\n","protected":false},"excerpt":{"rendered":"<p>Wiercenie do \u00d8 152 mm<br \/>Zintegrowany wska\u017anik punktu \u015brodkowego.<br \/>Kompaktowa stopka do ko\u0142k\u00f3w.<br \/>Opcjonalna p\u0142yta podci\u015bnieniowa.<\/p>\n","protected":false},"featured_media":16232,"template":"","meta":{"_acf_changed":false},"product_brand":[1154],"product_cat":[887],"product_tag":[],"class_list":{"0":"post-17252","1":"product","2":"type-product","3":"status-publish","4":"has-post-thumbnail","6":"product_brand-tyrolit-pl","7":"product_cat-wiercenie-rdzeniowe","9":"first","10":"instock","11":"taxable","12":"shipping-taxable","13":"purchasable","14":"product-type-simple"},"acf":[],"_links":{"self":[{"href":"https:\/\/mdbouwmachines.be\/pl\/wp-json\/wp\/v2\/product\/17252","targetHints":{"allow":["GET"]}}],"collection":[{"href":"https:\/\/mdbouwmachines.be\/pl\/wp-json\/wp\/v2\/product"}],"about":[{"href":"https:\/\/mdbouwmachines.be\/pl\/wp-json\/wp\/v2\/types\/product"}],"wp:featuredmedia":[{"embeddable":true,"href":"https:\/\/mdbouwmachines.be\/pl\/wp-json\/wp\/v2\/media\/16232"}],"wp:attachment":[{"href":"https:\/\/mdbouwmachines.be\/pl\/wp-json\/wp\/v2\/media?parent=17252"}],"wp:term":[{"taxonomy":"product_brand","embeddable":true,"href":"https:\/\/mdbouwmachines.be\/pl\/wp-json\/wp\/v2\/product_brand?post=17252"},{"taxonomy":"product_cat","embeddable":true,"href":"https:\/\/mdbouwmachines.be\/pl\/wp-json\/wp\/v2\/product_cat?post=17252"},{"taxonomy":"product_tag","embeddable":true,"href":"https:\/\/mdbouwmachines.be\/pl\/wp-json\/wp\/v2\/product_tag?post=17252"}],"curies":[{"name":"wp","href":"https:\/\/api.w.org\/{rel}","templated":true}]}}