{"id":17251,"date":"2025-02-27T15:26:30","date_gmt":"2025-02-27T14:26:30","guid":{"rendered":"https:\/\/mdbouwmachines.be\/product\/statyw-wiertarski-dru160\/"},"modified":"2025-03-07T15:05:25","modified_gmt":"2025-03-07T14:05:25","slug":"statyw-wiertarski-dru160","status":"publish","type":"product","link":"https:\/\/mdbouwmachines.be\/pl\/produkt\/statyw-wiertarski-dru160\/","title":{"rendered":"Statyw wiertarski DRU160"},"content":{"rendered":"\n<p>Lekko\u015b\u0107 wiert\u0142a wytrzymuje do \u00d8 160 mm. Ustandaryzowany system szyjek zaciskowych umo\u017cliwia szybki monta\u017c popularnych silnik\u00f3w wiertniczych. Oszcz\u0119dzaj\u0105ce czas ustawianie statywu dzi\u0119ki centralnemu wska\u017anikowi, wska\u017anikowi k\u0105ta i poziomicy. Maksymalna elastyczno\u015b\u0107 dzi\u0119ki opcji mocowania kotwowego lub pr\u00f3\u017cniowego.   <\/p>\n\n<div class=\"wp-block-file\"><a id=\"wp-block-file--media-f2d60516-a5a9-45c4-83c4-3eba7e94bf57\" href=\"https:\/\/mdbouwmachines.be\/wp-content\/uploads\/2025\/02\/Boorstatief-DRU160.pdf\">Arkusz danych technicznych<\/a><a href=\"https:\/\/mdbouwmachines.be\/wp-content\/uploads\/2025\/02\/Boorstatief-DRU160.pdf\" class=\"wp-block-file__button wp-element-button\" download=\"\" aria-describedby=\"wp-block-file--media-f2d60516-a5a9-45c4-83c4-3eba7e94bf57\">Pobiera\u0107<\/a><\/div>\n","protected":false},"excerpt":{"rendered":"<p>Wiercenie do \u00d8 160 mm<br \/>Precyzyjna praca dzi\u0119ki wysokiej jako\u015bci podparciu ze stabiln\u0105 prowadnic\u0105 rolkow\u0105.<br \/>Uniwersalny zakres zastosowania dzi\u0119ki regulacji krzy\u017cowej 90\u00b0-45\u00b0.<br \/>Efektywne wyr\u00f3wnanie statywu dzi\u0119ki znormalizowanemu wskazaniu punktu \u015brodkowego.<\/p>\n","protected":false},"featured_media":16253,"template":"","meta":{"_acf_changed":false},"product_brand":[1154],"product_cat":[887],"product_tag":[],"class_list":{"0":"post-17251","1":"product","2":"type-product","3":"status-publish","4":"has-post-thumbnail","6":"product_brand-tyrolit-pl","7":"product_cat-wiercenie-rdzeniowe","9":"first","10":"instock","11":"taxable","12":"shipping-taxable","13":"purchasable","14":"product-type-simple"},"acf":[],"_links":{"self":[{"href":"https:\/\/mdbouwmachines.be\/pl\/wp-json\/wp\/v2\/product\/17251","targetHints":{"allow":["GET"]}}],"collection":[{"href":"https:\/\/mdbouwmachines.be\/pl\/wp-json\/wp\/v2\/product"}],"about":[{"href":"https:\/\/mdbouwmachines.be\/pl\/wp-json\/wp\/v2\/types\/product"}],"wp:featuredmedia":[{"embeddable":true,"href":"https:\/\/mdbouwmachines.be\/pl\/wp-json\/wp\/v2\/media\/16253"}],"wp:attachment":[{"href":"https:\/\/mdbouwmachines.be\/pl\/wp-json\/wp\/v2\/media?parent=17251"}],"wp:term":[{"taxonomy":"product_brand","embeddable":true,"href":"https:\/\/mdbouwmachines.be\/pl\/wp-json\/wp\/v2\/product_brand?post=17251"},{"taxonomy":"product_cat","embeddable":true,"href":"https:\/\/mdbouwmachines.be\/pl\/wp-json\/wp\/v2\/product_cat?post=17251"},{"taxonomy":"product_tag","embeddable":true,"href":"https:\/\/mdbouwmachines.be\/pl\/wp-json\/wp\/v2\/product_tag?post=17251"}],"curies":[{"name":"wp","href":"https:\/\/api.w.org\/{rel}","templated":true}]}}