{"id":17245,"date":"2025-02-27T15:18:13","date_gmt":"2025-02-27T14:18:13","guid":{"rendered":"https:\/\/mdbouwmachines.be\/product\/system-wiercenia-rdzeniowego-drs162\/"},"modified":"2025-03-07T15:05:24","modified_gmt":"2025-03-07T14:05:24","slug":"system-wiercenia-rdzeniowego-drs162","status":"publish","type":"product","link":"https:\/\/mdbouwmachines.be\/pl\/produkt\/system-wiercenia-rdzeniowego-drs162\/","title":{"rendered":"System wiercenia rdzeniowego DRS162"},"content":{"rendered":"\n<p>Idealny model wiertnicy rdzeniowej klasy podstawowej. Silnik wiertarki i statyw wiertniczy s\u0105 do siebie optymalnie dopasowane i tworz\u0105 ca\u0142o\u015b\u0107. Sta\u0142a pr\u0119dko\u015b\u0107 i kompaktowa, lekka konstrukcja gwarantuj\u0105 \u0142atw\u0105 obs\u0142ug\u0119. Zintegrowany wy\u0142\u0105cznik ochronny PRCD zapewnia maksymalne bezpiecze\u0144stwo.   <\/p>\n\n<div class=\"wp-block-file\"><a id=\"wp-block-file--media-48d1150f-34f7-4107-966f-d7932c77145f\" href=\"https:\/\/mdbouwmachines.be\/wp-content\/uploads\/2025\/02\/Kernboorsysteem-DRS162.pdf\">Arkusz danych technicznych<\/a><a href=\"https:\/\/mdbouwmachines.be\/wp-content\/uploads\/2025\/02\/Kernboorsysteem-DRS162.pdf\" class=\"wp-block-file__button wp-element-button\" download=\"\" aria-describedby=\"wp-block-file--media-48d1150f-34f7-4107-966f-d7932c77145f\">Pobiera\u0107<\/a><\/div>\n","protected":false},"excerpt":{"rendered":"<p>Wiercenie rdzeniowe do \u00d8 162 mm<br \/>Silnik o mocy 2,5 kW.<br \/>1 ko\u0142o z\u0119bate do wiercenia o \u015brednicach do 162 mm.<br \/>Oszcz\u0119dzaj\u0105ca miejsce opcja mocowania za pomoc\u0105 stopki ko\u0142kowej.<\/p>\n","protected":false},"featured_media":16205,"template":"","meta":{"_acf_changed":false},"product_brand":[1154],"product_cat":[887],"product_tag":[],"class_list":{"0":"post-17245","1":"product","2":"type-product","3":"status-publish","4":"has-post-thumbnail","6":"product_brand-tyrolit-pl","7":"product_cat-wiercenie-rdzeniowe","9":"first","10":"instock","11":"taxable","12":"shipping-taxable","13":"purchasable","14":"product-type-simple"},"acf":[],"_links":{"self":[{"href":"https:\/\/mdbouwmachines.be\/pl\/wp-json\/wp\/v2\/product\/17245","targetHints":{"allow":["GET"]}}],"collection":[{"href":"https:\/\/mdbouwmachines.be\/pl\/wp-json\/wp\/v2\/product"}],"about":[{"href":"https:\/\/mdbouwmachines.be\/pl\/wp-json\/wp\/v2\/types\/product"}],"wp:featuredmedia":[{"embeddable":true,"href":"https:\/\/mdbouwmachines.be\/pl\/wp-json\/wp\/v2\/media\/16205"}],"wp:attachment":[{"href":"https:\/\/mdbouwmachines.be\/pl\/wp-json\/wp\/v2\/media?parent=17245"}],"wp:term":[{"taxonomy":"product_brand","embeddable":true,"href":"https:\/\/mdbouwmachines.be\/pl\/wp-json\/wp\/v2\/product_brand?post=17245"},{"taxonomy":"product_cat","embeddable":true,"href":"https:\/\/mdbouwmachines.be\/pl\/wp-json\/wp\/v2\/product_cat?post=17245"},{"taxonomy":"product_tag","embeddable":true,"href":"https:\/\/mdbouwmachines.be\/pl\/wp-json\/wp\/v2\/product_tag?post=17245"}],"curies":[{"name":"wp","href":"https:\/\/api.w.org\/{rel}","templated":true}]}}