{"id":17238,"date":"2025-02-27T14:28:38","date_gmt":"2025-02-27T13:28:38","guid":{"rendered":"https:\/\/mdbouwmachines.be\/product\/silnik-wiertarki-dme52uw\/"},"modified":"2025-03-07T15:05:23","modified_gmt":"2025-03-07T14:05:23","slug":"silnik-wiertarki-dme52uw","status":"publish","type":"product","link":"https:\/\/mdbouwmachines.be\/pl\/produkt\/silnik-wiertarki-dme52uw\/","title":{"rendered":"Silnik wiertarki DME52UW"},"content":{"rendered":"\n<p>DME52UW to mocny, ch\u0142odzony wod\u0105, 3-fazowy silnik o mocy 5,2 kW. Moc 5,2 kW w po\u0142\u0105czeniu ze skrzyni\u0105 bieg\u00f3w smarowan\u0105 w k\u0105pieli olejowej zapewnia optymalny moment obrotowy i pr\u0119dko\u015b\u0107 obrotow\u0105, co zapewnia doskona\u0142\u0105 wydajno\u015b\u0107 wiercenia do 500 mm \u015brednicy. W pe\u0142ni metalowa obudowa, sprz\u0119g\u0142o po\u015blizgowe, ochrona termiczna i stopie\u0144 ochrony IP55 gwarantuj\u0105 maksymaln\u0105 niezawodno\u015b\u0107. Przyjazny dla u\u017cytkownika dzi\u0119ki wska\u017anikowi zasilania LED, softstartowi i elementowi przeciwciernemu.   <\/p>\n\n<div class=\"wp-block-file\"><a id=\"wp-block-file--media-8d84a620-837d-4af1-a2de-1c983474ee22\" href=\"https:\/\/mdbouwmachines.be\/wp-content\/uploads\/2025\/02\/Boormotor-DME52UW.pdf\">Arkusz danych technicznych<\/a><a href=\"https:\/\/mdbouwmachines.be\/wp-content\/uploads\/2025\/02\/Boormotor-DME52UW.pdf\" class=\"wp-block-file__button wp-element-button\" download=\"\" aria-describedby=\"wp-block-file--media-8d84a620-837d-4af1-a2de-1c983474ee22\">Pobiera\u0107<\/a><\/div>\n","protected":false},"excerpt":{"rendered":"<p>Wiercenie do \u00d8 500 mm<br \/>Mocny silnik 5,2 kW 400 V, 3-fazowy.<br \/>3-biegowa skrzynia bieg\u00f3w ze smarowaniem w k\u0105pieli olejowej, sprz\u0119g\u0142em po\u015blizgowym i pomp\u0105 oleju.<br \/>Wytrzyma\u0142a klawiatura pokryta tworzywem sztucznym, wska\u017anik zasilania LED i mi\u0119kki start.<\/p>\n","protected":false},"featured_media":16172,"template":"","meta":{"_acf_changed":false},"product_brand":[1154],"product_cat":[887],"product_tag":[],"class_list":{"0":"post-17238","1":"product","2":"type-product","3":"status-publish","4":"has-post-thumbnail","6":"product_brand-tyrolit-pl","7":"product_cat-wiercenie-rdzeniowe","9":"first","10":"instock","11":"taxable","12":"shipping-taxable","13":"purchasable","14":"product-type-simple"},"acf":[],"_links":{"self":[{"href":"https:\/\/mdbouwmachines.be\/pl\/wp-json\/wp\/v2\/product\/17238","targetHints":{"allow":["GET"]}}],"collection":[{"href":"https:\/\/mdbouwmachines.be\/pl\/wp-json\/wp\/v2\/product"}],"about":[{"href":"https:\/\/mdbouwmachines.be\/pl\/wp-json\/wp\/v2\/types\/product"}],"wp:featuredmedia":[{"embeddable":true,"href":"https:\/\/mdbouwmachines.be\/pl\/wp-json\/wp\/v2\/media\/16172"}],"wp:attachment":[{"href":"https:\/\/mdbouwmachines.be\/pl\/wp-json\/wp\/v2\/media?parent=17238"}],"wp:term":[{"taxonomy":"product_brand","embeddable":true,"href":"https:\/\/mdbouwmachines.be\/pl\/wp-json\/wp\/v2\/product_brand?post=17238"},{"taxonomy":"product_cat","embeddable":true,"href":"https:\/\/mdbouwmachines.be\/pl\/wp-json\/wp\/v2\/product_cat?post=17238"},{"taxonomy":"product_tag","embeddable":true,"href":"https:\/\/mdbouwmachines.be\/pl\/wp-json\/wp\/v2\/product_tag?post=17238"}],"curies":[{"name":"wp","href":"https:\/\/api.w.org\/{rel}","templated":true}]}}