{"id":17237,"date":"2025-02-27T15:20:22","date_gmt":"2025-02-27T14:20:22","guid":{"rendered":"https:\/\/mdbouwmachines.be\/product\/system-wiercenia-rdzeniowego-drs250\/"},"modified":"2025-03-07T15:05:24","modified_gmt":"2025-03-07T14:05:24","slug":"system-wiercenia-rdzeniowego-drs250","status":"publish","type":"product","link":"https:\/\/mdbouwmachines.be\/pl\/produkt\/system-wiercenia-rdzeniowego-drs250\/","title":{"rendered":"System wiercenia rdzeniowego DRS250"},"content":{"rendered":"\n<p>System wiertniczy DRS250 \u0142\u0105czy w sobie prostot\u0119 i szeroki zakres \u015brednic wiercenia. Silnik wiertarki i statyw wiertniczy s\u0105 do siebie dopasowane i razem tworz\u0105 jedno\u015b\u0107. Dwubiegowa przek\u0142adnia w k\u0105pieli olejowej zapewnia doskona\u0142e smarowanie we wszystkich pozycjach roboczych. Ponadto zapewnia optymalne dopasowanie momentu obrotowego i pr\u0119dko\u015bci. Dzi\u0119ki kompaktowej i lekkiej konstrukcji urz\u0105dzenie jest \u0142atwe w obs\u0142udze i bardzo przyjazne dla u\u017cytkownika. Dzi\u0119ki mechanicznemu sprz\u0119g\u0142u przesuwnemu i zintegrowanemu wy\u0142\u0105cznikowi bezpiecze\u0144stwa PRCD masz pewno\u015b\u0107 optymalnego bezpiecze\u0144stwa. Opcjonalna p\u0142yta podci\u015bnieniowa zapewnia wi\u0119ksz\u0105 elastyczno\u015b\u0107 w monta\u017cu systemu.      <\/p>\n\n<div class=\"wp-block-file\"><a id=\"wp-block-file--media-ef073f1c-a0f7-452d-b54e-5d4fee09462a\" href=\"https:\/\/mdbouwmachines.be\/wp-content\/uploads\/2025\/02\/Kernboorsysteem-DRS250.png\">Arkusz danych technicznych<\/a><a href=\"https:\/\/mdbouwmachines.be\/wp-content\/uploads\/2025\/02\/Kernboorsysteem-DRS250.png\" class=\"wp-block-file__button wp-element-button\" download=\"\" aria-describedby=\"wp-block-file--media-ef073f1c-a0f7-452d-b54e-5d4fee09462a\">Pobiera\u0107<\/a><\/div>\n","protected":false},"excerpt":{"rendered":"<p>Wiercenie rdzeniowe do \u00d8 250 mm<br \/>\u015arednica wiert\u0142a do 250 mm z dwoma ko\u0142ami z\u0119batymi.<br \/>Mocny silnik o mocy 2,5 kW.<br \/>Oszcz\u0119dzaj\u0105ca miejsce opcja mocowania za pomoc\u0105 stopy kotwi\u0105cej.<\/p>\n","protected":false},"featured_media":16216,"template":"","meta":{"_acf_changed":false},"product_brand":[1154],"product_cat":[887],"product_tag":[],"class_list":{"0":"post-17237","1":"product","2":"type-product","3":"status-publish","4":"has-post-thumbnail","6":"product_brand-tyrolit-pl","7":"product_cat-wiercenie-rdzeniowe","9":"first","10":"instock","11":"taxable","12":"shipping-taxable","13":"purchasable","14":"product-type-simple"},"acf":[],"_links":{"self":[{"href":"https:\/\/mdbouwmachines.be\/pl\/wp-json\/wp\/v2\/product\/17237","targetHints":{"allow":["GET"]}}],"collection":[{"href":"https:\/\/mdbouwmachines.be\/pl\/wp-json\/wp\/v2\/product"}],"about":[{"href":"https:\/\/mdbouwmachines.be\/pl\/wp-json\/wp\/v2\/types\/product"}],"wp:featuredmedia":[{"embeddable":true,"href":"https:\/\/mdbouwmachines.be\/pl\/wp-json\/wp\/v2\/media\/16216"}],"wp:attachment":[{"href":"https:\/\/mdbouwmachines.be\/pl\/wp-json\/wp\/v2\/media?parent=17237"}],"wp:term":[{"taxonomy":"product_brand","embeddable":true,"href":"https:\/\/mdbouwmachines.be\/pl\/wp-json\/wp\/v2\/product_brand?post=17237"},{"taxonomy":"product_cat","embeddable":true,"href":"https:\/\/mdbouwmachines.be\/pl\/wp-json\/wp\/v2\/product_cat?post=17237"},{"taxonomy":"product_tag","embeddable":true,"href":"https:\/\/mdbouwmachines.be\/pl\/wp-json\/wp\/v2\/product_tag?post=17237"}],"curies":[{"name":"wp","href":"https:\/\/api.w.org\/{rel}","templated":true}]}}