{"id":17233,"date":"2025-02-27T13:55:09","date_gmt":"2025-02-27T12:55:09","guid":{"rendered":"https:\/\/mdbouwmachines.be\/product\/lissmac-compactcut-202-e\/"},"modified":"2025-03-07T15:05:22","modified_gmt":"2025-03-07T14:05:22","slug":"lissmac-compactcut-202-e","status":"publish","type":"product","link":"https:\/\/mdbouwmachines.be\/pl\/produkt\/lissmac-compactcut-202-e\/","title":{"rendered":"Lissmac Compactcut 202 E"},"content":{"rendered":"\n<p>COMPACTCUT 202 E z bezemisyjnym silnikiem o mocy 5 kW jest wszechstronny i idealnie nadaje si\u0119 do mniejszych prac. Podczas ci\u0119cia asfaltu i betonu kompaktowa przecinarka jezdna osi\u0105ga g\u0142\u0119boko\u015b\u0107 ci\u0119cia do 200 mm.<br\/>Ta pi\u0142a jezdna wyr\u00f3\u017cnia si\u0119 \u0142atw\u0105 obs\u0142ug\u0105 na w\u0119\u017cszych podw\u00f3rkach, trudno dost\u0119pnych miejscach, a zw\u0142aszcza w pomieszczeniach. Pod wzgl\u0119dem ekonomicznym ta pi\u0142a przegubowa przekonuje doskona\u0142ym stosunkiem ceny do wydajno\u015bci.  <\/p>\n\n<div class=\"wp-block-file\"><a id=\"wp-block-file--media-06c9d8d4-e8b1-4327-9afc-f0edef052a20\" href=\"https:\/\/mdbouwmachines.be\/wp-content\/uploads\/2025\/02\/Lissmac202E.pdf\">Arkusz danych technicznych<\/a><a href=\"https:\/\/mdbouwmachines.be\/wp-content\/uploads\/2025\/02\/Lissmac202E.pdf\" class=\"wp-block-file__button wp-element-button\" download=\"\" aria-describedby=\"wp-block-file--media-06c9d8d4-e8b1-4327-9afc-f0edef052a20\">Pobiera\u0107<\/a><\/div>\n","protected":false},"excerpt":{"rendered":"<p>Elektryczna kompaktowa, wytrzyma\u0142a przecinarka jezdna. Idealny do drobnych napraw w asfalcie i. <\/p>\n","protected":false},"featured_media":16186,"template":"","meta":{"_acf_changed":false},"product_brand":[1155],"product_cat":[332],"product_tag":[],"class_list":{"0":"post-17233","1":"product","2":"type-product","3":"status-publish","4":"has-post-thumbnail","6":"product_brand-lissmac-pl","7":"product_cat-pily-podlogowe","9":"first","10":"instock","11":"taxable","12":"shipping-taxable","13":"purchasable","14":"product-type-simple"},"acf":[],"_links":{"self":[{"href":"https:\/\/mdbouwmachines.be\/pl\/wp-json\/wp\/v2\/product\/17233","targetHints":{"allow":["GET"]}}],"collection":[{"href":"https:\/\/mdbouwmachines.be\/pl\/wp-json\/wp\/v2\/product"}],"about":[{"href":"https:\/\/mdbouwmachines.be\/pl\/wp-json\/wp\/v2\/types\/product"}],"wp:featuredmedia":[{"embeddable":true,"href":"https:\/\/mdbouwmachines.be\/pl\/wp-json\/wp\/v2\/media\/16186"}],"wp:attachment":[{"href":"https:\/\/mdbouwmachines.be\/pl\/wp-json\/wp\/v2\/media?parent=17233"}],"wp:term":[{"taxonomy":"product_brand","embeddable":true,"href":"https:\/\/mdbouwmachines.be\/pl\/wp-json\/wp\/v2\/product_brand?post=17233"},{"taxonomy":"product_cat","embeddable":true,"href":"https:\/\/mdbouwmachines.be\/pl\/wp-json\/wp\/v2\/product_cat?post=17233"},{"taxonomy":"product_tag","embeddable":true,"href":"https:\/\/mdbouwmachines.be\/pl\/wp-json\/wp\/v2\/product_tag?post=17233"}],"curies":[{"name":"wp","href":"https:\/\/api.w.org\/{rel}","templated":true}]}}