{"id":17226,"date":"2025-03-05T16:31:45","date_gmt":"2025-03-05T15:31:45","guid":{"rendered":"https:\/\/mdbouwmachines.be\/product\/topcon-rl-h5a-laser\/"},"modified":"2025-03-07T14:56:18","modified_gmt":"2025-03-07T13:56:18","slug":"topcon-rl-h5a-laser","status":"publish","type":"product","link":"https:\/\/mdbouwmachines.be\/pl\/produkt\/topcon-rl-h5a-laser\/","title":{"rendered":"Topcon RL-H5A Laser"},"content":{"rendered":"\n<hr class=\"wp-block-separator has-alpha-channel-opacity is-style-dots\" \/>\n\n<p>Nast\u0119pca bardzo udanego H4C, ale nadal tak dok\u0142adny, solidny i niezawodny jak wcze\u015bniej. Mo\u017cliwo\u015bci H5A s\u0105 identyczne jak jego poprzednika, mo\u017cna go r\u00f3wnie\u017c ustawi\u0107 w jednym spadku, posiada funkcj\u0119 skanowania i funkcj\u0119 TILT. Niezawodno\u015b\u0107 H4C zosta\u0142a przeniesiona na H5A, dzi\u0119ki czemu laser ten jest r\u00f3wnie\u017c doskona\u0142ej jako\u015bci i niezwykle dok\u0142adny. Wszystkie lasery obrotowe, kt\u00f3re opuszczaj\u0105 fabryk\u0119, musz\u0105 spe\u0142ni\u0107 szereg rygorystycznych wymaga\u0144, zanim b\u0119d\u0105 mog\u0142y zosta\u0107 sprzedane. Lasery s\u0105 testowane m.in. pod k\u0105tem wytrzyma\u0142o\u015bci, dok\u0142adno\u015bci, wytrzyma\u0142o\u015bci diody i odporno\u015bci na upadki.    <\/p>\n\n<p>Podstawowy odbiornik r\u0119czny LS-80X jest do\u0142\u0105czony w standardzie. Istnieje r\u00f3wnie\u017c mo\u017cliwo\u015b\u0107 zam\u00f3wienia LS-100D, ten cyfrowy odbiornik wskazuje r\u00f3\u017cnic\u0119 wysoko\u015bci w milimetrach. <\/p>\n","protected":false},"excerpt":{"rendered":"<p>Najlepiej sprzedaj\u0105cy si\u0119 laser budowlany z gamy laser\u00f3w Topcon! Dzi\u0119ki zasi\u0119gowi roboczemu 800 metr\u00f3w i maksymalnemu odchyleniu wynosz\u0105cemu zaledwie 0,5 mm na 10 metr\u00f3w, RL-H5A jest jednym z najdok\u0142adniejszych laser\u00f3w w swojej klasie.   <\/p>\n<p><strong>Podana cena dotyczy pe\u0142nego zestawu (laser + statyw max. 1m80 + akumulator + \u0142adowarka + odbiornik cyfrowy <strong>(LS-80X)<\/strong> + tyczka laserowa + etui)<\/strong><\/p>\n","protected":false},"featured_media":17218,"template":"","meta":{"_acf_changed":false},"product_brand":[1261],"product_cat":[907],"product_tag":[],"class_list":{"0":"post-17226","1":"product","2":"type-product","3":"status-publish","4":"has-post-thumbnail","6":"product_brand-topcon-pl","7":"product_cat-lasery-i-odbiorniki","9":"first","10":"instock","11":"taxable","12":"shipping-taxable","13":"purchasable","14":"product-type-simple"},"acf":[],"_links":{"self":[{"href":"https:\/\/mdbouwmachines.be\/pl\/wp-json\/wp\/v2\/product\/17226","targetHints":{"allow":["GET"]}}],"collection":[{"href":"https:\/\/mdbouwmachines.be\/pl\/wp-json\/wp\/v2\/product"}],"about":[{"href":"https:\/\/mdbouwmachines.be\/pl\/wp-json\/wp\/v2\/types\/product"}],"wp:featuredmedia":[{"embeddable":true,"href":"https:\/\/mdbouwmachines.be\/pl\/wp-json\/wp\/v2\/media\/17218"}],"wp:attachment":[{"href":"https:\/\/mdbouwmachines.be\/pl\/wp-json\/wp\/v2\/media?parent=17226"}],"wp:term":[{"taxonomy":"product_brand","embeddable":true,"href":"https:\/\/mdbouwmachines.be\/pl\/wp-json\/wp\/v2\/product_brand?post=17226"},{"taxonomy":"product_cat","embeddable":true,"href":"https:\/\/mdbouwmachines.be\/pl\/wp-json\/wp\/v2\/product_cat?post=17226"},{"taxonomy":"product_tag","embeddable":true,"href":"https:\/\/mdbouwmachines.be\/pl\/wp-json\/wp\/v2\/product_tag?post=17226"}],"curies":[{"name":"wp","href":"https:\/\/api.w.org\/{rel}","templated":true}]}}