{"id":17092,"date":"2025-03-05T14:52:05","date_gmt":"2025-03-05T13:52:05","guid":{"rendered":"https:\/\/mdbouwmachines.be\/?post_type=product&#038;p=17092"},"modified":"2025-03-20T13:41:25","modified_gmt":"2025-03-20T12:41:25","slug":"bkgm-280-vs-4km-kopie-kopie-2","status":"publish","type":"product","link":"https:\/\/mdbouwmachines.be\/pl\/produkt\/bkgm-280-vs-4km-kopie-kopie-2\/","title":{"rendered":"BKG 450 E Kod Usterki 4KM"},"content":{"rendered":"\n<h2 class=\"wp-block-heading\">Kluczowe cechy<\/h2>\n\n<ul class=\"wp-block-list\">\n<li>Jednoskorupowa obudowa, wytrzyma\u0142a i kompaktowa dla mniejszej przestrzeni.<\/li>\n\n\n\n<li>Mocne reflektory LED z przodu i z ty\u0142u (opcjonalnie).<\/li>\n\n\n\n<li>Pe\u0142na przek\u0142adnia z przek\u0142adniami poddanymi obr\u00f3bce cieplnej dla maksymalnego<br\/>niezawodno\u015b\u0107 i trwa\u0142o\u015b\u0107.<\/li>\n\n\n\n<li>Lewituj\u0105ce planetarium z redukcj\u0105 szum\u00f3w.<\/li>\n\n\n\n<li>2 lata gwarancji: GWARANCJA na maszyny wyposa\u017cone w<br\/>\u201eLicznik godzin\u201d wynosi do 2 lat lub 600 godzin pracy.<\/li>\n\n\n\n<li>Nowa inteligentna i sk\u0142adana rama.<\/li>\n\n\n\n<li>Zajmuje niewiele miejsca i mo\u017cna go przewozi\u0107 w baga\u017cniku samochodu.<\/li>\n\n\n\n<li>Mo\u017cna go r\u00f3wnie\u017c podzieli\u0107 na dwie cz\u0119\u015bci.<\/li>\n<\/ul>\n\n<hr class=\"wp-block-separator has-alpha-channel-opacity\" \/>\n\n<h2 class=\"wp-block-heading\">Informacje techniczne<\/h2>\n\n<figure class=\"wp-block-table\"><table class=\"has-fixed-layout\"><tbody><tr><td class=\"has-text-align-center\" data-align=\"center\"><strong>Model<\/strong><\/td><td class=\"has-text-align-center\" data-align=\"center\"><strong>Silnik<\/strong><\/td><td class=\"has-text-align-center\" data-align=\"center\"><strong>Wolt<\/strong><\/td><td class=\"has-text-align-center\" data-align=\"center\"><strong>RPM<\/strong><\/td><td class=\"has-text-align-center\" data-align=\"center\"><strong>\u015arednica<\/strong><\/td><td class=\"has-text-align-center\" data-align=\"center\"><strong>Wymiary<\/strong><\/td><td class=\"has-text-align-center\" data-align=\"center\"><strong>Waga<\/strong><\/td><\/tr><tr><td class=\"has-text-align-center\" data-align=\"center\">Zobacz materia\u0142 BKG 450E<\/td><td class=\"has-text-align-center\" data-align=\"center\">2900 wat\u00f3w<\/td><td class=\"has-text-align-center\" data-align=\"center\">220<\/td><td class=\"has-text-align-center\" data-align=\"center\">800<\/td><td class=\"has-text-align-center\" data-align=\"center\">450 mm<\/td><td class=\"has-text-align-center\" data-align=\"center\">120x125x47<\/td><td class=\"has-text-align-center\" data-align=\"center\">117 kg<\/td><\/tr><tr><td class=\"has-text-align-center\" data-align=\"center\">BKG 450E Stany Zjednoczone<\/td><td class=\"has-text-align-center\" data-align=\"center\">3000 wat\u00f3w<\/td><td class=\"has-text-align-center\" data-align=\"center\">220<\/td><td class=\"has-text-align-center\" data-align=\"center\">600-1000<\/td><td class=\"has-text-align-center\" data-align=\"center\">450 mm<\/td><td class=\"has-text-align-center\" data-align=\"center\">120x125x47<\/td><td class=\"has-text-align-center\" data-align=\"center\">120 kg<\/td><\/tr><\/tbody><\/table><\/figure>\n\n<div class=\"wp-block-file\"><a id=\"wp-block-file--media-68ee3f32-e38c-4a88-9653-c11f1fc3e676\" href=\"https:\/\/mdbouwmachines.be\/wp-content\/uploads\/2025\/03\/BKG-Catalogue.pdf\">Katalog BKG<\/a><a href=\"https:\/\/mdbouwmachines.be\/wp-content\/uploads\/2025\/03\/BKG-Catalogue.pdf\" class=\"wp-block-file__button wp-element-button\" download=\"\" aria-describedby=\"wp-block-file--media-68ee3f32-e38c-4a88-9653-c11f1fc3e676\">Pobiera\u0107<\/a><\/div>\n","protected":false},"excerpt":{"rendered":"<p>Profesjonalna szlifierka technologiczna. System DCT pozwala wybra\u0107 p\u0142ynn\u0105 prac\u0119 z samym obrotem narz\u0119dzi (tryb DCT ON), lub z klasycznym pe\u0142nym obrotem planetarnym (tryb DCT OFF). <\/p>\n","protected":false},"featured_media":17567,"template":"","meta":{"_acf_changed":false},"product_brand":[1126],"product_cat":[857],"product_tag":[],"class_list":{"0":"post-17092","1":"product","2":"type-product","3":"status-publish","4":"has-post-thumbnail","6":"product_brand-barikell-pl","7":"product_cat-maszyny-do-polerowania","9":"first","10":"instock","11":"taxable","12":"shipping-taxable","13":"purchasable","14":"product-type-variable","15":"has-default-attributes"},"acf":[],"_links":{"self":[{"href":"https:\/\/mdbouwmachines.be\/pl\/wp-json\/wp\/v2\/product\/17092","targetHints":{"allow":["GET"]}}],"collection":[{"href":"https:\/\/mdbouwmachines.be\/pl\/wp-json\/wp\/v2\/product"}],"about":[{"href":"https:\/\/mdbouwmachines.be\/pl\/wp-json\/wp\/v2\/types\/product"}],"wp:featuredmedia":[{"embeddable":true,"href":"https:\/\/mdbouwmachines.be\/pl\/wp-json\/wp\/v2\/media\/17567"}],"wp:attachment":[{"href":"https:\/\/mdbouwmachines.be\/pl\/wp-json\/wp\/v2\/media?parent=17092"}],"wp:term":[{"taxonomy":"product_brand","embeddable":true,"href":"https:\/\/mdbouwmachines.be\/pl\/wp-json\/wp\/v2\/product_brand?post=17092"},{"taxonomy":"product_cat","embeddable":true,"href":"https:\/\/mdbouwmachines.be\/pl\/wp-json\/wp\/v2\/product_cat?post=17092"},{"taxonomy":"product_tag","embeddable":true,"href":"https:\/\/mdbouwmachines.be\/pl\/wp-json\/wp\/v2\/product_tag?post=17092"}],"curies":[{"name":"wp","href":"https:\/\/api.w.org\/{rel}","templated":true}]}}