{"id":17062,"date":"2025-03-05T14:26:37","date_gmt":"2025-03-05T13:26:37","guid":{"rendered":"https:\/\/mdbouwmachines.be\/?post_type=product&#038;p=17062"},"modified":"2025-03-20T13:41:32","modified_gmt":"2025-03-20T12:41:32","slug":"bkgm-280-vs-4km-kopie-kopie","status":"publish","type":"product","link":"https:\/\/mdbouwmachines.be\/pl\/produkt\/bkgm-280-vs-4km-kopie-kopie\/","title":{"rendered":"BKGM 650 Stany Zjednoczone"},"content":{"rendered":"\n<h2 class=\"wp-block-heading\"><\/h2>\n\n<hr class=\"wp-block-separator has-alpha-channel-opacity\" \/>\n\n<h2 class=\"wp-block-heading\">Definicja:<\/h2>\n\n<p>Szlifierka jednotarczowa idealna do przygotowania powierzchni na du\u017cych powierzchniach. Zmienna pr\u0119dko\u015b\u0107 zapewnia u\u017cytkownikowi lepsz\u0105 wydajno\u015b\u0107 w sytuacjach, takich jak usuwanie pow\u0142oki klej\u0105cej, gdy zbyt du\u017ca pr\u0119dko\u015b\u0107 generuje ciep\u0142o, co utrudnia usuwanie. Narz\u0119dzia s\u0105 zamontowane na p\u0142ywaj\u0105cej tarczy, kt\u00f3ra jest przymocowana do z\u0142\u0105cza przeciwwstrz\u0105sowego, co gwarantuje maksymaln\u0105 niezawodno\u015b\u0107. BKGM 650 to jedyna szlifierka jednotarczowa wyposa\u017cona w elektryczny t\u0142ok, kt\u00f3ry umo\u017cliwia regulacj\u0119 nacisku narz\u0119dzia i stabilizacj\u0119 maszyny, aby unikn\u0105\u0107 nieoczekiwanych reakcji operatora. Rezultatem jest wyj\u0105tkowa, nowa maszyna, idealna do szerokiego zakresu prac na pod\u0142ogach. BKGM 650 jest wyposa\u017cona w amortyzatory zar\u00f3wno na tarczy szlifierskiej, jak i na wra\u017cliwych cz\u0119\u015bciach szlifierki, aby zminimalizowa\u0107 wibracje operatora i samej maszyny. BKGM650 to wytrzyma\u0142a maszyna, kt\u00f3ra oferuje wyj\u0105tkow\u0105 wydajno\u015b\u0107, inteligentn\u0105 ergonomi\u0119 u\u0142atwiaj\u0105c\u0105 obs\u0142ug\u0119. Jego typowy design i jako\u015b\u0107 w 100% Made in Italy gwarantuj\u0105 niezawodno\u015b\u0107, d\u0142ugowieczno\u015b\u0107 i najwy\u017csz\u0105 wydajno\u015b\u0107. Barikell produkuje r\u00f3wnie\u017c pe\u0142n\u0105 gam\u0119 narz\u0119dzi diamentowych do BKGM 650, pocz\u0105wszy od najbardziej agresywnych narz\u0119dzi szlifierskich do usuwania bardzo grubych warstw, a sko\u0144czywszy na najdrobniejszych narz\u0119dziach szlifierskich, idealnych do wyka\u0144czania i polerowania posadzek.        <\/p>\n\n<hr class=\"wp-block-separator has-alpha-channel-opacity\" \/>\n\n<h2 class=\"wp-block-heading\">Informacje techniczne<\/h2>\n\n<figure class=\"wp-block-table\"><table class=\"has-fixed-layout\"><tbody><tr><td class=\"has-text-align-center\" data-align=\"center\"><strong>Model<\/strong><\/td><td class=\"has-text-align-center\" data-align=\"center\"><strong>Silnik<\/strong><\/td><td class=\"has-text-align-center\" data-align=\"center\"><strong>Wolt<\/strong><\/td><td class=\"has-text-align-center\" data-align=\"center\"><strong>RPM<\/strong><\/td><td class=\"has-text-align-center\" data-align=\"center\"><strong>\u015arednica<\/strong><\/td><td class=\"has-text-align-center\" data-align=\"center\"><strong>Wymiary<\/strong><\/td><td class=\"has-text-align-center\" data-align=\"center\"><strong>Waga<\/strong><\/td><\/tr><tr><td class=\"has-text-align-center\" data-align=\"center\">BKGM 650 Stany Zjednoczone<\/td><td class=\"has-text-align-center\" data-align=\"center\">15 KM<\/td><td class=\"has-text-align-center\" data-align=\"center\">380-480<\/td><td class=\"has-text-align-center\" data-align=\"center\">700-1100<\/td><td class=\"has-text-align-center\" data-align=\"center\">400 mm<\/td><td class=\"has-text-align-center\" data-align=\"center\">120x125x67<\/td><td class=\"has-text-align-center\" data-align=\"center\">320 kg<\/td><\/tr><\/tbody><\/table><\/figure>\n\n<hr class=\"wp-block-separator has-alpha-channel-opacity\" \/>\n\n<div class=\"wp-block-columns is-layout-flex wp-container-core-columns-is-layout-28f84493 wp-block-columns-is-layout-flex\">\n<div class=\"wp-block-column is-layout-flow wp-block-column-is-layout-flow\" style=\"flex-basis:25%\">\n<h2 class=\"wp-block-heading\">Katalog<\/h2>\n<\/div>\n\n\n\n<div class=\"wp-block-column is-layout-flow wp-block-column-is-layout-flow\" style=\"flex-basis:50%\">\n<div class=\"wp-block-file\"><a href=\"https:\/\/mdbouwmachines.be\/wp-content\/uploads\/2025\/03\/BKG-Catalogue-1.pdf\" class=\"wp-block-file__button wp-element-button\" download=\"\">Pobiera\u0107<\/a><\/div>\n<\/div>\n\n\n\n<div class=\"wp-block-column is-layout-flow wp-block-column-is-layout-flow\" style=\"flex-basis:25%\"><\/div>\n<\/div>\n","protected":false},"excerpt":{"rendered":"<p>Profesjonalna szlifierka jednotarczowa o zmiennej pr\u0119dko\u015bci obrotowej.<\/p>\n","protected":false},"featured_media":17074,"template":"","meta":{"_acf_changed":false},"product_brand":[1126],"product_cat":[857],"product_tag":[],"class_list":{"0":"post-17062","1":"product","2":"type-product","3":"status-publish","4":"has-post-thumbnail","6":"product_brand-barikell-pl","7":"product_cat-maszyny-do-polerowania","9":"first","10":"instock","11":"taxable","12":"shipping-taxable","13":"purchasable","14":"product-type-simple"},"acf":[],"_links":{"self":[{"href":"https:\/\/mdbouwmachines.be\/pl\/wp-json\/wp\/v2\/product\/17062","targetHints":{"allow":["GET"]}}],"collection":[{"href":"https:\/\/mdbouwmachines.be\/pl\/wp-json\/wp\/v2\/product"}],"about":[{"href":"https:\/\/mdbouwmachines.be\/pl\/wp-json\/wp\/v2\/types\/product"}],"wp:featuredmedia":[{"embeddable":true,"href":"https:\/\/mdbouwmachines.be\/pl\/wp-json\/wp\/v2\/media\/17074"}],"wp:attachment":[{"href":"https:\/\/mdbouwmachines.be\/pl\/wp-json\/wp\/v2\/media?parent=17062"}],"wp:term":[{"taxonomy":"product_brand","embeddable":true,"href":"https:\/\/mdbouwmachines.be\/pl\/wp-json\/wp\/v2\/product_brand?post=17062"},{"taxonomy":"product_cat","embeddable":true,"href":"https:\/\/mdbouwmachines.be\/pl\/wp-json\/wp\/v2\/product_cat?post=17062"},{"taxonomy":"product_tag","embeddable":true,"href":"https:\/\/mdbouwmachines.be\/pl\/wp-json\/wp\/v2\/product_tag?post=17062"}],"curies":[{"name":"wp","href":"https:\/\/api.w.org\/{rel}","templated":true}]}}