{"id":16974,"date":"2025-03-05T13:30:39","date_gmt":"2025-03-05T12:30:39","guid":{"rendered":"https:\/\/mdbouwmachines.be\/product\/bkgm-280-vs-4km\/"},"modified":"2025-03-06T15:03:27","modified_gmt":"2025-03-06T14:03:27","slug":"bkgm-280-vs-4km","status":"publish","type":"product","link":"https:\/\/mdbouwmachines.be\/pl\/produkt\/bkgm-280-vs-4km\/","title":{"rendered":"BKGM 280 4KM"},"content":{"rendered":"\n<h2 class=\"wp-block-heading\">Definicja<\/h2>\n\n<p>BKGM 280 to szlifierka jednotarczowa, bardzo kompaktowa o wysokiej wydajno\u015bci, \u0142atwa w transporcie i osi\u0105gaj\u0105ca w\u0105skie i<br\/>niepraktyczne obszary. Dzi\u0119ki uchylnej g\u0142owicy i sk\u0142adanemu w\u00f3zkowi narz\u0119dziowemu z obustronnie prowadzonymi k\u00f3\u0142kami, BKGM<br\/>Model 280 mo\u017cna przekszta\u0142ci\u0107 w efektywn\u0105 szlifierk\u0119 kraw\u0119dziow\u0105 w ci\u0105gu zaledwie kilku sekund. <\/p>\n\n<hr class=\"wp-block-separator has-alpha-channel-opacity\" \/>\n\n<h2 class=\"wp-block-heading\">Kluczowe cechy:<\/h2>\n\n<ul class=\"wp-block-list\">\n<li>Wysoko\u015b\u0107 obudowy narz\u0119dzia tylko 100 mm! \u015alisko pod p\u00f3\u0142kami itp. <\/li>\n\n\n\n<li>Doskonale wywa\u017cone podczas szlifowania z poziomem wibracji, kt\u00f3ry jest znacznie ni\u017cszy ni\u017c w przypadku innych urz\u0105dze\u0144 dost\u0119pnych na rynku.<\/li>\n\n\n\n<li>G\u0142owica obrotowa w trzech rogach: lewym, \u015brodkowym i prawym. Operacj\u0119 mo\u017cna przeprowadzi\u0107 w ci\u0105gu kilku sekund i bez u\u017cycia narz\u0119dzi. <\/li>\n\n\n\n<li>Uchwyty narz\u0119dziowe zamontowane na zawiasie ruchomym, kt\u00f3ry zawsze pod\u0105\u017ca za pod\u0142og\u0105.<\/li>\n\n\n\n<li>Szybka, bezpieczna i szybka wymiana narz\u0119dzi bez u\u017cycia klucza i m\u0142otka.<\/li>\n\n\n\n<li>Ko\u0142a o regulowanej wysoko\u015bci.<\/li>\n\n\n\n<li>Od\u0142\u0105czane podwozie u\u0142atwiaj\u0105ce transport.<\/li>\n<\/ul>\n\n<hr class=\"wp-block-separator has-alpha-channel-opacity\" \/>\n\n<h2 class=\"wp-block-heading\">Informacje techniczne<\/h2>\n\n<figure class=\"wp-block-table\"><table class=\"has-fixed-layout\"><tbody><tr><td class=\"has-text-align-center\" data-align=\"center\"><strong>Model<\/strong><\/td><td class=\"has-text-align-center\" data-align=\"center\"><strong>Silnik<\/strong><\/td><td class=\"has-text-align-center\" data-align=\"center\"><strong>Wolt<\/strong><\/td><td class=\"has-text-align-center\" data-align=\"center\"><strong>RPM<\/strong><\/td><td class=\"has-text-align-center\" data-align=\"center\"><strong>\u015arednica<\/strong><\/td><td class=\"has-text-align-center\" data-align=\"center\"><strong>Wymiary<\/strong><\/td><td class=\"has-text-align-center\" data-align=\"center\"><strong>Waga<\/strong><\/td><\/tr><tr><td class=\"has-text-align-center\" data-align=\"center\">Zobacz materia\u0142 BKGM 280<\/td><td class=\"has-text-align-center\" data-align=\"center\">2,6 kW<\/td><td class=\"has-text-align-center\" data-align=\"center\">230<\/td><td class=\"has-text-align-center\" data-align=\"center\">1430<\/td><td class=\"has-text-align-center\" data-align=\"center\">280 mm<\/td><td class=\"has-text-align-center\" data-align=\"center\">90x75x39<\/td><td class=\"has-text-align-center\" data-align=\"center\">70 kg<\/td><\/tr><tr><td class=\"has-text-align-center\" data-align=\"center\">BKGM 280 Stany Zjednoczone<\/td><td class=\"has-text-align-center\" data-align=\"center\">3,0 kW<\/td><td class=\"has-text-align-center\" data-align=\"center\">230<\/td><td class=\"has-text-align-center\" data-align=\"center\">840 \u2013 1680<\/td><td class=\"has-text-align-center\" data-align=\"center\">280 mm<\/td><td class=\"has-text-align-center\" data-align=\"center\">90x75x39<\/td><td class=\"has-text-align-center\" data-align=\"center\">76 kg<\/td><\/tr><\/tbody><\/table><\/figure>\n\n<div class=\"wp-block-file\"><a id=\"wp-block-file--media-68ee3f32-e38c-4a88-9653-c11f1fc3e676\" href=\"https:\/\/mdbouwmachines.be\/wp-content\/uploads\/2025\/03\/BKG-Catalogue.pdf\">Katalog BKG<\/a><a href=\"https:\/\/mdbouwmachines.be\/wp-content\/uploads\/2025\/03\/BKG-Catalogue.pdf\" class=\"wp-block-file__button wp-element-button\" download=\"\" aria-describedby=\"wp-block-file--media-68ee3f32-e38c-4a88-9653-c11f1fc3e676\">Pobiera\u0107<\/a><\/div>\n","protected":false},"excerpt":{"rendered":"<p><strong>Profesjonalna szlifierka jednotarczowa o zmiennej pr\u0119dko\u015bci obrotowej. Idealny do szlifowania p\u0142asko przy \u015bcianach. <\/strong><\/p>\n","protected":false},"featured_media":16991,"template":"","meta":{"_acf_changed":false},"product_brand":[1126],"product_cat":[857],"product_tag":[],"class_list":{"0":"post-16974","1":"product","2":"type-product","3":"status-publish","4":"has-post-thumbnail","6":"product_brand-barikell-pl","7":"product_cat-maszyny-do-polerowania","9":"first","10":"instock","11":"taxable","12":"shipping-taxable","13":"purchasable","14":"product-type-variable","15":"has-default-attributes"},"acf":[],"_links":{"self":[{"href":"https:\/\/mdbouwmachines.be\/pl\/wp-json\/wp\/v2\/product\/16974","targetHints":{"allow":["GET"]}}],"collection":[{"href":"https:\/\/mdbouwmachines.be\/pl\/wp-json\/wp\/v2\/product"}],"about":[{"href":"https:\/\/mdbouwmachines.be\/pl\/wp-json\/wp\/v2\/types\/product"}],"wp:featuredmedia":[{"embeddable":true,"href":"https:\/\/mdbouwmachines.be\/pl\/wp-json\/wp\/v2\/media\/16991"}],"wp:attachment":[{"href":"https:\/\/mdbouwmachines.be\/pl\/wp-json\/wp\/v2\/media?parent=16974"}],"wp:term":[{"taxonomy":"product_brand","embeddable":true,"href":"https:\/\/mdbouwmachines.be\/pl\/wp-json\/wp\/v2\/product_brand?post=16974"},{"taxonomy":"product_cat","embeddable":true,"href":"https:\/\/mdbouwmachines.be\/pl\/wp-json\/wp\/v2\/product_cat?post=16974"},{"taxonomy":"product_tag","embeddable":true,"href":"https:\/\/mdbouwmachines.be\/pl\/wp-json\/wp\/v2\/product_tag?post=16974"}],"curies":[{"name":"wp","href":"https:\/\/api.w.org\/{rel}","templated":true}]}}