{"id":16956,"date":"2025-03-04T16:33:23","date_gmt":"2025-03-04T15:33:23","guid":{"rendered":"https:\/\/mdbouwmachines.be\/?post_type=product&#038;p=16956"},"modified":"2025-03-20T13:41:36","modified_gmt":"2025-03-20T12:41:36","slug":"statyw-levelfix-p180em-kopie-kopie","status":"publish","type":"product","link":"https:\/\/mdbouwmachines.be\/pl\/produkt\/statyw-levelfix-p180em-kopie-kopie\/","title":{"rendered":"Odbiornik r\u0119czny Levelfix DLD100GR"},"content":{"rendered":"","protected":false},"excerpt":{"rendered":"<p><strong>Akcesorium do lasera Levelfix 860H.<br \/><\/strong><br \/>Odbiornik cyfrowy z wy\u015bwietlaczem mm. DLD100GR nadaje si\u0119 do wszystkich laser\u00f3w obrotowych z wi\u0105zk\u0105 zielon\u0105 i czerwon\u0105. Odbiornik posiada du\u017ce okno odbiorcze, pod\u015bwietlany i jasny wy\u015bwietlacz oraz ma zasi\u0119g pracy 300 metr\u00f3w.  <\/p>\n","protected":false},"featured_media":16961,"template":"","meta":{"_acf_changed":false},"product_brand":[1255],"product_cat":[907],"product_tag":[],"class_list":{"0":"post-16956","1":"product","2":"type-product","3":"status-publish","4":"has-post-thumbnail","6":"product_brand-levelfix-pl","7":"product_cat-lasery-i-odbiorniki","9":"first","10":"instock","11":"taxable","12":"shipping-taxable","13":"purchasable","14":"product-type-simple"},"acf":[],"_links":{"self":[{"href":"https:\/\/mdbouwmachines.be\/pl\/wp-json\/wp\/v2\/product\/16956","targetHints":{"allow":["GET"]}}],"collection":[{"href":"https:\/\/mdbouwmachines.be\/pl\/wp-json\/wp\/v2\/product"}],"about":[{"href":"https:\/\/mdbouwmachines.be\/pl\/wp-json\/wp\/v2\/types\/product"}],"wp:featuredmedia":[{"embeddable":true,"href":"https:\/\/mdbouwmachines.be\/pl\/wp-json\/wp\/v2\/media\/16961"}],"wp:attachment":[{"href":"https:\/\/mdbouwmachines.be\/pl\/wp-json\/wp\/v2\/media?parent=16956"}],"wp:term":[{"taxonomy":"product_brand","embeddable":true,"href":"https:\/\/mdbouwmachines.be\/pl\/wp-json\/wp\/v2\/product_brand?post=16956"},{"taxonomy":"product_cat","embeddable":true,"href":"https:\/\/mdbouwmachines.be\/pl\/wp-json\/wp\/v2\/product_cat?post=16956"},{"taxonomy":"product_tag","embeddable":true,"href":"https:\/\/mdbouwmachines.be\/pl\/wp-json\/wp\/v2\/product_tag?post=16956"}],"curies":[{"name":"wp","href":"https:\/\/api.w.org\/{rel}","templated":true}]}}