{"id":16946,"date":"2025-03-04T16:28:30","date_gmt":"2025-03-04T15:28:30","guid":{"rendered":"https:\/\/mdbouwmachines.be\/?post_type=product&#038;p=16946"},"modified":"2025-03-20T13:41:38","modified_gmt":"2025-03-20T12:41:38","slug":"statyw-levelfix-p180em-kopie","status":"publish","type":"product","link":"https:\/\/mdbouwmachines.be\/pl\/produkt\/statyw-levelfix-p180em-kopie\/","title":{"rendered":"Tyczka laserowa Levelfix LB240"},"content":{"rendered":"","protected":false},"excerpt":{"rendered":"<p><strong>Akcesorium do laser\u00f3w Levelfix.<br \/><\/strong><br \/>Szybko mierz r\u00f3\u017cnice wysoko\u015bci. Pr\u0119t laserowy u\u0142atwia pomiar r\u00f3\u017cnic wysoko\u015bci. <\/p>\n","protected":false},"featured_media":16951,"template":"","meta":{"_acf_changed":false},"product_brand":[1255],"product_cat":[907],"product_tag":[],"class_list":{"0":"post-16946","1":"product","2":"type-product","3":"status-publish","4":"has-post-thumbnail","6":"product_brand-levelfix-pl","7":"product_cat-lasery-i-odbiorniki","9":"first","10":"instock","11":"taxable","12":"shipping-taxable","13":"purchasable","14":"product-type-simple"},"acf":[],"_links":{"self":[{"href":"https:\/\/mdbouwmachines.be\/pl\/wp-json\/wp\/v2\/product\/16946","targetHints":{"allow":["GET"]}}],"collection":[{"href":"https:\/\/mdbouwmachines.be\/pl\/wp-json\/wp\/v2\/product"}],"about":[{"href":"https:\/\/mdbouwmachines.be\/pl\/wp-json\/wp\/v2\/types\/product"}],"wp:featuredmedia":[{"embeddable":true,"href":"https:\/\/mdbouwmachines.be\/pl\/wp-json\/wp\/v2\/media\/16951"}],"wp:attachment":[{"href":"https:\/\/mdbouwmachines.be\/pl\/wp-json\/wp\/v2\/media?parent=16946"}],"wp:term":[{"taxonomy":"product_brand","embeddable":true,"href":"https:\/\/mdbouwmachines.be\/pl\/wp-json\/wp\/v2\/product_brand?post=16946"},{"taxonomy":"product_cat","embeddable":true,"href":"https:\/\/mdbouwmachines.be\/pl\/wp-json\/wp\/v2\/product_cat?post=16946"},{"taxonomy":"product_tag","embeddable":true,"href":"https:\/\/mdbouwmachines.be\/pl\/wp-json\/wp\/v2\/product_tag?post=16946"}],"curies":[{"name":"wp","href":"https:\/\/api.w.org\/{rel}","templated":true}]}}