{"id":16941,"date":"2025-03-04T16:18:24","date_gmt":"2025-03-04T15:18:24","guid":{"rendered":"https:\/\/mdbouwmachines.be\/product\/statyw-levelfix-p180em\/"},"modified":"2025-03-07T14:58:09","modified_gmt":"2025-03-07T13:58:09","slug":"statyw-levelfix-p180em","status":"publish","type":"product","link":"https:\/\/mdbouwmachines.be\/pl\/produkt\/statyw-levelfix-p180em\/","title":{"rendered":"Statyw Levelfix P180EM"},"content":{"rendered":"","protected":false},"excerpt":{"rendered":"<p><strong>Akcesorium do laser\u00f3w Levelfix.<br \/><\/strong><br \/>Levelfix P180EM to statyw zewn\u0119trzny, dlatego najbardziej nadaje si\u0119 do u\u017cytku na zewn\u0105trz. Statyw jest wyposa\u017cony w metalowe ko\u0144c\u00f3wki n\u00f3g, kt\u00f3re mo\u017cna wcisn\u0105\u0107 w powierzchni\u0119 w celu uzyskania wi\u0119kszej wytrzyma\u0142o\u015bci. Dodatkowo P180EM jest wyposa\u017cony w zabezpieczenie przed rozrzutem.  <\/p>\n","protected":false},"featured_media":16937,"template":"","meta":{"_acf_changed":false},"product_brand":[1255],"product_cat":[907],"product_tag":[],"class_list":{"0":"post-16941","1":"product","2":"type-product","3":"status-publish","4":"has-post-thumbnail","6":"product_brand-levelfix-pl","7":"product_cat-lasery-i-odbiorniki","9":"first","10":"instock","11":"taxable","12":"shipping-taxable","13":"purchasable","14":"product-type-simple"},"acf":[],"_links":{"self":[{"href":"https:\/\/mdbouwmachines.be\/pl\/wp-json\/wp\/v2\/product\/16941","targetHints":{"allow":["GET"]}}],"collection":[{"href":"https:\/\/mdbouwmachines.be\/pl\/wp-json\/wp\/v2\/product"}],"about":[{"href":"https:\/\/mdbouwmachines.be\/pl\/wp-json\/wp\/v2\/types\/product"}],"wp:featuredmedia":[{"embeddable":true,"href":"https:\/\/mdbouwmachines.be\/pl\/wp-json\/wp\/v2\/media\/16937"}],"wp:attachment":[{"href":"https:\/\/mdbouwmachines.be\/pl\/wp-json\/wp\/v2\/media?parent=16941"}],"wp:term":[{"taxonomy":"product_brand","embeddable":true,"href":"https:\/\/mdbouwmachines.be\/pl\/wp-json\/wp\/v2\/product_brand?post=16941"},{"taxonomy":"product_cat","embeddable":true,"href":"https:\/\/mdbouwmachines.be\/pl\/wp-json\/wp\/v2\/product_cat?post=16941"},{"taxonomy":"product_tag","embeddable":true,"href":"https:\/\/mdbouwmachines.be\/pl\/wp-json\/wp\/v2\/product_tag?post=16941"}],"curies":[{"name":"wp","href":"https:\/\/api.w.org\/{rel}","templated":true}]}}