{"id":16911,"date":"2025-03-04T15:44:37","date_gmt":"2025-03-04T14:44:37","guid":{"rendered":"https:\/\/mdbouwmachines.be\/?post_type=product&#038;p=16911"},"modified":"2025-03-20T13:41:44","modified_gmt":"2025-03-20T12:41:44","slug":"lasera-levelfix-860h-kopie","status":"publish","type":"product","link":"https:\/\/mdbouwmachines.be\/pl\/produkt\/lasera-levelfix-860h-kopie\/","title":{"rendered":"Levelfix 860HVS Laser"},"content":{"rendered":"\n<hr class=\"wp-block-separator has-alpha-channel-opacity is-style-dots\" \/>\n\n<p>Wyr\u00f3wnanie staje si\u0119 dziecinnie proste, unikalna funkcja automatycznego wyr\u00f3wnywania zar\u00f3wno na osi x, jak i y zapewnia, \u017ce laser sam znajdzie \u015brodek odbiornika. Umie\u015b\u0107 odbiornik na wysoko\u015bci, a wystarczy jedno naci\u015bni\u0119cie przycisku, aby laser sam wyszuka\u0142 odbiornik i ustawiono nachylenie. Wysoka regulowana pr\u0119dko\u015b\u0107 1200 obr.\/min sprawia, \u017ce laser idealnie nadaje si\u0119 do u\u017cytku z odbiornikami maszyn. Ponadto model 860HVS jest wyposa\u017cony w funkcj\u0119 wy\u0142\u0105czania okien (\u201eza\u015blepiania\u201d niekt\u00f3rych stron). Ta funkcja zapewnia, \u017ce mo\u017cna u\u017cywa\u0107 lasera r\u00f3wnie\u017c tam, gdzie mo\u017ce wyst\u0105pi\u0107 odbicie wi\u0105zki laserowej. Wystarczy wy\u0142\u0105czy\u0107 stron\u0119, kt\u00f3ra powoduje odbicie od okien lub materia\u0142\u00f3w odblaskowych lub w miejscu, w kt\u00f3rym wi\u0105zka lasera nie powinna by\u0107 wykrywalna.     <\/p>\n","protected":false},"excerpt":{"rendered":"<p>Inteligentny cyfrowy laser do spadk\u00f3w. Nachylenie mo\u017cna ustawi\u0107 cyfrowo na obu osiach w modelu 860HVS, kt\u00f3ry jest wyposa\u017cony w du\u017cy i czytelny wy\u015bwietlacz. Technologia SmartSlope zapewnia kontrolowane nachylenie z ochron\u0105 HI i monitoruje wahania temperatury.  <\/p>\n<p><strong>Podana cena dotyczy pe\u0142nego zestawu (laser + pilot + statyw max. 1m80 + akumulator + \u0142adowarka + odbiornik cyfrowy + tyczka laserowa + etui)<\/strong><\/p>\n","protected":false},"featured_media":16921,"template":"","meta":{"_acf_changed":false},"product_brand":[1255],"product_cat":[907],"product_tag":[],"class_list":{"0":"post-16911","1":"product","2":"type-product","3":"status-publish","4":"has-post-thumbnail","6":"product_brand-levelfix-pl","7":"product_cat-lasery-i-odbiorniki","9":"first","10":"instock","11":"taxable","12":"shipping-taxable","13":"purchasable","14":"product-type-simple"},"acf":[],"_links":{"self":[{"href":"https:\/\/mdbouwmachines.be\/pl\/wp-json\/wp\/v2\/product\/16911","targetHints":{"allow":["GET"]}}],"collection":[{"href":"https:\/\/mdbouwmachines.be\/pl\/wp-json\/wp\/v2\/product"}],"about":[{"href":"https:\/\/mdbouwmachines.be\/pl\/wp-json\/wp\/v2\/types\/product"}],"wp:featuredmedia":[{"embeddable":true,"href":"https:\/\/mdbouwmachines.be\/pl\/wp-json\/wp\/v2\/media\/16921"}],"wp:attachment":[{"href":"https:\/\/mdbouwmachines.be\/pl\/wp-json\/wp\/v2\/media?parent=16911"}],"wp:term":[{"taxonomy":"product_brand","embeddable":true,"href":"https:\/\/mdbouwmachines.be\/pl\/wp-json\/wp\/v2\/product_brand?post=16911"},{"taxonomy":"product_cat","embeddable":true,"href":"https:\/\/mdbouwmachines.be\/pl\/wp-json\/wp\/v2\/product_cat?post=16911"},{"taxonomy":"product_tag","embeddable":true,"href":"https:\/\/mdbouwmachines.be\/pl\/wp-json\/wp\/v2\/product_tag?post=16911"}],"curies":[{"name":"wp","href":"https:\/\/api.w.org\/{rel}","templated":true}]}}