{"id":16853,"date":"2025-03-04T14:59:35","date_gmt":"2025-03-04T13:59:35","guid":{"rendered":"https:\/\/mdbouwmachines.be\/product\/lasera-levelfix-860h\/"},"modified":"2025-03-20T13:41:44","modified_gmt":"2025-03-20T12:41:44","slug":"lasera-levelfix-860h","status":"publish","type":"product","link":"https:\/\/mdbouwmachines.be\/pl\/produkt\/lasera-levelfix-860h\/","title":{"rendered":"Lasera Levelfix 860H"},"content":{"rendered":"\n<hr class=\"wp-block-separator has-alpha-channel-opacity is-style-dots\" \/>\n\n<p>Dzi\u0119ki funkcji tiltu laser na bie\u017c\u0105co sprawdza wysoko\u015b\u0107, dzi\u0119ki czemu zawsze pracujesz z odpowiednim rozmiarem. Czy wysoko\u015b\u0107 zmienia si\u0119 wraz z ruchem? Nast\u0119pnie blokuje si\u0119 automatycznie, dzi\u0119ki czemu nigdy nie pope\u0142nisz b\u0142\u0119du. Opr\u00f3cz tej funkcji model 860H posiada funkcj\u0119 nachylenia. Ta funkcja umo\u017cliwia szybkie i \u0142atwe ustawienie p\u00f3\u0142automatycznego nachylenia zar\u00f3wno na osi x, jak i y.    <\/p>\n\n<p>Levelfix 860H jest wyposa\u017cony w cyfrowy odbiornik DLD100GR, co daje mu zasi\u0119g do 600 metr\u00f3w. Ten odbiornik jest dok\u0142adny, \u0142atwy w u\u017cyciu, odporny na wilgo\u0107 i mo\u017ce wytrzyma\u0107 uderzenia. Ponadto odbiornik ten wy\u015bwietla r\u00f3\u017cnic\u0119 do linii 0 w milimetrach.  <\/p>\n","protected":false},"excerpt":{"rendered":"<p>Standard dla ka\u017cdego budynku. 860H to solidny poziomy laser budowlany, kt\u00f3ry mo\u017ce pracowa\u0107 w najtrudniejszych warunkach. Doskona\u0142a wydajno\u015b\u0107 sprawia, \u017ce model 860H jest niezawodnym partnerem w ka\u017cdym projekcie.  <\/p>\n<p><strong>Podana cena dotyczy pe\u0142nego zestawu (laser + statyw max. 1m80 + akumulator + \u0142adowarka + odbiornik + tyczka laserowa + etui)<\/strong><\/p>\n","protected":false},"featured_media":16891,"template":"","meta":{"_acf_changed":false},"product_brand":[1255],"product_cat":[907],"product_tag":[],"class_list":{"0":"post-16853","1":"product","2":"type-product","3":"status-publish","4":"has-post-thumbnail","6":"product_brand-levelfix-pl","7":"product_cat-lasery-i-odbiorniki","9":"first","10":"instock","11":"taxable","12":"shipping-taxable","13":"purchasable","14":"product-type-simple"},"acf":[],"_links":{"self":[{"href":"https:\/\/mdbouwmachines.be\/pl\/wp-json\/wp\/v2\/product\/16853","targetHints":{"allow":["GET"]}}],"collection":[{"href":"https:\/\/mdbouwmachines.be\/pl\/wp-json\/wp\/v2\/product"}],"about":[{"href":"https:\/\/mdbouwmachines.be\/pl\/wp-json\/wp\/v2\/types\/product"}],"wp:featuredmedia":[{"embeddable":true,"href":"https:\/\/mdbouwmachines.be\/pl\/wp-json\/wp\/v2\/media\/16891"}],"wp:attachment":[{"href":"https:\/\/mdbouwmachines.be\/pl\/wp-json\/wp\/v2\/media?parent=16853"}],"wp:term":[{"taxonomy":"product_brand","embeddable":true,"href":"https:\/\/mdbouwmachines.be\/pl\/wp-json\/wp\/v2\/product_brand?post=16853"},{"taxonomy":"product_cat","embeddable":true,"href":"https:\/\/mdbouwmachines.be\/pl\/wp-json\/wp\/v2\/product_cat?post=16853"},{"taxonomy":"product_tag","embeddable":true,"href":"https:\/\/mdbouwmachines.be\/pl\/wp-json\/wp\/v2\/product_tag?post=16853"}],"curies":[{"name":"wp","href":"https:\/\/api.w.org\/{rel}","templated":true}]}}