{"id":16821,"date":"2025-03-04T14:01:34","date_gmt":"2025-03-04T13:01:34","guid":{"rendered":"https:\/\/mdbouwmachines.be\/?post_type=product&#038;p=16821"},"modified":"2025-03-20T13:41:46","modified_gmt":"2025-03-20T12:41:46","slug":"przedluzka-tjep-kopie-kopie","status":"publish","type":"product","link":"https:\/\/mdbouwmachines.be\/pl\/produkt\/przedluzka-tjep-kopie-kopie\/","title":{"rendered":"Akumulator litowo-jonowy TJEP 4,0 Ah"},"content":{"rendered":"","protected":false},"excerpt":{"rendered":"<p><strong>Akcesorium do <a href=\"https:\/\/mdbouwmachines.be\/pl\/produkt\/maszyna-do-plecionki-tjep\/\" data-type=\"link\" data-id=\"https:\/\/mdbouwmachines.be\/product\/tjep-vlechtmachine\/\">plecionkarki TJEP ULTRA GRIP 40<\/a>.<\/strong><br \/><strong><br \/><\/strong>Akumulator litowo-jonowy 4,0 Ah zapewnia wyj\u0105tkowo d\u0142ugie u\u017cytkowanie maszyny.<\/p>\n","protected":false},"featured_media":16826,"template":"","meta":{"_acf_changed":false},"product_brand":[1163],"product_cat":[369],"product_tag":[],"class_list":{"0":"post-16821","1":"product","2":"type-product","3":"status-publish","4":"has-post-thumbnail","6":"product_brand-tjep-pl","7":"product_cat-maszyny-reczne","9":"first","10":"instock","11":"taxable","12":"shipping-taxable","13":"purchasable","14":"product-type-simple"},"acf":[],"_links":{"self":[{"href":"https:\/\/mdbouwmachines.be\/pl\/wp-json\/wp\/v2\/product\/16821","targetHints":{"allow":["GET"]}}],"collection":[{"href":"https:\/\/mdbouwmachines.be\/pl\/wp-json\/wp\/v2\/product"}],"about":[{"href":"https:\/\/mdbouwmachines.be\/pl\/wp-json\/wp\/v2\/types\/product"}],"wp:featuredmedia":[{"embeddable":true,"href":"https:\/\/mdbouwmachines.be\/pl\/wp-json\/wp\/v2\/media\/16826"}],"wp:attachment":[{"href":"https:\/\/mdbouwmachines.be\/pl\/wp-json\/wp\/v2\/media?parent=16821"}],"wp:term":[{"taxonomy":"product_brand","embeddable":true,"href":"https:\/\/mdbouwmachines.be\/pl\/wp-json\/wp\/v2\/product_brand?post=16821"},{"taxonomy":"product_cat","embeddable":true,"href":"https:\/\/mdbouwmachines.be\/pl\/wp-json\/wp\/v2\/product_cat?post=16821"},{"taxonomy":"product_tag","embeddable":true,"href":"https:\/\/mdbouwmachines.be\/pl\/wp-json\/wp\/v2\/product_tag?post=16821"}],"curies":[{"name":"wp","href":"https:\/\/api.w.org\/{rel}","templated":true}]}}