{"id":16811,"date":"2025-03-04T13:57:52","date_gmt":"2025-03-04T12:57:52","guid":{"rendered":"https:\/\/mdbouwmachines.be\/?post_type=product&#038;p=16811"},"modified":"2025-03-20T13:41:48","modified_gmt":"2025-03-20T12:41:48","slug":"przedluzka-tjep-kopie","status":"publish","type":"product","link":"https:\/\/mdbouwmachines.be\/pl\/produkt\/przedluzka-tjep-kopie\/","title":{"rendered":"Kabura TJEP"},"content":{"rendered":"","protected":false},"excerpt":{"rendered":"<p><strong>Akcesorium do <a href=\"https:\/\/mdbouwmachines.be\/pl\/produkt\/maszyna-do-plecionki-tjep\/\" data-type=\"link\" data-id=\"https:\/\/mdbouwmachines.be\/product\/tjep-vlechtmachine\/\">plecionkarki TJEP ULTRA GRIP 40<\/a>.<\/strong><br \/><strong><br \/><\/strong>Por\u0119czne narz\u0119dzie do przechowywania podczas monta\u017cu siatek zbrojeniowych.<\/p>\n","protected":false},"featured_media":16816,"template":"","meta":{"_acf_changed":false},"product_brand":[1163],"product_cat":[369],"product_tag":[],"class_list":{"0":"post-16811","1":"product","2":"type-product","3":"status-publish","4":"has-post-thumbnail","6":"product_brand-tjep-pl","7":"product_cat-maszyny-reczne","9":"first","10":"instock","11":"taxable","12":"shipping-taxable","13":"purchasable","14":"product-type-simple"},"acf":[],"_links":{"self":[{"href":"https:\/\/mdbouwmachines.be\/pl\/wp-json\/wp\/v2\/product\/16811","targetHints":{"allow":["GET"]}}],"collection":[{"href":"https:\/\/mdbouwmachines.be\/pl\/wp-json\/wp\/v2\/product"}],"about":[{"href":"https:\/\/mdbouwmachines.be\/pl\/wp-json\/wp\/v2\/types\/product"}],"wp:featuredmedia":[{"embeddable":true,"href":"https:\/\/mdbouwmachines.be\/pl\/wp-json\/wp\/v2\/media\/16816"}],"wp:attachment":[{"href":"https:\/\/mdbouwmachines.be\/pl\/wp-json\/wp\/v2\/media?parent=16811"}],"wp:term":[{"taxonomy":"product_brand","embeddable":true,"href":"https:\/\/mdbouwmachines.be\/pl\/wp-json\/wp\/v2\/product_brand?post=16811"},{"taxonomy":"product_cat","embeddable":true,"href":"https:\/\/mdbouwmachines.be\/pl\/wp-json\/wp\/v2\/product_cat?post=16811"},{"taxonomy":"product_tag","embeddable":true,"href":"https:\/\/mdbouwmachines.be\/pl\/wp-json\/wp\/v2\/product_tag?post=16811"}],"curies":[{"name":"wp","href":"https:\/\/api.w.org\/{rel}","templated":true}]}}