{"id":16805,"date":"2025-03-04T13:52:57","date_gmt":"2025-03-04T12:52:57","guid":{"rendered":"https:\/\/mdbouwmachines.be\/product\/przedluzka-tjep\/"},"modified":"2025-03-04T16:26:19","modified_gmt":"2025-03-04T15:26:19","slug":"przedluzka-tjep","status":"publish","type":"product","link":"https:\/\/mdbouwmachines.be\/pl\/produkt\/przedluzka-tjep\/","title":{"rendered":"Przed\u0142u\u017cacz TJEP"},"content":{"rendered":"","protected":false},"excerpt":{"rendered":"<p><strong>Akcesorium do <a href=\"https:\/\/mdbouwmachines.be\/product\/tjep-vlechtmachine\/\" data-type=\"link\" data-id=\"https:\/\/mdbouwmachines.be\/product\/tjep-vlechtmachine\/\">plecionkarki TJEP ULTRA GRIP 40<\/a>.<\/strong><\/p>\n<p>Por\u0119czne narz\u0119dzie do przed\u0142u\u017cania do trudno dost\u0119pnych miejsc.<\/p>\n","protected":false},"featured_media":16802,"template":"","meta":{"_acf_changed":false},"product_brand":[1163],"product_cat":[369],"product_tag":[],"class_list":{"0":"post-16805","1":"product","2":"type-product","3":"status-publish","4":"has-post-thumbnail","6":"product_brand-tjep-pl","7":"product_cat-maszyny-reczne","9":"first","10":"instock","11":"taxable","12":"shipping-taxable","13":"purchasable","14":"product-type-simple"},"acf":[],"_links":{"self":[{"href":"https:\/\/mdbouwmachines.be\/pl\/wp-json\/wp\/v2\/product\/16805","targetHints":{"allow":["GET"]}}],"collection":[{"href":"https:\/\/mdbouwmachines.be\/pl\/wp-json\/wp\/v2\/product"}],"about":[{"href":"https:\/\/mdbouwmachines.be\/pl\/wp-json\/wp\/v2\/types\/product"}],"wp:featuredmedia":[{"embeddable":true,"href":"https:\/\/mdbouwmachines.be\/pl\/wp-json\/wp\/v2\/media\/16802"}],"wp:attachment":[{"href":"https:\/\/mdbouwmachines.be\/pl\/wp-json\/wp\/v2\/media?parent=16805"}],"wp:term":[{"taxonomy":"product_brand","embeddable":true,"href":"https:\/\/mdbouwmachines.be\/pl\/wp-json\/wp\/v2\/product_brand?post=16805"},{"taxonomy":"product_cat","embeddable":true,"href":"https:\/\/mdbouwmachines.be\/pl\/wp-json\/wp\/v2\/product_cat?post=16805"},{"taxonomy":"product_tag","embeddable":true,"href":"https:\/\/mdbouwmachines.be\/pl\/wp-json\/wp\/v2\/product_tag?post=16805"}],"curies":[{"name":"wp","href":"https:\/\/api.w.org\/{rel}","templated":true}]}}