{"id":16753,"date":"2025-03-04T13:18:48","date_gmt":"2025-03-04T12:18:48","guid":{"rendered":"https:\/\/mdbouwmachines.be\/product\/tjep-hc-18b-noz-hydra\/"},"modified":"2025-03-04T13:40:09","modified_gmt":"2025-03-04T12:40:09","slug":"tjep-hc-18b-noz-hydra","status":"publish","type":"product","link":"https:\/\/mdbouwmachines.be\/pl\/produkt\/tjep-hc-18b-noz-hydra\/","title":{"rendered":"TJEP HC-18B N\u00f3\u017c Hydra"},"content":{"rendered":"\n<hr class=\"wp-block-separator has-alpha-channel-opacity is-style-dots\" \/>\n\n<h2 class=\"wp-block-heading\">Kluczowe cechy<\/h2>\n\n<ul class=\"wp-block-list\">\n<li>Silnik bezszczotkowy 18 V<\/li>\n\n\n\n<li>G\u0142owica tn\u0105ca w kszta\u0142cie no\u017cyczek zapewnia wydajne i ergonomiczne ci\u0119cie<\/li>\n\n\n\n<li>Obrotowa g\u0142owica tn\u0105ca w kszta\u0142cie no\u017cyczek o 360\u00b0<\/li>\n\n\n\n<li>Tnie pr\u0119ty zbrojeniowe\/siatki do \u00d818 mm<\/li>\n\n\n\n<li>Pr\u0119dko\u015b\u0107 skrawania od 3 do 5 sek.<\/li>\n\n\n\n<li>Mocne i precyzyjne ci\u0119cie<\/li>\n\n\n\n<li>Zaw\u00f3r zwrotny zapewniaj\u0105cy bezpieczne i przyjazne dla u\u017cytkownika u\u017cytkowanie<\/li>\n\n\n\n<li>Wytrzyma\u0142y n\u00f3\u017c ze stali zbrojeniowej do elastycznego zastosowania (ostrza mog\u0105 by\u0107 u\u017cywane z kilku stron)<\/li>\n\n\n\n<li>Ci\u0119cie bez iskier<\/li>\n\n\n\n<li>Ci\u0119cia na jednym \u0142adowaniu akumulatora:\n<ul class=\"wp-block-list\">\n<li>\u00d816 mm: ok. 159 ci\u0119\u0107<\/li>\n\n\n\n<li>\u00d812 mm: ok. 321 ci\u0119\u0107<\/li>\n<\/ul>\n<\/li>\n<\/ul>\n","protected":false},"excerpt":{"rendered":"<p>Popraw swoje wra\u017cenia z ci\u0119cia dzi\u0119ki bezproblemowej precyzji g\u0142adkiej i ergonomicznej konstrukcji.<\/p>\n<p><strong>Podana cena dotyczy pe\u0142nego zestawu (maszyna + etui + 2x akumulator + \u0142adowarka)<\/strong><\/p>\n","protected":false},"featured_media":18910,"template":"","meta":{"_acf_changed":false},"product_brand":[1163],"product_cat":[369],"product_tag":[],"class_list":{"0":"post-16753","1":"product","2":"type-product","3":"status-publish","4":"has-post-thumbnail","6":"product_brand-tjep-pl","7":"product_cat-maszyny-reczne","9":"first","10":"instock","11":"taxable","12":"shipping-taxable","13":"purchasable","14":"product-type-simple"},"acf":[],"_links":{"self":[{"href":"https:\/\/mdbouwmachines.be\/pl\/wp-json\/wp\/v2\/product\/16753","targetHints":{"allow":["GET"]}}],"collection":[{"href":"https:\/\/mdbouwmachines.be\/pl\/wp-json\/wp\/v2\/product"}],"about":[{"href":"https:\/\/mdbouwmachines.be\/pl\/wp-json\/wp\/v2\/types\/product"}],"wp:featuredmedia":[{"embeddable":true,"href":"https:\/\/mdbouwmachines.be\/pl\/wp-json\/wp\/v2\/media\/18910"}],"wp:attachment":[{"href":"https:\/\/mdbouwmachines.be\/pl\/wp-json\/wp\/v2\/media?parent=16753"}],"wp:term":[{"taxonomy":"product_brand","embeddable":true,"href":"https:\/\/mdbouwmachines.be\/pl\/wp-json\/wp\/v2\/product_brand?post=16753"},{"taxonomy":"product_cat","embeddable":true,"href":"https:\/\/mdbouwmachines.be\/pl\/wp-json\/wp\/v2\/product_cat?post=16753"},{"taxonomy":"product_tag","embeddable":true,"href":"https:\/\/mdbouwmachines.be\/pl\/wp-json\/wp\/v2\/product_tag?post=16753"}],"curies":[{"name":"wp","href":"https:\/\/api.w.org\/{rel}","templated":true}]}}