{"id":16744,"date":"2025-03-03T13:37:40","date_gmt":"2025-03-03T12:37:40","guid":{"rendered":"https:\/\/mdbouwmachines.be\/product\/lissmach-dts-1000\/"},"modified":"2025-03-07T15:05:30","modified_gmt":"2025-03-07T14:05:30","slug":"lissmach-dts-1000","status":"publish","type":"product","link":"https:\/\/mdbouwmachines.be\/pl\/produkt\/lissmach-dts-1000\/","title":{"rendered":"Lissmach DTS 1000"},"content":{"rendered":"\n<hr class=\"wp-block-separator has-alpha-channel-opacity is-style-dots\" \/>\n\n<p>Najnowocze\u015bniejsza technologia i konstrukcja zorientowana na u\u017cytkownika sprawiaj\u0105, \u017ce DTS 1000 jest uniwersaln\u0105 pilark\u0105 do codziennego, wymagaj\u0105cego u\u017cytkowania. Konstrukcja niewymagaj\u0105ca konserwacji gwarantuje niezawodno\u015b\u0107 dzia\u0142ania. Pi\u0142a sto\u0142owa tnie na g\u0142\u0119boko\u015b\u0107 do 420 mm za pomoc\u0105 brzeszczot\u00f3w o szeroko\u015bci 1000 mm (standardowa tarcza 920 mm do g\u0142\u0119boko\u015bci 370 mm). Maksymalna d\u0142ugo\u015b\u0107 ci\u0119cia wynosi 660 mm. Mocny silnik o mocy 7,5 kW 400 V zapewnia wysok\u0105 wydajno\u015b\u0107 ci\u0119cia przy optymalnej pr\u0119dko\u015bci roboczej do 910 obr.\/min. Zamiast podatnego na zu\u017cycie paska klinowego, pi\u0142a do kamienia wsp\u00f3\u0142pracuje z nap\u0119dem \u0142a\u0144cuchowym w ca\u0142kowicie zamkni\u0119tej i niewymagaj\u0105cej konserwacji skrzyni bieg\u00f3w. Posuw ostrza odbywa si\u0119 r\u0119cznie (DTS 1000 H) lub za pomoc\u0105 korby (DTS 1000 V).      <\/p>\n\n<hr class=\"wp-block-separator has-alpha-channel-opacity\" \/>\n\n<!--more documentatie-->\n\n<div class=\"wp-block-columns is-layout-flex wp-container-core-columns-is-layout-28f84493 wp-block-columns-is-layout-flex\">\n<div class=\"wp-block-column is-layout-flow wp-block-column-is-layout-flow\" style=\"flex-basis:25%\">\n<h2 class=\"wp-block-heading\">Arkusz danych technicznych<\/h2>\n<\/div>\n\n\n\n<div class=\"wp-block-column is-layout-flow wp-block-column-is-layout-flow\" style=\"flex-basis:50%\">\n<div class=\"wp-block-file\"><a href=\"https:\/\/mdbouwmachines.be\/wp-content\/uploads\/2025\/03\/LissmacDTS1000_Technische-Fiche.pdf\" class=\"wp-block-file__button wp-element-button\" download=\"\">Pobiera\u0107<\/a><\/div>\n<\/div>\n\n\n\n<div class=\"wp-block-column is-layout-flow wp-block-column-is-layout-flow\" style=\"flex-basis:25%\"><\/div>\n<\/div>\n\n<hr class=\"wp-block-separator has-alpha-channel-opacity is-style-dots\" \/>\n","protected":false},"excerpt":{"rendered":"<p>Wytrzyma\u0142e rozwi\u0105zanie XL do wymagaj\u0105cych zastosowa\u0144 profesjonalnych. To wszechstronne urz\u0105dzenie jest dost\u0119pne na ka\u017cdym placu budowy i przekonuje najnowsz\u0105 technologi\u0105 oraz konstrukcj\u0105 zorientowan\u0105 na u\u017cytkownika. <\/p>\n<p><strong>Jeste\u015b zainteresowany prezentacj\u0105? Zapraszamy do kontaktu telefonicznego i um\u00f3wienia si\u0119 na spotkanie w naszym salonie! <\/strong><\/p>\n","protected":false},"featured_media":16734,"template":"","meta":{"_acf_changed":false},"product_brand":[1155],"product_cat":[844],"product_tag":[],"class_list":{"0":"post-16744","1":"product","2":"type-product","3":"status-publish","4":"has-post-thumbnail","6":"product_brand-lissmac-pl","7":"product_cat-pily-stolowe","9":"first","10":"instock","11":"taxable","12":"shipping-taxable","13":"purchasable","14":"product-type-simple"},"acf":[],"_links":{"self":[{"href":"https:\/\/mdbouwmachines.be\/pl\/wp-json\/wp\/v2\/product\/16744","targetHints":{"allow":["GET"]}}],"collection":[{"href":"https:\/\/mdbouwmachines.be\/pl\/wp-json\/wp\/v2\/product"}],"about":[{"href":"https:\/\/mdbouwmachines.be\/pl\/wp-json\/wp\/v2\/types\/product"}],"wp:featuredmedia":[{"embeddable":true,"href":"https:\/\/mdbouwmachines.be\/pl\/wp-json\/wp\/v2\/media\/16734"}],"wp:attachment":[{"href":"https:\/\/mdbouwmachines.be\/pl\/wp-json\/wp\/v2\/media?parent=16744"}],"wp:term":[{"taxonomy":"product_brand","embeddable":true,"href":"https:\/\/mdbouwmachines.be\/pl\/wp-json\/wp\/v2\/product_brand?post=16744"},{"taxonomy":"product_cat","embeddable":true,"href":"https:\/\/mdbouwmachines.be\/pl\/wp-json\/wp\/v2\/product_cat?post=16744"},{"taxonomy":"product_tag","embeddable":true,"href":"https:\/\/mdbouwmachines.be\/pl\/wp-json\/wp\/v2\/product_tag?post=16744"}],"curies":[{"name":"wp","href":"https:\/\/api.w.org\/{rel}","templated":true}]}}