{"id":16718,"date":"2025-03-03T13:17:50","date_gmt":"2025-03-03T12:17:50","guid":{"rendered":"https:\/\/mdbouwmachines.be\/product\/lissmac-dts-700\/"},"modified":"2025-03-07T15:05:29","modified_gmt":"2025-03-07T14:05:29","slug":"lissmac-dts-700","status":"publish","type":"product","link":"https:\/\/mdbouwmachines.be\/pl\/produkt\/lissmac-dts-700\/","title":{"rendered":"Lissmac DTS 700"},"content":{"rendered":"\n<hr class=\"wp-block-separator has-alpha-channel-opacity is-style-dots\" \/>\n\n<p>Najnowocze\u015bniejsza technologia i konstrukcja zorientowana na u\u017cytkownika sprawiaj\u0105, \u017ce przecinarka diamentowa DTS 700 jest uniwersaln\u0105 pi\u0142\u0105 do wymagaj\u0105cych zastosowa\u0144. Konstrukcja niewymagaj\u0105ca konserwacji gwarantuje niezawodno\u015b\u0107 dzia\u0142ania i pomaga maszynie zachowa\u0107 swoj\u0105 warto\u015b\u0107. Ta pilarka sto\u0142owa wykorzystuje brzeszczoty o \u015brednicy 700 mm i tnie na g\u0142\u0119boko\u015b\u0107 do 270 mm. Maksymalna d\u0142ugo\u015b\u0107 ci\u0119cia wynosi 520 mm. Silnik o mocy 5,5 kW 400 V osi\u0105ga optymaln\u0105 pr\u0119dko\u015b\u0107 robocz\u0105 1 400 obr.\/min. Dzi\u0119ki nap\u0119dowi bezpo\u015bredniemu nie s\u0105 potrzebne paski klinowe, a tym samym nie dochodzi do zu\u017cycia.     <\/p>\n\n<hr class=\"wp-block-separator has-alpha-channel-opacity\" \/>\n\n<!--more documentatie-->\n\n<div class=\"wp-block-columns is-layout-flex wp-container-core-columns-is-layout-28f84493 wp-block-columns-is-layout-flex\">\n<div class=\"wp-block-column is-layout-flow wp-block-column-is-layout-flow\" style=\"flex-basis:25%\">\n<h2 class=\"wp-block-heading\">Arkusz danych technicznych<\/h2>\n<\/div>\n\n\n\n<div class=\"wp-block-column is-layout-flow wp-block-column-is-layout-flow\" style=\"flex-basis:50%\">\n<div class=\"wp-block-file\"><a href=\"https:\/\/mdbouwmachines.be\/wp-content\/uploads\/2025\/03\/LissmacDTS700_Technische-Fiche.pdf\" class=\"wp-block-file__button wp-element-button\" download=\"\">Pobiera\u0107<\/a><\/div>\n<\/div>\n\n\n\n<div class=\"wp-block-column is-layout-flow wp-block-column-is-layout-flow\" style=\"flex-basis:25%\"><\/div>\n<\/div>\n\n<hr class=\"wp-block-separator has-alpha-channel-opacity is-style-dots\" \/>\n","protected":false},"excerpt":{"rendered":"<p>Trwa\u0142e rozwi\u0105zanie do wymagaj\u0105cych zastosowa\u0144 profesjonalnych. To wszechstronne urz\u0105dzenie jest dost\u0119pne na ka\u017cdym placu budowy i przekonuje najnowsz\u0105 technologi\u0105 oraz konstrukcj\u0105 zorientowan\u0105 na u\u017cytkownika. <\/p>\n<p><strong>Jeste\u015b zainteresowany prezentacj\u0105? Zapraszamy do kontaktu telefonicznego i um\u00f3wienia si\u0119 na spotkanie w naszym salonie! <\/strong><\/p>\n","protected":false},"featured_media":16749,"template":"","meta":{"_acf_changed":false},"product_brand":[1155],"product_cat":[844],"product_tag":[],"class_list":{"0":"post-16718","1":"product","2":"type-product","3":"status-publish","4":"has-post-thumbnail","6":"product_brand-lissmac-pl","7":"product_cat-pily-stolowe","9":"first","10":"instock","11":"taxable","12":"shipping-taxable","13":"purchasable","14":"product-type-simple"},"acf":[],"_links":{"self":[{"href":"https:\/\/mdbouwmachines.be\/pl\/wp-json\/wp\/v2\/product\/16718","targetHints":{"allow":["GET"]}}],"collection":[{"href":"https:\/\/mdbouwmachines.be\/pl\/wp-json\/wp\/v2\/product"}],"about":[{"href":"https:\/\/mdbouwmachines.be\/pl\/wp-json\/wp\/v2\/types\/product"}],"wp:featuredmedia":[{"embeddable":true,"href":"https:\/\/mdbouwmachines.be\/pl\/wp-json\/wp\/v2\/media\/16749"}],"wp:attachment":[{"href":"https:\/\/mdbouwmachines.be\/pl\/wp-json\/wp\/v2\/media?parent=16718"}],"wp:term":[{"taxonomy":"product_brand","embeddable":true,"href":"https:\/\/mdbouwmachines.be\/pl\/wp-json\/wp\/v2\/product_brand?post=16718"},{"taxonomy":"product_cat","embeddable":true,"href":"https:\/\/mdbouwmachines.be\/pl\/wp-json\/wp\/v2\/product_cat?post=16718"},{"taxonomy":"product_tag","embeddable":true,"href":"https:\/\/mdbouwmachines.be\/pl\/wp-json\/wp\/v2\/product_tag?post=16718"}],"curies":[{"name":"wp","href":"https:\/\/api.w.org\/{rel}","templated":true}]}}