{"id":16674,"date":"2025-02-28T11:39:01","date_gmt":"2025-02-28T10:39:01","guid":{"rendered":"https:\/\/mdbouwmachines.be\/product\/lissmac-dts-420-pe-n\/"},"modified":"2025-03-07T15:05:29","modified_gmt":"2025-03-07T14:05:29","slug":"lissmac-dts-420-pe-n","status":"publish","type":"product","link":"https:\/\/mdbouwmachines.be\/pl\/produkt\/lissmac-dts-420-pe-n\/","title":{"rendered":"Lissmac DTS 420 PE-N"},"content":{"rendered":"\n<hr class=\"wp-block-separator has-alpha-channel-opacity is-style-dots\" \/>\n\n<p>Model DTS 420 PE-N jest przeznaczony do wydajnej obr\u00f3bki du\u017cych blok\u00f3w. Wersja PE posiada zintegrowany w\u00f3zek, kt\u00f3ry u\u0142atwia obr\u00f3bk\u0119 du\u017cych blok\u00f3w. Pi\u0142a do kamienia osi\u0105ga to w po\u0142\u0105czeniu z mini \u017curawiem LISSMAC LMK 400, unikalnym systemem do osadzania du\u017cych blok\u00f3w. Wysokiej jako\u015bci \u0142a\u0144cuch przenosi moc silnika do ca\u0142kowicie zamkni\u0119tej i niewymagaj\u0105cej konserwacji skrzyni bieg\u00f3w. Eliminuje to czasoch\u0142onny proces napinania pask\u00f3w klinowych, kt\u00f3re s\u0105 powszechnie stosowane. Silnik elektryczny o mocy 7,5 kW i napi\u0119ciu 400 V obraca brzeszczot o \u015brednicy 900 mm lub 1.000 mm, a\u017c do 910 obr.\/min. To sprawia, \u017ce ci\u0119cia do max. Mo\u017cliwa g\u0142\u0119boko\u015b\u0107 420 mm i d\u0142ugo\u015b\u0107 650 mm.      <\/p>\n\n<hr class=\"wp-block-separator has-alpha-channel-opacity\" \/>\n\n<!--more documentatie-->\n\n<div class=\"wp-block-columns is-layout-flex wp-container-core-columns-is-layout-28f84493 wp-block-columns-is-layout-flex\">\n<div class=\"wp-block-column is-layout-flow wp-block-column-is-layout-flow\" style=\"flex-basis:25%\">\n<h2 class=\"wp-block-heading\">Arkusz danych technicznych<\/h2>\n<\/div>\n\n\n\n<div class=\"wp-block-column is-layout-flow wp-block-column-is-layout-flow\" style=\"flex-basis:50%\">\n<div class=\"wp-block-file\"><a href=\"https:\/\/mdbouwmachines.be\/wp-content\/uploads\/2025\/03\/LissmacDTS420PE-N_Technische-Fiche.pdf\" class=\"wp-block-file__button wp-element-button\" download=\"\">Pobiera\u0107<\/a><\/div>\n<\/div>\n\n\n\n<div class=\"wp-block-column is-layout-flow wp-block-column-is-layout-flow\" style=\"flex-basis:25%\"><\/div>\n<\/div>\n\n<hr class=\"wp-block-separator has-alpha-channel-opacity is-style-dots\" \/>\n","protected":false},"excerpt":{"rendered":"<p>Stworzony do ci\u0119\u017ckiej pracy. Mistrz wydajno\u015bci w obr\u00f3bce du\u017cych blok\u00f3w i element\u00f3w konstrukcyjnych wyr\u00f3\u017cnia si\u0119 kr\u00f3tkimi czasami obr\u00f3bki i \u0142atw\u0105 obs\u0142ug\u0105. <\/p>\n<p><strong>Jeste\u015b zainteresowany prezentacj\u0105? Zapraszamy do kontaktu telefonicznego i um\u00f3wienia si\u0119 na spotkanie w naszym salonie! <\/strong><\/p>\n","protected":false},"featured_media":16709,"template":"","meta":{"_acf_changed":false},"product_brand":[1155],"product_cat":[844],"product_tag":[],"class_list":{"0":"post-16674","1":"product","2":"type-product","3":"status-publish","4":"has-post-thumbnail","6":"product_brand-lissmac-pl","7":"product_cat-pily-stolowe","9":"first","10":"instock","11":"taxable","12":"shipping-taxable","13":"purchasable","14":"product-type-simple"},"acf":[],"_links":{"self":[{"href":"https:\/\/mdbouwmachines.be\/pl\/wp-json\/wp\/v2\/product\/16674","targetHints":{"allow":["GET"]}}],"collection":[{"href":"https:\/\/mdbouwmachines.be\/pl\/wp-json\/wp\/v2\/product"}],"about":[{"href":"https:\/\/mdbouwmachines.be\/pl\/wp-json\/wp\/v2\/types\/product"}],"wp:featuredmedia":[{"embeddable":true,"href":"https:\/\/mdbouwmachines.be\/pl\/wp-json\/wp\/v2\/media\/16709"}],"wp:attachment":[{"href":"https:\/\/mdbouwmachines.be\/pl\/wp-json\/wp\/v2\/media?parent=16674"}],"wp:term":[{"taxonomy":"product_brand","embeddable":true,"href":"https:\/\/mdbouwmachines.be\/pl\/wp-json\/wp\/v2\/product_brand?post=16674"},{"taxonomy":"product_cat","embeddable":true,"href":"https:\/\/mdbouwmachines.be\/pl\/wp-json\/wp\/v2\/product_cat?post=16674"},{"taxonomy":"product_tag","embeddable":true,"href":"https:\/\/mdbouwmachines.be\/pl\/wp-json\/wp\/v2\/product_tag?post=16674"}],"curies":[{"name":"wp","href":"https:\/\/api.w.org\/{rel}","templated":true}]}}