{"id":16669,"date":"2025-02-28T11:32:08","date_gmt":"2025-02-28T10:32:08","guid":{"rendered":"https:\/\/mdbouwmachines.be\/product\/lissmac-dts-420-n\/"},"modified":"2025-03-07T15:05:29","modified_gmt":"2025-03-07T14:05:29","slug":"lissmac-dts-420-n","status":"publish","type":"product","link":"https:\/\/mdbouwmachines.be\/pl\/produkt\/lissmac-dts-420-n\/","title":{"rendered":"Lissmac DTS 420 N"},"content":{"rendered":"\n<hr class=\"wp-block-separator has-alpha-channel-opacity is-style-dots\" \/>\n\n<p>Diamentowa przecinarka DTS 420 N jest przeznaczona do wydajnej obr\u00f3bki blok\u00f3w. Przemy\u015blana konstrukcja \u0142\u0105czy w sobie wydajno\u015b\u0107, ergonomi\u0119 i bezpiecze\u0144stwo z kompaktowymi wymiarami. Szczeg\u00f3lnie praktyczna: pi\u0142a do kamienia idealnie pasuje do platformy murarskiej LISSMAC MAB 3002, dzi\u0119ki czemu mo\u017cna kontynuowa\u0107 prac\u0119 na wysoko\u015bci. Silnik elektryczny o mocy 7,5 kW i napi\u0119ciu 400 V obraca opcjonaln\u0105 tarcz\u0119 pi\u0142y o d\u0142ugo\u015bci 900 mm lub 1000 mm z optymaln\u0105 pr\u0119dko\u015bci\u0105, a\u017c do 910 obr.\/min. Mo\u017cliwe jest ci\u0119cie do 420 mm g\u0142\u0119boko\u015bci i 650 mm d\u0142ugo\u015bci.    <\/p>\n\n<hr class=\"wp-block-separator has-alpha-channel-opacity\" \/>\n\n<!--more documentatie-->\n\n<div class=\"wp-block-columns is-layout-flex wp-container-core-columns-is-layout-28f84493 wp-block-columns-is-layout-flex\">\n<div class=\"wp-block-column is-layout-flow wp-block-column-is-layout-flow\" style=\"flex-basis:25%\">\n<h2 class=\"wp-block-heading\">Arkusz danych technicznych<\/h2>\n<\/div>\n\n\n\n<div class=\"wp-block-column is-layout-flow wp-block-column-is-layout-flow\" style=\"flex-basis:50%\">\n<div class=\"wp-block-file\"><a href=\"https:\/\/mdbouwmachines.be\/wp-content\/uploads\/2025\/02\/LissmacDTS420N_Technische-Fiche.pdf\" class=\"wp-block-file__button wp-element-button\" download=\"\">Pobiera\u0107<\/a><\/div>\n<\/div>\n\n\n\n<div class=\"wp-block-column is-layout-flow wp-block-column-is-layout-flow\" style=\"flex-basis:25%\"><\/div>\n<\/div>\n\n<hr class=\"wp-block-separator has-alpha-channel-opacity is-style-dots\" \/>\n","protected":false},"excerpt":{"rendered":"<p>Du\u017ce bloki \u2013 ma\u0142e koszty. Ci\u0119cie XL na ceg\u0142ach wielkoformatowych to specjalno\u015b\u0107 modelu DTS 420 N, kt\u00f3ry jest na tyle ma\u0142y, \u017ce mie\u015bci si\u0119 na platformie murarskiej MAB 3002. <\/p>\n<p><strong>Jeste\u015b zainteresowany prezentacj\u0105? Zapraszamy do kontaktu telefonicznego i um\u00f3wienia si\u0119 na spotkanie w naszym salonie! <\/strong><\/p>\n","protected":false},"featured_media":16665,"template":"","meta":{"_acf_changed":false},"product_brand":[1155],"product_cat":[844],"product_tag":[],"class_list":{"0":"post-16669","1":"product","2":"type-product","3":"status-publish","4":"has-post-thumbnail","6":"product_brand-lissmac-pl","7":"product_cat-pily-stolowe","9":"first","10":"instock","11":"taxable","12":"shipping-taxable","13":"purchasable","14":"product-type-simple"},"acf":[],"_links":{"self":[{"href":"https:\/\/mdbouwmachines.be\/pl\/wp-json\/wp\/v2\/product\/16669","targetHints":{"allow":["GET"]}}],"collection":[{"href":"https:\/\/mdbouwmachines.be\/pl\/wp-json\/wp\/v2\/product"}],"about":[{"href":"https:\/\/mdbouwmachines.be\/pl\/wp-json\/wp\/v2\/types\/product"}],"wp:featuredmedia":[{"embeddable":true,"href":"https:\/\/mdbouwmachines.be\/pl\/wp-json\/wp\/v2\/media\/16665"}],"wp:attachment":[{"href":"https:\/\/mdbouwmachines.be\/pl\/wp-json\/wp\/v2\/media?parent=16669"}],"wp:term":[{"taxonomy":"product_brand","embeddable":true,"href":"https:\/\/mdbouwmachines.be\/pl\/wp-json\/wp\/v2\/product_brand?post=16669"},{"taxonomy":"product_cat","embeddable":true,"href":"https:\/\/mdbouwmachines.be\/pl\/wp-json\/wp\/v2\/product_cat?post=16669"},{"taxonomy":"product_tag","embeddable":true,"href":"https:\/\/mdbouwmachines.be\/pl\/wp-json\/wp\/v2\/product_tag?post=16669"}],"curies":[{"name":"wp","href":"https:\/\/api.w.org\/{rel}","templated":true}]}}