{"id":16644,"date":"2025-02-28T11:23:29","date_gmt":"2025-02-28T10:23:29","guid":{"rendered":"https:\/\/mdbouwmachines.be\/product\/lissmac-ats-450\/"},"modified":"2025-03-07T15:05:28","modified_gmt":"2025-03-07T14:05:28","slug":"lissmac-ats-450","status":"publish","type":"product","link":"https:\/\/mdbouwmachines.be\/pl\/produkt\/lissmac-ats-450\/","title":{"rendered":"Lissmac ATS 450"},"content":{"rendered":"\n<hr class=\"wp-block-separator has-alpha-channel-opacity is-style-dots\" \/>\n\n<p>Pi\u0142a do kamienia ATS 450 jest bardzo wszechstronna i wytrzyma\u0142a dzi\u0119ki inteligentnej technologii i pierwszorz\u0119dnemu wykonaniu. Dzi\u0119ki zastosowaniu aluminium, stali nierdzewnej i tworzywa sztucznego, ta pi\u0142a diamentowa jest r\u00f3wnie\u017c niezwykle lekka. Brzeszczot o d\u0142ugo\u015bci 500 mm umo\u017cliwia ci\u0119cie na g\u0142\u0119boko\u015b\u0107 do 195 mm. Pi\u0142a zosta\u0142a zaprojektowana z my\u015bl\u0105 o maksymalnej precyzji i trwa\u0142o\u015bci.   <\/p>\n\n<hr class=\"wp-block-separator has-alpha-channel-opacity\" \/>\n\n<!--more documenatie-->\n\n<div class=\"wp-block-columns is-layout-flex wp-container-core-columns-is-layout-28f84493 wp-block-columns-is-layout-flex\">\n<div class=\"wp-block-column is-layout-flow wp-block-column-is-layout-flow\" style=\"flex-basis:25%\">\n<h2 class=\"wp-block-heading\">Arkusz danych technicznych<\/h2>\n<\/div>\n\n\n\n<div class=\"wp-block-column is-layout-flow wp-block-column-is-layout-flow\" style=\"flex-basis:50%\">\n<div class=\"wp-block-file\"><a href=\"https:\/\/mdbouwmachines.be\/wp-content\/uploads\/2025\/02\/LissmacATS450_Technische-Fiche.pdf\" class=\"wp-block-file__button wp-element-button\" download=\"\">Pobiera\u0107<\/a><\/div>\n<\/div>\n\n\n\n<div class=\"wp-block-column is-layout-flow wp-block-column-is-layout-flow\" style=\"flex-basis:25%\"><\/div>\n<\/div>\n\n<hr class=\"wp-block-separator has-alpha-channel-opacity is-style-dots\" \/>\n","protected":false},"excerpt":{"rendered":"<p>Wysoka jako\u015b\u0107, niskie koszty utrzymania i \u0142atwa obs\u0142uga dla wydajnego i ci\u0105g\u0142ego u\u017cytkowania. \u0141atwa w transporcie pi\u0142a do kamienia idealnie nadaje si\u0119 do kszta\u0142towania krajobrazu, uk\u0142adania nawierzchni i budowy \u015bcie\u017cek. <\/p>\n<p><strong>Jeste\u015b zainteresowany prezentacj\u0105? Zapraszamy do kontaktu telefonicznego i um\u00f3wienia si\u0119 na spotkanie w naszym salonie! <\/strong><\/p>\n","protected":false},"featured_media":16625,"template":"","meta":{"_acf_changed":false},"product_brand":[1155],"product_cat":[844],"product_tag":[],"class_list":{"0":"post-16644","1":"product","2":"type-product","3":"status-publish","4":"has-post-thumbnail","6":"product_brand-lissmac-pl","7":"product_cat-pily-stolowe","9":"first","10":"instock","11":"taxable","12":"shipping-taxable","13":"purchasable","14":"product-type-simple"},"acf":[],"_links":{"self":[{"href":"https:\/\/mdbouwmachines.be\/pl\/wp-json\/wp\/v2\/product\/16644","targetHints":{"allow":["GET"]}}],"collection":[{"href":"https:\/\/mdbouwmachines.be\/pl\/wp-json\/wp\/v2\/product"}],"about":[{"href":"https:\/\/mdbouwmachines.be\/pl\/wp-json\/wp\/v2\/types\/product"}],"wp:featuredmedia":[{"embeddable":true,"href":"https:\/\/mdbouwmachines.be\/pl\/wp-json\/wp\/v2\/media\/16625"}],"wp:attachment":[{"href":"https:\/\/mdbouwmachines.be\/pl\/wp-json\/wp\/v2\/media?parent=16644"}],"wp:term":[{"taxonomy":"product_brand","embeddable":true,"href":"https:\/\/mdbouwmachines.be\/pl\/wp-json\/wp\/v2\/product_brand?post=16644"},{"taxonomy":"product_cat","embeddable":true,"href":"https:\/\/mdbouwmachines.be\/pl\/wp-json\/wp\/v2\/product_cat?post=16644"},{"taxonomy":"product_tag","embeddable":true,"href":"https:\/\/mdbouwmachines.be\/pl\/wp-json\/wp\/v2\/product_tag?post=16644"}],"curies":[{"name":"wp","href":"https:\/\/api.w.org\/{rel}","templated":true}]}}