{"id":16514,"date":"2025-02-28T04:48:07","date_gmt":"2025-02-28T03:48:07","guid":{"rendered":"https:\/\/mdbouwmachines.be\/product\/lissmac-dts-601\/"},"modified":"2025-03-20T13:41:53","modified_gmt":"2025-03-20T12:41:53","slug":"lissmac-dts-601","status":"publish","type":"product","link":"https:\/\/mdbouwmachines.be\/pl\/produkt\/lissmac-dts-601\/","title":{"rendered":"Lissmac DTS 601"},"content":{"rendered":"\n<hr class=\"wp-block-separator has-alpha-channel-opacity is-style-dots\" \/>\n\n<p>Niezwykle wytrzyma\u0142a pilarka sto\u0142owa DTS 601 jest przeznaczona do profesjonalnego, niezawodnego i trwa\u0142ego u\u017cytkowania na placu budowy. Dzi\u0119ki \u015brednicy tarczy pi\u0142y do 650 mm (standardowo 500 mm) pi\u0142a diamentowa osi\u0105ga maksymaln\u0105 g\u0142\u0119boko\u015b\u0107 ci\u0119cia 220 mm (standardowo 150 mm) i d\u0142ugo\u015bci ci\u0119cia do 800 mm. Wydajny silnik 400 V o mocy 3,6 kW osi\u0105ga pr\u0119dko\u015b\u0107 robocz\u0105 1400 obr.\/min, co jest idealne do optymalnej wydajno\u015bci ci\u0119cia przy obr\u00f3bce \u015bredniej wielko\u015bci cegie\u0142 i muru.  <\/p>\n\n<hr class=\"wp-block-separator has-alpha-channel-opacity\" \/>\n\n<!--more-->\n\n<div class=\"wp-block-columns is-layout-flex wp-container-core-columns-is-layout-28f84493 wp-block-columns-is-layout-flex\">\n<div class=\"wp-block-column is-layout-flow wp-block-column-is-layout-flow\" style=\"flex-basis:25%\">\n<h2 class=\"wp-block-heading\">Arkusz danych technicznych<\/h2>\n<\/div>\n\n\n\n<div class=\"wp-block-column is-layout-flow wp-block-column-is-layout-flow\" style=\"flex-basis:50%\">\n<div class=\"wp-block-file\"><a href=\"https:\/\/mdbouwmachines.be\/wp-content\/uploads\/2025\/02\/LissmacDTS601_Technische-Fiche.pdf\" class=\"wp-block-file__button wp-element-button\" download=\"\">Pobiera\u0107<\/a><\/div>\n<\/div>\n\n\n\n<div class=\"wp-block-column is-layout-flow wp-block-column-is-layout-flow\" style=\"flex-basis:25%\"><\/div>\n<\/div>\n\n<hr class=\"wp-block-separator has-alpha-channel-opacity is-style-dots\" \/>\n","protected":false},"excerpt":{"rendered":"<p>Niezawodny i trwa\u0142y, z doskona\u0142\u0105 elastyczno\u015bci\u0105 ci\u0119cia. Najbardziej ekonomiczne rozwi\u0105zanie do ci\u0119cia cegie\u0142 \u015bredniej wielko\u015bci w budownictwie, brukowaniu i budowie \u015bcie\u017cek. <\/p>\n<p><strong>Jeste\u015b zainteresowany prezentacj\u0105? Zapraszamy do kontaktu telefonicznego i um\u00f3wienia si\u0119 na spotkanie w naszym salonie! <\/strong><\/p>\n","protected":false},"featured_media":16524,"template":"","meta":{"_acf_changed":false},"product_brand":[1155],"product_cat":[844],"product_tag":[],"class_list":{"0":"post-16514","1":"product","2":"type-product","3":"status-publish","4":"has-post-thumbnail","6":"product_brand-lissmac-pl","7":"product_cat-pily-stolowe","9":"first","10":"instock","11":"taxable","12":"shipping-taxable","13":"purchasable","14":"product-type-simple"},"acf":[],"_links":{"self":[{"href":"https:\/\/mdbouwmachines.be\/pl\/wp-json\/wp\/v2\/product\/16514","targetHints":{"allow":["GET"]}}],"collection":[{"href":"https:\/\/mdbouwmachines.be\/pl\/wp-json\/wp\/v2\/product"}],"about":[{"href":"https:\/\/mdbouwmachines.be\/pl\/wp-json\/wp\/v2\/types\/product"}],"wp:featuredmedia":[{"embeddable":true,"href":"https:\/\/mdbouwmachines.be\/pl\/wp-json\/wp\/v2\/media\/16524"}],"wp:attachment":[{"href":"https:\/\/mdbouwmachines.be\/pl\/wp-json\/wp\/v2\/media?parent=16514"}],"wp:term":[{"taxonomy":"product_brand","embeddable":true,"href":"https:\/\/mdbouwmachines.be\/pl\/wp-json\/wp\/v2\/product_brand?post=16514"},{"taxonomy":"product_cat","embeddable":true,"href":"https:\/\/mdbouwmachines.be\/pl\/wp-json\/wp\/v2\/product_cat?post=16514"},{"taxonomy":"product_tag","embeddable":true,"href":"https:\/\/mdbouwmachines.be\/pl\/wp-json\/wp\/v2\/product_tag?post=16514"}],"curies":[{"name":"wp","href":"https:\/\/api.w.org\/{rel}","templated":true}]}}