{"id":16504,"date":"2025-02-28T04:32:03","date_gmt":"2025-02-28T03:32:03","guid":{"rendered":"https:\/\/mdbouwmachines.be\/product\/lissmac-dts-402\/"},"modified":"2025-03-07T15:05:27","modified_gmt":"2025-03-07T14:05:27","slug":"lissmac-dts-402","status":"publish","type":"product","link":"https:\/\/mdbouwmachines.be\/pl\/produkt\/lissmac-dts-402\/","title":{"rendered":"Lissmac DTS 402"},"content":{"rendered":"\n<hr class=\"wp-block-separator has-alpha-channel-opacity is-style-dots\" \/>\n\n<p>Uniwersalny, \u0142atwy w transporcie i wydajny DTS 402 wykonuje ci\u0119cia i ci\u0119cia pod k\u0105tem 45\u00b0. Brzeszczoty do 400 mm umo\u017cliwiaj\u0105 g\u0142\u0119boko\u015b\u0107 ci\u0119cia do 135 mm. Diamentowa pi\u0142a do ci\u0119cia przekonuje doskona\u0142\u0105 precyzj\u0105 i wysok\u0105 wydajno\u015bci\u0105 ci\u0119cia podczas obr\u00f3bki cegie\u0142, kamieni, granitu, marmuru i p\u0142yt z kamienia naturalnego. Silnik o wysokim momencie obrotowym 2,2 kW i optymalnej pr\u0119dko\u015bci roboczej 2 800 obr.\/min mo\u017ce by\u0107 zasilany z gniazdka 230 V.   <\/p>\n\n<hr class=\"wp-block-separator has-alpha-channel-opacity\" \/>\n\n<!--more documentatie-->\n\n<div class=\"wp-block-columns is-layout-flex wp-container-core-columns-is-layout-28f84493 wp-block-columns-is-layout-flex\">\n<div class=\"wp-block-column is-layout-flow wp-block-column-is-layout-flow\" style=\"flex-basis:25%\">\n<h2 class=\"wp-block-heading\">Arkusz danych technicznych<\/h2>\n<\/div>\n\n\n\n<div class=\"wp-block-column is-layout-flow wp-block-column-is-layout-flow\" style=\"flex-basis:50%\">\n<div class=\"wp-block-file\"><a href=\"https:\/\/mdbouwmachines.be\/wp-content\/uploads\/2025\/02\/LissmacDTS402_Technische-Fiche.pdf\" class=\"wp-block-file__button wp-element-button\" download=\"\">Pobiera\u0107<\/a><\/div>\n<\/div>\n\n\n\n<div class=\"wp-block-column is-layout-flow wp-block-column-is-layout-flow\" style=\"flex-basis:25%\"><\/div>\n<\/div>\n\n<hr class=\"wp-block-separator has-alpha-channel-opacity is-style-dots\" \/>\n","protected":false},"excerpt":{"rendered":"<p>Kompaktowa i \u015bwietna pi\u0142a do kamienia. To ekonomiczne, uniwersalne urz\u0105dzenie doskonale nadaje si\u0119 do wymagaj\u0105cej, ci\u0105g\u0142ej pracy i wyr\u00f3\u017cnia si\u0119 bardzo precyzyjnymi ci\u0119ciami, nawet przy ci\u0119ciach pod k\u0105tem 45\u00b0. <\/p>\n<p><strong>Jeste\u015b zainteresowany prezentacj\u0105? Zapraszamy do kontaktu telefonicznego i um\u00f3wienia si\u0119 na spotkanie w naszym salonie! <\/strong><\/p>\n","protected":false},"featured_media":16472,"template":"","meta":{"_acf_changed":false},"product_brand":[1155],"product_cat":[844],"product_tag":[],"class_list":{"0":"post-16504","1":"product","2":"type-product","3":"status-publish","4":"has-post-thumbnail","6":"product_brand-lissmac-pl","7":"product_cat-pily-stolowe","9":"first","10":"instock","11":"taxable","12":"shipping-taxable","13":"purchasable","14":"product-type-simple"},"acf":[],"_links":{"self":[{"href":"https:\/\/mdbouwmachines.be\/pl\/wp-json\/wp\/v2\/product\/16504","targetHints":{"allow":["GET"]}}],"collection":[{"href":"https:\/\/mdbouwmachines.be\/pl\/wp-json\/wp\/v2\/product"}],"about":[{"href":"https:\/\/mdbouwmachines.be\/pl\/wp-json\/wp\/v2\/types\/product"}],"wp:featuredmedia":[{"embeddable":true,"href":"https:\/\/mdbouwmachines.be\/pl\/wp-json\/wp\/v2\/media\/16472"}],"wp:attachment":[{"href":"https:\/\/mdbouwmachines.be\/pl\/wp-json\/wp\/v2\/media?parent=16504"}],"wp:term":[{"taxonomy":"product_brand","embeddable":true,"href":"https:\/\/mdbouwmachines.be\/pl\/wp-json\/wp\/v2\/product_brand?post=16504"},{"taxonomy":"product_cat","embeddable":true,"href":"https:\/\/mdbouwmachines.be\/pl\/wp-json\/wp\/v2\/product_cat?post=16504"},{"taxonomy":"product_tag","embeddable":true,"href":"https:\/\/mdbouwmachines.be\/pl\/wp-json\/wp\/v2\/product_tag?post=16504"}],"curies":[{"name":"wp","href":"https:\/\/api.w.org\/{rel}","templated":true}]}}