{"id":16079,"date":"2025-02-27T13:36:15","date_gmt":"2025-02-27T12:36:15","guid":{"rendered":"https:\/\/mdbouwmachines.be\/product\/lissmac-multicut-400-d\/"},"modified":"2025-03-07T15:05:21","modified_gmt":"2025-03-07T14:05:21","slug":"lissmac-multicut-400-d","status":"publish","type":"product","link":"https:\/\/mdbouwmachines.be\/pl\/produkt\/lissmac-multicut-400-d\/","title":{"rendered":"Lissmac Multicut 400 D"},"content":{"rendered":"\n<p>Przecinarka jezdna MULTICUT 400 D z silnikiem wysokopr\u0119\u017cnym z technologi\u0105 no\u017cycow\u0105 przeznaczona jest do wymagaj\u0105cych warunk\u00f3w budowlanych, gdzie moc i kompaktowa konstrukcja robi\u0105 wra\u017cenie. 3-cylindrowy silnik wysokopr\u0119\u017cny Perkins rozwija moc 18,4 kW \/ 25 KM i spe\u0142nia norm\u0119 emisji spalin Euro Stage V. Nap\u0119dza brzeszczoty o \u015brednicy do 1000 mm. W ten spos\u00f3b mo\u017cna uzyska\u0107 po\u0142\u0105czenia o g\u0142\u0119boko\u015bci skrawania do 415 mm.   <\/p>\n\n<div class=\"wp-block-file\"><a>Arkusz danych technicznych<\/a><a href=\"https:\/\/mdbouwmachines.be\/wp-content\/uploads\/2025\/02\/Lissmac400D_pdf.pdf\" class=\"wp-block-file__button wp-element-button\" download=\"\">Pobiera\u0107<\/a><\/div>\n","protected":false},"excerpt":{"rendered":"<p>Kompaktowa, wydajna i \u0142atwa w obs\u0142udze \u2013 ta wytrzyma\u0142a przecinarka jezdna z silnikiem wysokopr\u0119\u017cnym zosta\u0142a zaprojektowana do szybkiego i niezawodnego wykonywania wymagaj\u0105cych zada\u0144, przy g\u0142\u0119boko\u015bci ci\u0119cia do maksimum. Wymagane jest 415 mm.<\/p>\n","protected":false},"featured_media":16063,"template":"","meta":{"_acf_changed":false},"product_brand":[1155],"product_cat":[332],"product_tag":[],"class_list":{"0":"post-16079","1":"product","2":"type-product","3":"status-publish","4":"has-post-thumbnail","6":"product_brand-lissmac-pl","7":"product_cat-pily-podlogowe","9":"first","10":"instock","11":"taxable","12":"shipping-taxable","13":"purchasable","14":"product-type-simple"},"acf":[],"_links":{"self":[{"href":"https:\/\/mdbouwmachines.be\/pl\/wp-json\/wp\/v2\/product\/16079","targetHints":{"allow":["GET"]}}],"collection":[{"href":"https:\/\/mdbouwmachines.be\/pl\/wp-json\/wp\/v2\/product"}],"about":[{"href":"https:\/\/mdbouwmachines.be\/pl\/wp-json\/wp\/v2\/types\/product"}],"wp:featuredmedia":[{"embeddable":true,"href":"https:\/\/mdbouwmachines.be\/pl\/wp-json\/wp\/v2\/media\/16063"}],"wp:attachment":[{"href":"https:\/\/mdbouwmachines.be\/pl\/wp-json\/wp\/v2\/media?parent=16079"}],"wp:term":[{"taxonomy":"product_brand","embeddable":true,"href":"https:\/\/mdbouwmachines.be\/pl\/wp-json\/wp\/v2\/product_brand?post=16079"},{"taxonomy":"product_cat","embeddable":true,"href":"https:\/\/mdbouwmachines.be\/pl\/wp-json\/wp\/v2\/product_cat?post=16079"},{"taxonomy":"product_tag","embeddable":true,"href":"https:\/\/mdbouwmachines.be\/pl\/wp-json\/wp\/v2\/product_tag?post=16079"}],"curies":[{"name":"wp","href":"https:\/\/api.w.org\/{rel}","templated":true}]}}