{"id":16049,"date":"2025-02-27T13:33:41","date_gmt":"2025-02-27T12:33:41","guid":{"rendered":"https:\/\/mdbouwmachines.be\/product\/silnik-wiertarki-dme22su\/"},"modified":"2025-03-07T15:05:21","modified_gmt":"2025-03-07T14:05:21","slug":"silnik-wiertarki-dme22su","status":"publish","type":"product","link":"https:\/\/mdbouwmachines.be\/pl\/produkt\/silnik-wiertarki-dme22su\/","title":{"rendered":"Silnik wiertarki DME22SU"},"content":{"rendered":"\n<p>Silnik wiertniczy DME22SU idealnie nadaje si\u0119 do prac elektrycznych i instalacyjnych. Maszyna posiada trzy biegi i zmienne ustawienie pr\u0119dko\u015bci z funkcj\u0105 Soft Start. Zintegrowane zabezpieczenie przed przeci\u0105\u017ceniem i wy\u0142\u0105cznik ochronny PRCD gwarantuj\u0105 bezpieczn\u0105 prac\u0119. Wiercenie na sucho jest r\u00f3wnie\u017c mo\u017cliwe za pomoc\u0105 do\u0142\u0105czonego adaptera M16.   <\/p>\n\n<div class=\"wp-block-file\"><a id=\"wp-block-file--media-60efbb7d-abb6-48dc-ab56-9696e0235c86\" href=\"https:\/\/mdbouwmachines.be\/wp-content\/uploads\/2025\/02\/dme22.pdf\">Arkusz danych technicznych<\/a><a href=\"https:\/\/mdbouwmachines.be\/wp-content\/uploads\/2025\/02\/dme22.pdf\" class=\"wp-block-file__button wp-element-button\" download=\"\" aria-describedby=\"wp-block-file--media-60efbb7d-abb6-48dc-ab56-9696e0235c86\">Pobiera\u0107<\/a><\/div>\n","protected":false},"excerpt":{"rendered":"<p>Wiercenie do \u00d8 180 mm<br \/>Trzy biegi dla optymalnych obrot\u00f3w.<br \/>Wiercenie na sucho jest mo\u017cliwe za pomoc\u0105 do\u0142\u0105czonego adaptera M16.<br \/>Zapakowany w praktyczn\u0105 walizk\u0119 transportow\u0105.<\/p>\n","protected":false},"featured_media":16046,"template":"","meta":{"_acf_changed":false},"product_brand":[1154],"product_cat":[887],"product_tag":[],"class_list":{"0":"post-16049","1":"product","2":"type-product","3":"status-publish","4":"has-post-thumbnail","6":"product_brand-tyrolit-pl","7":"product_cat-wiercenie-rdzeniowe","9":"first","10":"instock","11":"taxable","12":"shipping-taxable","13":"purchasable","14":"product-type-simple"},"acf":[],"_links":{"self":[{"href":"https:\/\/mdbouwmachines.be\/pl\/wp-json\/wp\/v2\/product\/16049","targetHints":{"allow":["GET"]}}],"collection":[{"href":"https:\/\/mdbouwmachines.be\/pl\/wp-json\/wp\/v2\/product"}],"about":[{"href":"https:\/\/mdbouwmachines.be\/pl\/wp-json\/wp\/v2\/types\/product"}],"wp:featuredmedia":[{"embeddable":true,"href":"https:\/\/mdbouwmachines.be\/pl\/wp-json\/wp\/v2\/media\/16046"}],"wp:attachment":[{"href":"https:\/\/mdbouwmachines.be\/pl\/wp-json\/wp\/v2\/media?parent=16049"}],"wp:term":[{"taxonomy":"product_brand","embeddable":true,"href":"https:\/\/mdbouwmachines.be\/pl\/wp-json\/wp\/v2\/product_brand?post=16049"},{"taxonomy":"product_cat","embeddable":true,"href":"https:\/\/mdbouwmachines.be\/pl\/wp-json\/wp\/v2\/product_cat?post=16049"},{"taxonomy":"product_tag","embeddable":true,"href":"https:\/\/mdbouwmachines.be\/pl\/wp-json\/wp\/v2\/product_tag?post=16049"}],"curies":[{"name":"wp","href":"https:\/\/api.w.org\/{rel}","templated":true}]}}