{"id":16035,"date":"2025-02-27T13:27:14","date_gmt":"2025-02-27T12:27:14","guid":{"rendered":"https:\/\/mdbouwmachines.be\/product\/lissmac-multicut-605\/"},"modified":"2025-03-07T15:05:20","modified_gmt":"2025-03-07T14:05:20","slug":"lissmac-multicut-605","status":"publish","type":"product","link":"https:\/\/mdbouwmachines.be\/pl\/produkt\/lissmac-multicut-605\/","title":{"rendered":"Lissmac Multicut 605"},"content":{"rendered":"\n<p>Przecinarka jezdna MULTICUT 605 z silnikiem wysokopr\u0119\u017cnym z technologi\u0105 no\u017cycow\u0105 przekonuje doskona\u0142ym stosunkiem ceny do jako\u015bci, solidn\u0105 technologi\u0105 i \u0142atw\u0105 obs\u0142ug\u0105. Posiada skrzyni\u0119 bieg\u00f3w o pr\u0119dko\u015bciach 950, 1620 i 2450 obr.\/min, obr\u00f3t w lewo\/prawo i po\u0142o\u017cenie neutralne. Dzi\u0119ki temu moc 4-cylindrowego silnika Hatz o mocy 55 kW \/ 74,8 KM jest bardzo efektywnie przenoszona na brzeszczoty o wielko\u015bci do 1200 mm. Maksymalna g\u0142\u0119boko\u015b\u0107 ci\u0119cia wynosi 515 mm.   <\/p>\n\n<div class=\"wp-block-file\"><a id=\"wp-block-file--media-e256f7cd-798a-4e8d-b433-6b378d76f14e\" href=\"https:\/\/mdbouwmachines.be\/wp-content\/uploads\/2025\/02\/Lissmac-Multicut-605.pdf\">Arkusz danych technicznych<\/a><a href=\"https:\/\/mdbouwmachines.be\/wp-content\/uploads\/2025\/02\/Lissmac-Multicut-605.pdf\" class=\"wp-block-file__button wp-element-button\" download=\"\" aria-describedby=\"wp-block-file--media-e256f7cd-798a-4e8d-b433-6b378d76f14e\">Pobiera\u0107<\/a><\/div>\n","protected":false},"excerpt":{"rendered":"<p>Mistrz ceny i jako\u015bci, kt\u00f3ry zdobywa punkty ka\u017cdego dnia na treningach. Wysoka wydajno\u015b\u0107 ci\u0119cia, ergonomiczna obs\u0142uga i solidna konstrukcja przekonuj\u0105 w d\u0142u\u017cszej perspektywie. <\/p>\n","protected":false},"featured_media":18906,"template":"","meta":{"_acf_changed":false},"product_brand":[1155],"product_cat":[332],"product_tag":[],"class_list":{"0":"post-16035","1":"product","2":"type-product","3":"status-publish","4":"has-post-thumbnail","6":"product_brand-lissmac-pl","7":"product_cat-pily-podlogowe","9":"first","10":"instock","11":"taxable","12":"shipping-taxable","13":"purchasable","14":"product-type-simple"},"acf":[],"_links":{"self":[{"href":"https:\/\/mdbouwmachines.be\/pl\/wp-json\/wp\/v2\/product\/16035","targetHints":{"allow":["GET"]}}],"collection":[{"href":"https:\/\/mdbouwmachines.be\/pl\/wp-json\/wp\/v2\/product"}],"about":[{"href":"https:\/\/mdbouwmachines.be\/pl\/wp-json\/wp\/v2\/types\/product"}],"wp:featuredmedia":[{"embeddable":true,"href":"https:\/\/mdbouwmachines.be\/pl\/wp-json\/wp\/v2\/media\/18906"}],"wp:attachment":[{"href":"https:\/\/mdbouwmachines.be\/pl\/wp-json\/wp\/v2\/media?parent=16035"}],"wp:term":[{"taxonomy":"product_brand","embeddable":true,"href":"https:\/\/mdbouwmachines.be\/pl\/wp-json\/wp\/v2\/product_brand?post=16035"},{"taxonomy":"product_cat","embeddable":true,"href":"https:\/\/mdbouwmachines.be\/pl\/wp-json\/wp\/v2\/product_cat?post=16035"},{"taxonomy":"product_tag","embeddable":true,"href":"https:\/\/mdbouwmachines.be\/pl\/wp-json\/wp\/v2\/product_tag?post=16035"}],"curies":[{"name":"wp","href":"https:\/\/api.w.org\/{rel}","templated":true}]}}