{"id":15949,"date":"2025-02-27T11:09:45","date_gmt":"2025-02-27T10:09:45","guid":{"rendered":"https:\/\/mdbouwmachines.be\/product\/silnik-wiertarki-dme19dp\/"},"modified":"2025-03-20T13:41:58","modified_gmt":"2025-03-20T12:41:58","slug":"silnik-wiertarki-dme19dp","status":"publish","type":"product","link":"https:\/\/mdbouwmachines.be\/pl\/produkt\/silnik-wiertarki-dme19dp\/","title":{"rendered":"Silnik wiertarki DME19DP"},"content":{"rendered":"\n<p>DME19DP w po\u0142\u0105czeniu z suchym rdzeniem wiertniczym TGD\u00ae w technologii TYROLIT stanowi rozwi\u0105zanie do wiercenia na sucho w zbrojonym. Praktyczny wska\u017anik punktu \u015brodkowego zapewnia precyzyjne prowadzenie wiert\u0142a i d\u0142u\u017csz\u0105 \u017cywotno\u015b\u0107 narz\u0119dzia diamentowego. Funkcja w\u0142\u0105czania\/wy\u0142\u0105czania wiercenia udarowego przyspiesza proces pracy, szczeg\u00f3lnie w przypadku twardych materia\u0142\u00f3w. \u0141agodny start i wy\u015bwietlacz LED wspieraj\u0105 u\u017cytkownika w doborze optymalnej pr\u0119dko\u015bci wiercenia.   <\/p>\n\n<div class=\"wp-block-file\"><a id=\"wp-block-file--media-1af915ca-dc8a-4192-b89a-b168bd664e63\" href=\"https:\/\/mdbouwmachines.be\/wp-content\/uploads\/2025\/02\/dmep19.pdf\">Arkusz danych technicznych<\/a><a href=\"https:\/\/mdbouwmachines.be\/wp-content\/uploads\/2025\/02\/dmep19.pdf\" class=\"wp-block-file__button wp-element-button\" download=\"\" aria-describedby=\"wp-block-file--media-1af915ca-dc8a-4192-b89a-b168bd664e63\">Pobiera\u0107<\/a><\/div>\n","protected":false},"excerpt":{"rendered":"<p>Wiercenie do \u00d8 162 mm<br \/>Rozwi\u0105zanie systemowe do wiercenia na sucho w \u017celbecie.<br \/>Funkcja w\u0142\u0105cz\/wy\u0142\u0105cz wiercenie udarowe przyspiesza proces pracy.<br \/>Elektronika do \u0142agodnego rozruchu i wy\u015bwietlacz LED dla optymalnej mocy wiercenia.<\/p>\n","protected":false},"featured_media":15948,"template":"","meta":{"_acf_changed":false},"product_brand":[1154],"product_cat":[887],"product_tag":[],"class_list":{"0":"post-15949","1":"product","2":"type-product","3":"status-publish","4":"has-post-thumbnail","6":"product_brand-tyrolit-pl","7":"product_cat-wiercenie-rdzeniowe","9":"first","10":"instock","11":"taxable","12":"shipping-taxable","13":"purchasable","14":"product-type-simple"},"acf":[],"_links":{"self":[{"href":"https:\/\/mdbouwmachines.be\/pl\/wp-json\/wp\/v2\/product\/15949","targetHints":{"allow":["GET"]}}],"collection":[{"href":"https:\/\/mdbouwmachines.be\/pl\/wp-json\/wp\/v2\/product"}],"about":[{"href":"https:\/\/mdbouwmachines.be\/pl\/wp-json\/wp\/v2\/types\/product"}],"wp:featuredmedia":[{"embeddable":true,"href":"https:\/\/mdbouwmachines.be\/pl\/wp-json\/wp\/v2\/media\/15948"}],"wp:attachment":[{"href":"https:\/\/mdbouwmachines.be\/pl\/wp-json\/wp\/v2\/media?parent=15949"}],"wp:term":[{"taxonomy":"product_brand","embeddable":true,"href":"https:\/\/mdbouwmachines.be\/pl\/wp-json\/wp\/v2\/product_brand?post=15949"},{"taxonomy":"product_cat","embeddable":true,"href":"https:\/\/mdbouwmachines.be\/pl\/wp-json\/wp\/v2\/product_cat?post=15949"},{"taxonomy":"product_tag","embeddable":true,"href":"https:\/\/mdbouwmachines.be\/pl\/wp-json\/wp\/v2\/product_tag?post=15949"}],"curies":[{"name":"wp","href":"https:\/\/api.w.org\/{rel}","templated":true}]}}