{"id":15939,"date":"2025-02-27T09:56:12","date_gmt":"2025-02-27T08:56:12","guid":{"rendered":"https:\/\/mdbouwmachines.be\/product\/przednia-tarcza-robocza-94cm-bt\/"},"modified":"2025-02-27T09:56:12","modified_gmt":"2025-02-27T08:56:12","slug":"przednia-tarcza-robocza-94cm-bt","status":"publish","type":"product","link":"https:\/\/mdbouwmachines.be\/pl\/produkt\/przednia-tarcza-robocza-94cm-bt\/","title":{"rendered":"Przednia tarcza robocza 94cm \u2013 BT"},"content":{"rendered":"","protected":false},"excerpt":{"rendered":"<p><strong>W\u0142asne, autorskie tarcze do obr\u00f3bki wst\u0119pnej o \u015brednicy 90 cm.<\/strong><br \/>S\u0105 one wyposa\u017cone w kraw\u0119d\u017a nachylon\u0105 <strong>pod k\u0105tem 45\u00b0<\/strong> , aby zapobiec gromadzeniu si\u0119 betonu.<br \/><strong>Dost\u0119pny <\/strong>w 8 ustach<br \/><strong>Grubo\u015b\u0107 4 mm<\/strong> zapewnia wi\u0119ksz\u0105 wag\u0119, co skutkuje g\u0142adszymi, bardziej p\u0142askimi pod\u0142ogami. Sprawia to r\u00f3wnie\u017c, \u017ce p\u00f3\u0142ki wytrzymuj\u0105 d\u0142u\u017cej. <strong>Wy\u017csza wydajno\u015b\u0107 i lepszy efekt ko\u0144cowy!<\/strong><br \/>Nadaje si\u0119 do <strong>podw\u00f3jnych maszyn polerskich o \u015brednicy 90<\/strong> BT. <\/p>\n","protected":false},"featured_media":13094,"template":"","meta":{"_acf_changed":false},"product_brand":[1131],"product_cat":[535],"product_tag":[],"class_list":{"0":"post-15939","1":"product","2":"type-product","3":"status-publish","4":"has-post-thumbnail","6":"product_brand-md-bouwmachines-pl","7":"product_cat-plaskowyze-i-noze","9":"first","10":"instock","11":"taxable","12":"shipping-taxable","13":"purchasable","14":"product-type-variable","15":"has-default-attributes"},"acf":[],"_links":{"self":[{"href":"https:\/\/mdbouwmachines.be\/pl\/wp-json\/wp\/v2\/product\/15939","targetHints":{"allow":["GET"]}}],"collection":[{"href":"https:\/\/mdbouwmachines.be\/pl\/wp-json\/wp\/v2\/product"}],"about":[{"href":"https:\/\/mdbouwmachines.be\/pl\/wp-json\/wp\/v2\/types\/product"}],"wp:featuredmedia":[{"embeddable":true,"href":"https:\/\/mdbouwmachines.be\/pl\/wp-json\/wp\/v2\/media\/13094"}],"wp:attachment":[{"href":"https:\/\/mdbouwmachines.be\/pl\/wp-json\/wp\/v2\/media?parent=15939"}],"wp:term":[{"taxonomy":"product_brand","embeddable":true,"href":"https:\/\/mdbouwmachines.be\/pl\/wp-json\/wp\/v2\/product_brand?post=15939"},{"taxonomy":"product_cat","embeddable":true,"href":"https:\/\/mdbouwmachines.be\/pl\/wp-json\/wp\/v2\/product_cat?post=15939"},{"taxonomy":"product_tag","embeddable":true,"href":"https:\/\/mdbouwmachines.be\/pl\/wp-json\/wp\/v2\/product_tag?post=15939"}],"curies":[{"name":"wp","href":"https:\/\/api.w.org\/{rel}","templated":true}]}}