{"id":15895,"date":"2025-02-27T09:41:29","date_gmt":"2025-02-27T08:41:29","guid":{"rendered":"https:\/\/mdbouwmachines.be\/product\/kwarc-pavilux\/"},"modified":"2025-02-27T09:41:29","modified_gmt":"2025-02-27T08:41:29","slug":"kwarc-pavilux","status":"publish","type":"product","link":"https:\/\/mdbouwmachines.be\/pl\/produkt\/kwarc-pavilux\/","title":{"rendered":"Kwarc Pavilux"},"content":{"rendered":"","protected":false},"excerpt":{"rendered":"<p>Kwarc o bardzo drobnych ziarnach, kt\u00f3re bardzo \u0142atwo wi\u0105\u017c\u0105 si\u0119 z. Zapewnia to r\u00f3wnomierny widok optyczny pod\u0142ogi, a tak\u017ce utwardzenie wierzchniej warstwy. Bardziej odporny na spadaj\u0105ce przedmioty. Dost\u0119pny w 3 r\u00f3\u017cnych kolorach.   <\/p>\n","protected":false},"featured_media":17232,"template":"","meta":{"_acf_changed":false},"product_brand":[1131],"product_cat":[525],"product_tag":[],"class_list":{"0":"post-15895","1":"product","2":"type-product","3":"status-publish","4":"has-post-thumbnail","6":"product_brand-md-bouwmachines-pl","7":"product_cat-materialy-eksploatacyjne","9":"first","10":"instock","11":"taxable","12":"shipping-taxable","13":"purchasable","14":"product-type-variable","15":"has-default-attributes"},"acf":[],"_links":{"self":[{"href":"https:\/\/mdbouwmachines.be\/pl\/wp-json\/wp\/v2\/product\/15895","targetHints":{"allow":["GET"]}}],"collection":[{"href":"https:\/\/mdbouwmachines.be\/pl\/wp-json\/wp\/v2\/product"}],"about":[{"href":"https:\/\/mdbouwmachines.be\/pl\/wp-json\/wp\/v2\/types\/product"}],"wp:featuredmedia":[{"embeddable":true,"href":"https:\/\/mdbouwmachines.be\/pl\/wp-json\/wp\/v2\/media\/17232"}],"wp:attachment":[{"href":"https:\/\/mdbouwmachines.be\/pl\/wp-json\/wp\/v2\/media?parent=15895"}],"wp:term":[{"taxonomy":"product_brand","embeddable":true,"href":"https:\/\/mdbouwmachines.be\/pl\/wp-json\/wp\/v2\/product_brand?post=15895"},{"taxonomy":"product_cat","embeddable":true,"href":"https:\/\/mdbouwmachines.be\/pl\/wp-json\/wp\/v2\/product_cat?post=15895"},{"taxonomy":"product_tag","embeddable":true,"href":"https:\/\/mdbouwmachines.be\/pl\/wp-json\/wp\/v2\/product_tag?post=15895"}],"curies":[{"name":"wp","href":"https:\/\/api.w.org\/{rel}","templated":true}]}}